{"id":1030,"date":"2022-10-20T15:13:27","date_gmt":"2022-10-20T13:13:27","guid":{"rendered":"https:\/\/www.rentplanet.pl\/faq\/"},"modified":"2023-01-04T10:38:25","modified_gmt":"2023-01-04T09:38:25","slug":"faq","status":"publish","type":"page","link":"https:\/\/www.rentplanet.pl\/en\/faq\/","title":{"rendered":"FAQ"},"content":{"rendered":"<section style=\"background-color:\" class=\"baner relative\">\n\t<img decoding=\"async\" src=\"https:\/\/www.rentplanet.pl\/wp-content\/uploads\/2022\/10\/faq.jpg\" alt=\"\"\/>\n\t\t<div class=\"Container absolute top-1\/2 left-1\/2 transform -translate-x-1\/2 -translate-y-1\/2\">\n\t\t<p style=\"text-align: center;\"><span style=\"color: #e6e6e6;\"><strong><span class=\"section__headline\">FAQ<\/span><\/strong><\/span><\/p>\n<h1 style=\"text-align: center;\"><span style=\"color: #ffffff;\">Questions and answers<\/span><\/h1>\n\n\t\t\t<\/div>\n\t\t\t<div class=\"banner__faq absolute -bottom-4 left-1\/2 transform -translate-x-1\/2\">\n\t\t\t<div class=\"Button__outisde group relative bg-light p-4 mb-2 xl:rounded-t-[52px] flex gap-x-4 w-[100vw] xxl:w-auto justify-center\">\n\t\t\t\t\t\t\t\t\t<a class=\"hover:text-primaryBrand active:text-primaryBrand Button Button--secondary whitespace-nowrap\" href=\"#wspolpraca\">Cooperation<\/a>\n\t\t\t\t\t\t\t\t\t<a class=\"hover:text-primaryBrand active:text-primaryBrand Button Button--secondary whitespace-nowrap\" href=\"#marketing\">Marketing<\/a>\n\t\t\t\t\t\t\t\t\t<a class=\"hover:text-primaryBrand active:text-primaryBrand Button Button--secondary whitespace-nowrap\" href=\"#obsluga\">Guest service<\/a>\n\t\t\t\t\t\t\t\t<img decoding=\"async\" class=\"absolute -left-[50px] bottom-0 !w-[52px] !h-[52px] !min-h-[52px] hidden xl:block\" src=\"https:\/\/www.rentplanet.pl\/wp-content\/themes\/starter\/dist\/images\/corner-left.png\" alt=\"\"\/>\n\t\t\t\t<img decoding=\"async\" class=\"absolute -right-[50px] bottom-0 !w-[52px] !h-[52px] !min-h-[52px] hidden xl:block\" src=\"https:\/\/www.rentplanet.pl\/wp-content\/themes\/starter\/dist\/images\/corner-right.png\" alt=\"\"\/>\n\t\t\t<\/div>\n\t\t<\/div>\n\t\t<\/section>\n\n<div style=\"height:40px\" aria-hidden=\"true\" class=\"wp-block-spacer bg-light\"><\/div>\n<section id=\"wspolpraca\" class=\"py-8 md:py-14 md:pb-18 lg:pb-24 bg-light\">\n\t<div class=\"flex items-center mb-12\">\n\t\t<div class=\"w-full h-[1px] bg-medium\"><\/div>\n\t\t<div class=\"px-4 uppercase text-tertiary tracking-[4px] text-sm font-bold whitespace-nowrap\">Cooperation<\/div>\n\t\t<div class=\"w-full h-[1px] bg-medium\"><\/div>\n\t<\/div>\n\t<div class=\"max-w-[1168px] mx-auto giant:px-12\">\n\t\t<div class=\"Container lg:justify-between lg:flex\">\n\t\t\t<div class=\"faq\">\n\t\t\t\t\t\t\t\t\t<div class=\"faq-container\">\n\t\t\t\t\t\t<div class=\"faq-question pl-12\">\n\t\t\t\t\t\t\t<span class=\"quest\">On what terms can I work with RentPlanet?  <\/span>\n\t\t\t\t\t\t\t<div class=\"faq-btn flex aling-center justify-center text-black\">\n\t\t\t\t\t\t\t\t<span>+<\/span>\n\t\t\t\t\t\t\t\t<span>&#8211;<\/span>\n\t\t\t\t\t\t\t<\/div>\n\t\t\t\t\t\t<\/div>\n\t\t\t\t\t\t<div class=\"faq-answercont\">\n\t\t\t\t\t\t\t<div class=\"faq-answer text-secondary md:text-lg\"><p>We base our cooperation with investors on a revenue sharing system. Our remuneration is a commission taken from the profit generated for the owner. The terms of the contract are set individually depending on the location of the apartment. <\/p>\n\n\t\t\t\t\t\t\t<\/div>\n\t\t\t\t\t\t<\/div>\n\t\t\t\t\t<\/div>\n\t\t\t\t\t\t\t\t\t<div class=\"faq-container\">\n\t\t\t\t\t\t<div class=\"faq-question pl-12\">\n\t\t\t\t\t\t\t<span class=\"quest\">Is every apartment suitable for short-term rental? <\/span>\n\t\t\t\t\t\t\t<div class=\"faq-btn flex aling-center justify-center text-black\">\n\t\t\t\t\t\t\t\t<span>+<\/span>\n\t\t\t\t\t\t\t\t<span>&#8211;<\/span>\n\t\t\t\t\t\t\t<\/div>\n\t\t\t\t\t\t<\/div>\n\t\t\t\t\t\t<div class=\"faq-answercont\">\n\t\t\t\t\t\t\t<div class=\"faq-answer text-secondary md:text-lg\"><p>We work with owners based on an analysis of the seals potential of an apartment. Apartments located in popular tourist destinations and in the centres of large cities have the greatest potential. An additional advantage with regard to the apartments is their finish and furnishings are of a high standard. <\/p>\n\n\t\t\t\t\t\t\t<\/div>\n\t\t\t\t\t\t<\/div>\n\t\t\t\t\t<\/div>\n\t\t\t\t\t\t\t\t\t<div class=\"faq-container\">\n\t\t\t\t\t\t<div class=\"faq-question pl-12\">\n\t\t\t\t\t\t\t<span class=\"quest\">How to prepare an apartment for rent?  <\/span>\n\t\t\t\t\t\t\t<div class=\"faq-btn flex aling-center justify-center text-black\">\n\t\t\t\t\t\t\t\t<span>+<\/span>\n\t\t\t\t\t\t\t\t<span>&#8211;<\/span>\n\t\t\t\t\t\t\t<\/div>\n\t\t\t\t\t\t<\/div>\n\t\t\t\t\t\t<div class=\"faq-answercont\">\n\t\t\t\t\t\t\t<div class=\"faq-answer text-secondary md:text-lg\"><p>After signing a contract with RentPlanet, the owner of the apartment may opt for our home staging service. This is professional preparation of an apartment for rent so that its offer is taken up as fast as possible and at a higher price.  <\/p>\n\n\t\t\t\t\t\t\t<\/div>\n\t\t\t\t\t\t<\/div>\n\t\t\t\t\t<\/div>\n\t\t\t\t\t\t\t\t\t<div class=\"faq-container\">\n\t\t\t\t\t\t<div class=\"faq-question pl-12\">\n\t\t\t\t\t\t\t<span class=\"quest\">How does RentPlanet set prices for stays in my apartment? <\/span>\n\t\t\t\t\t\t\t<div class=\"faq-btn flex aling-center justify-center text-black\">\n\t\t\t\t\t\t\t\t<span>+<\/span>\n\t\t\t\t\t\t\t\t<span>&#8211;<\/span>\n\t\t\t\t\t\t\t<\/div>\n\t\t\t\t\t\t<\/div>\n\t\t\t\t\t\t<div class=\"faq-answercont\">\n\t\t\t\t\t\t\t<div class=\"faq-answer text-secondary md:text-lg\"><p>We base our apartment management on a proprietary revenue management method. We manage rental prices on a daily basis and change them even several times each day, analysing competition, demand, locations, weather forecasts and many other factors that generates the highest sales.  <\/p>\n\n\t\t\t\t\t\t\t<\/div>\n\t\t\t\t\t\t<\/div>\n\t\t\t\t\t<\/div>\n\t\t\t\t\t\t\t\t\t<div class=\"faq-container\">\n\t\t\t\t\t\t<div class=\"faq-question pl-12\">\n\t\t\t\t\t\t\t<span class=\"quest\">What is the profit settlement for short-term rentals? <\/span>\n\t\t\t\t\t\t\t<div class=\"faq-btn flex aling-center justify-center text-black\">\n\t\t\t\t\t\t\t\t<span>+<\/span>\n\t\t\t\t\t\t\t\t<span>&#8211;<\/span>\n\t\t\t\t\t\t\t<\/div>\n\t\t\t\t\t\t<\/div>\n\t\t\t\t\t\t<div class=\"faq-answercont\">\n\t\t\t\t\t\t\t<div class=\"faq-answer text-secondary md:text-lg\"><p>We settle accounts with an owner on a regular, monthly basis. Our partners have access to a special RentPlanet app where they can analyse the profits from each month. <\/p>\n\n\t\t\t\t\t\t\t<\/div>\n\t\t\t\t\t\t<\/div>\n\t\t\t\t\t<\/div>\n\t\t\t\t\t\t\t\t\t<div class=\"faq-container\">\n\t\t\t\t\t\t<div class=\"faq-question pl-12\">\n\t\t\t\t\t\t\t<span class=\"quest\">Does the contract with RentPlanet provide for owner stays? <\/span>\n\t\t\t\t\t\t\t<div class=\"faq-btn flex aling-center justify-center text-black\">\n\t\t\t\t\t\t\t\t<span>+<\/span>\n\t\t\t\t\t\t\t\t<span>&#8211;<\/span>\n\t\t\t\t\t\t\t<\/div>\n\t\t\t\t\t\t<\/div>\n\t\t\t\t\t\t<div class=\"faq-answercont\">\n\t\t\t\t\t\t\t<div class=\"faq-answer text-secondary md:text-lg\"><p>Yes, as part of the contract, we provide for owner stays on a case-by-case basis according to the needs of our partners.<\/p>\n\n\t\t\t\t\t\t\t<\/div>\n\t\t\t\t\t\t<\/div>\n\t\t\t\t\t<\/div>\n\t\t\t\t\t\t\t\t\t<div class=\"faq-container\">\n\t\t\t\t\t\t<div class=\"faq-question pl-12\">\n\t\t\t\t\t\t\t<span class=\"quest\">Does RentPlanet deal with long-term rental management?<\/span>\n\t\t\t\t\t\t\t<div class=\"faq-btn flex aling-center justify-center text-black\">\n\t\t\t\t\t\t\t\t<span>+<\/span>\n\t\t\t\t\t\t\t\t<span>&#8211;<\/span>\n\t\t\t\t\t\t\t<\/div>\n\t\t\t\t\t\t<\/div>\n\t\t\t\t\t\t<div class=\"faq-answercont\">\n\t\t\t\t\t\t\t<div class=\"faq-answer text-secondary md:text-lg\"><p>Yes, at RentPlanet we do long-term rental management. To find out more about what we have to offer, please contact: biuro@rentplanet.pl.<\/p>\n\n\t\t\t\t\t\t\t<\/div>\n\t\t\t\t\t\t<\/div>\n\t\t\t\t\t<\/div>\n\t\t\t\t\t\t\t<\/div>\n\t\t<\/div>\n\t<\/div>\n<\/section>\n<section id=\"marketing\" class=\"py-8 md:py-14 md:pb-18 lg:pb-24 bg-light\">\n\t<div class=\"flex items-center mb-12\">\n\t\t<div class=\"w-full h-[1px] bg-medium\"><\/div>\n\t\t<div class=\"px-4 uppercase text-tertiary tracking-[4px] text-sm font-bold whitespace-nowrap\">Marketing<\/div>\n\t\t<div class=\"w-full h-[1px] bg-medium\"><\/div>\n\t<\/div>\n\t<div class=\"max-w-[1168px] mx-auto giant:px-12\">\n\t\t<div class=\"Container lg:justify-between lg:flex\">\n\t\t\t<div class=\"faq\">\n\t\t\t\t\t\t\t\t\t<div class=\"faq-container\">\n\t\t\t\t\t\t<div class=\"faq-question pl-12\">\n\t\t\t\t\t\t\t<span class=\"quest\">On which booking portals is my apartment promoted? <\/span>\n\t\t\t\t\t\t\t<div class=\"faq-btn flex aling-center justify-center text-black\">\n\t\t\t\t\t\t\t\t<span>+<\/span>\n\t\t\t\t\t\t\t\t<span>&#8211;<\/span>\n\t\t\t\t\t\t\t<\/div>\n\t\t\t\t\t\t<\/div>\n\t\t\t\t\t\t<div class=\"faq-answercont\">\n\t\t\t\t\t\t\t<div class=\"faq-answer text-secondary md:text-lg\"><p>Stays in RentPlanet-managed apartments are promoted and sold by the world&#8217;s most popular portals, including Booking.com, Airbnb, Expedia and many others. <\/p>\n\n\t\t\t\t\t\t\t<\/div>\n\t\t\t\t\t\t<\/div>\n\t\t\t\t\t<\/div>\n\t\t\t\t\t\t\t\t\t<div class=\"faq-container\">\n\t\t\t\t\t\t<div class=\"faq-question pl-12\">\n\t\t\t\t\t\t\t<span class=\"quest\">Does RentPlanet have its own sales channel? <\/span>\n\t\t\t\t\t\t\t<div class=\"faq-btn flex aling-center justify-center text-black\">\n\t\t\t\t\t\t\t\t<span>+<\/span>\n\t\t\t\t\t\t\t\t<span>&#8211;<\/span>\n\t\t\t\t\t\t\t<\/div>\n\t\t\t\t\t\t<\/div>\n\t\t\t\t\t\t<div class=\"faq-answercont\">\n\t\t\t\t\t\t\t<div class=\"faq-answer text-secondary md:text-lg\"><p>Yes, our partners&#8217; apartments and flats are made available to the market through the noclegi.rentplanet.pl platform and social media. We also use direct relationships with our network of partners.<\/p>\n\n\t\t\t\t\t\t\t<\/div>\n\t\t\t\t\t\t<\/div>\n\t\t\t\t\t<\/div>\n\t\t\t\t\t\t\t<\/div>\n\t\t<\/div>\n\t<\/div>\n<\/section>\n<section id=\"obsluga\" class=\"py-8 md:py-14 md:pb-18 lg:pb-24 bg-light\">\n\t<div class=\"flex items-center mb-12\">\n\t\t<div class=\"w-full h-[1px] bg-medium\"><\/div>\n\t\t<div class=\"px-4 uppercase text-tertiary tracking-[4px] text-sm font-bold whitespace-nowrap\">Guest service<\/div>\n\t\t<div class=\"w-full h-[1px] bg-medium\"><\/div>\n\t<\/div>\n\t<div class=\"max-w-[1168px] mx-auto giant:px-12\">\n\t\t<div class=\"Container lg:justify-between lg:flex\">\n\t\t\t<div class=\"faq\">\n\t\t\t\t\t\t\t\t\t<div class=\"faq-container\">\n\t\t\t\t\t\t<div class=\"faq-question pl-12\">\n\t\t\t\t\t\t\t<span class=\"quest\">How do I find out that a guest has booked a stay in my apartment? <\/span>\n\t\t\t\t\t\t\t<div class=\"faq-btn flex aling-center justify-center text-black\">\n\t\t\t\t\t\t\t\t<span>+<\/span>\n\t\t\t\t\t\t\t\t<span>&#8211;<\/span>\n\t\t\t\t\t\t\t<\/div>\n\t\t\t\t\t\t<\/div>\n\t\t\t\t\t\t<div class=\"faq-answercont\">\n\t\t\t\t\t\t\t<div class=\"faq-answer text-secondary md:text-lg\"><p>Apartment owners can use RentPlanet&#8217;s web application to access their bookings and billing in real time at all times.<\/p>\n\n\t\t\t\t\t\t\t<\/div>\n\t\t\t\t\t\t<\/div>\n\t\t\t\t\t<\/div>\n\t\t\t\t\t\t\t\t\t<div class=\"faq-container\">\n\t\t\t\t\t\t<div class=\"faq-question pl-12\">\n\t\t\t\t\t\t\t<span class=\"quest\">How are the keys to the apartment handed over to guests? <\/span>\n\t\t\t\t\t\t\t<div class=\"faq-btn flex aling-center justify-center text-black\">\n\t\t\t\t\t\t\t\t<span>+<\/span>\n\t\t\t\t\t\t\t\t<span>&#8211;<\/span>\n\t\t\t\t\t\t\t<\/div>\n\t\t\t\t\t\t<\/div>\n\t\t\t\t\t\t<div class=\"faq-answercont\">\n\t\t\t\t\t\t\t<div class=\"faq-answer text-secondary md:text-lg\"><p>Most RentPlanet apartments have RentLock electronic locks installed, which do not require human handling. For apartments without smart locks, keys are collected by guests at designated RentPlanet reception desks. <\/p>\n\n\t\t\t\t\t\t\t<\/div>\n\t\t\t\t\t\t<\/div>\n\t\t\t\t\t<\/div>\n\t\t\t\t\t\t\t\t\t<div class=\"faq-container\">\n\t\t\t\t\t\t<div class=\"faq-question pl-12\">\n\t\t\t\t\t\t\t<span class=\"quest\">Who is responsible for cleaning the apartment?<\/span>\n\t\t\t\t\t\t\t<div class=\"faq-btn flex aling-center justify-center text-black\">\n\t\t\t\t\t\t\t\t<span>+<\/span>\n\t\t\t\t\t\t\t\t<span>&#8211;<\/span>\n\t\t\t\t\t\t\t<\/div>\n\t\t\t\t\t\t<\/div>\n\t\t\t\t\t\t<div class=\"faq-answercont\">\n\t\t\t\t\t\t\t<div class=\"faq-answer text-secondary md:text-lg\"><p>The cleaning service is carried out after each stay and RentPlanet specialists are responsible for it.<\/p>\n\n\t\t\t\t\t\t\t<\/div>\n\t\t\t\t\t\t<\/div>\n\t\t\t\t\t<\/div>\n\t\t\t\t\t\t\t\t\t<div class=\"faq-container\">\n\t\t\t\t\t\t<div class=\"faq-question pl-12\">\n\t\t\t\t\t\t\t<span class=\"quest\">What if there is a fault in the apartment? <\/span>\n\t\t\t\t\t\t\t<div class=\"faq-btn flex aling-center justify-center text-black\">\n\t\t\t\t\t\t\t\t<span>+<\/span>\n\t\t\t\t\t\t\t\t<span>&#8211;<\/span>\n\t\t\t\t\t\t\t<\/div>\n\t\t\t\t\t\t<\/div>\n\t\t\t\t\t\t<div class=\"faq-answercont\">\n\t\t\t\t\t\t\t<div class=\"faq-answer text-secondary md:text-lg\"><p>RentPlanet&#8217;s staff who look after the apartment can help to repair minor faults. In the case of more serious faults, our company supports the owners in finding a suitable and reasonably priced renovation team. <\/p>\n\n\t\t\t\t\t\t\t<\/div>\n\t\t\t\t\t\t<\/div>\n\t\t\t\t\t<\/div>\n\t\t\t\t\t\t\t<\/div>\n\t\t<\/div>\n\t<\/div>\n<\/section>\n","protected":false},"excerpt":{"rendered":"","protected":false},"author":1,"featured_media":0,"parent":0,"menu_order":0,"comment_status":"closed","ping_status":"closed","template":"","meta":{"_acf_changed":false,"inline_featured_image":false,"_kad_blocks_custom_css":"","_kad_blocks_head_custom_js":"","_kad_blocks_body_custom_js":"","_kad_blocks_footer_custom_js":"","footnotes":""},"class_list":["post-1030","page","type-page","status-publish","hentry"],"acf":[],"yoast_head":"<!-- This site is optimized with the Yoast SEO plugin v27.5 - https:\/\/yoast.com\/product\/yoast-seo-wordpress\/ -->\n<title>FAQ - RentPlanet<\/title>\n<meta name=\"robots\" content=\"index, follow, max-snippet:-1, max-image-preview:large, max-video-preview:-1\" \/>\n<link rel=\"canonical\" href=\"https:\/\/www.rentplanet.pl\/en\/faq\/\" \/>\n<meta property=\"og:locale\" content=\"en_US\" \/>\n<meta property=\"og:type\" content=\"article\" \/>\n<meta property=\"og:title\" content=\"FAQ - RentPlanet\" \/>\n<meta property=\"og:url\" content=\"https:\/\/www.rentplanet.pl\/en\/faq\/\" \/>\n<meta property=\"og:site_name\" content=\"RentPlanet\" \/>\n<meta property=\"article:modified_time\" content=\"2023-01-04T09:38:25+00:00\" \/>\n<meta name=\"twitter:card\" content=\"summary_large_image\" \/>\n<script type=\"application\/ld+json\" class=\"yoast-schema-graph\">{\"@context\":\"https:\\\/\\\/schema.org\",\"@graph\":[{\"@type\":\"WebPage\",\"@id\":\"https:\\\/\\\/www.rentplanet.pl\\\/en\\\/faq\\\/\",\"url\":\"https:\\\/\\\/www.rentplanet.pl\\\/en\\\/faq\\\/\",\"name\":\"FAQ - RentPlanet\",\"isPartOf\":{\"@id\":\"https:\\\/\\\/www.rentplanet.pl\\\/#website\"},\"datePublished\":\"2022-10-20T13:13:27+00:00\",\"dateModified\":\"2023-01-04T09:38:25+00:00\",\"breadcrumb\":{\"@id\":\"https:\\\/\\\/www.rentplanet.pl\\\/en\\\/faq\\\/#breadcrumb\"},\"inLanguage\":\"en-US\",\"potentialAction\":[{\"@type\":\"ReadAction\",\"target\":[\"https:\\\/\\\/www.rentplanet.pl\\\/en\\\/faq\\\/\"]}]},{\"@type\":\"BreadcrumbList\",\"@id\":\"https:\\\/\\\/www.rentplanet.pl\\\/en\\\/faq\\\/#breadcrumb\",\"itemListElement\":[{\"@type\":\"ListItem\",\"position\":1,\"name\":\"Strona g\u0142\u00f3wna\",\"item\":\"https:\\\/\\\/www.rentplanet.pl\\\/en\\\/\"},{\"@type\":\"ListItem\",\"position\":2,\"name\":\"FAQ\"}]},{\"@type\":\"WebSite\",\"@id\":\"https:\\\/\\\/www.rentplanet.pl\\\/#website\",\"url\":\"https:\\\/\\\/www.rentplanet.pl\\\/\",\"name\":\"RentPlanet\",\"description\":\"Profesjonalne zarz\u0105dzanie apartamentami z RentPlanet. Maksymalizujemy zysk i precyzyjnie zarz\u0105dzamy Twoj\u0105 inwestycj\u0105.\",\"potentialAction\":[{\"@type\":\"SearchAction\",\"target\":{\"@type\":\"EntryPoint\",\"urlTemplate\":\"https:\\\/\\\/www.rentplanet.pl\\\/?s={search_term_string}\"},\"query-input\":{\"@type\":\"PropertyValueSpecification\",\"valueRequired\":true,\"valueName\":\"search_term_string\"}}],\"inLanguage\":\"en-US\"}]}<\/script>\n<!-- \/ Yoast SEO plugin. -->","yoast_head_json":{"title":"FAQ - RentPlanet","robots":{"index":"index","follow":"follow","max-snippet":"max-snippet:-1","max-image-preview":"max-image-preview:large","max-video-preview":"max-video-preview:-1"},"canonical":"https:\/\/www.rentplanet.pl\/en\/faq\/","og_locale":"en_US","og_type":"article","og_title":"FAQ - RentPlanet","og_url":"https:\/\/www.rentplanet.pl\/en\/faq\/","og_site_name":"RentPlanet","article_modified_time":"2023-01-04T09:38:25+00:00","twitter_card":"summary_large_image","schema":{"@context":"https:\/\/schema.org","@graph":[{"@type":"WebPage","@id":"https:\/\/www.rentplanet.pl\/en\/faq\/","url":"https:\/\/www.rentplanet.pl\/en\/faq\/","name":"FAQ - RentPlanet","isPartOf":{"@id":"https:\/\/www.rentplanet.pl\/#website"},"datePublished":"2022-10-20T13:13:27+00:00","dateModified":"2023-01-04T09:38:25+00:00","breadcrumb":{"@id":"https:\/\/www.rentplanet.pl\/en\/faq\/#breadcrumb"},"inLanguage":"en-US","potentialAction":[{"@type":"ReadAction","target":["https:\/\/www.rentplanet.pl\/en\/faq\/"]}]},{"@type":"BreadcrumbList","@id":"https:\/\/www.rentplanet.pl\/en\/faq\/#breadcrumb","itemListElement":[{"@type":"ListItem","position":1,"name":"Strona g\u0142\u00f3wna","item":"https:\/\/www.rentplanet.pl\/en\/"},{"@type":"ListItem","position":2,"name":"FAQ"}]},{"@type":"WebSite","@id":"https:\/\/www.rentplanet.pl\/#website","url":"https:\/\/www.rentplanet.pl\/","name":"RentPlanet","description":"Profesjonalne zarz\u0105dzanie apartamentami z RentPlanet. Maksymalizujemy zysk i precyzyjnie zarz\u0105dzamy Twoj\u0105 inwestycj\u0105.","potentialAction":[{"@type":"SearchAction","target":{"@type":"EntryPoint","urlTemplate":"https:\/\/www.rentplanet.pl\/?s={search_term_string}"},"query-input":{"@type":"PropertyValueSpecification","valueRequired":true,"valueName":"search_term_string"}}],"inLanguage":"en-US"}]}},"taxonomy_info":[],"featured_image_src_large":false,"author_info":{"display_name":"kreacja","author_link":"https:\/\/www.rentplanet.pl\/en\/author\/kreacja\/"},"comment_info":0,"_links":{"self":[{"href":"https:\/\/www.rentplanet.pl\/en\/wp-json\/wp\/v2\/pages\/1030","targetHints":{"allow":["GET"]}}],"collection":[{"href":"https:\/\/www.rentplanet.pl\/en\/wp-json\/wp\/v2\/pages"}],"about":[{"href":"https:\/\/www.rentplanet.pl\/en\/wp-json\/wp\/v2\/types\/page"}],"author":[{"embeddable":true,"href":"https:\/\/www.rentplanet.pl\/en\/wp-json\/wp\/v2\/users\/1"}],"replies":[{"embeddable":true,"href":"https:\/\/www.rentplanet.pl\/en\/wp-json\/wp\/v2\/comments?post=1030"}],"version-history":[{"count":1,"href":"https:\/\/www.rentplanet.pl\/en\/wp-json\/wp\/v2\/pages\/1030\/revisions"}],"predecessor-version":[{"id":1031,"href":"https:\/\/www.rentplanet.pl\/en\/wp-json\/wp\/v2\/pages\/1030\/revisions\/1031"}],"wp:attachment":[{"href":"https:\/\/www.rentplanet.pl\/en\/wp-json\/wp\/v2\/media?parent=1030"}],"curies":[{"name":"wp","href":"https:\/\/api.w.org\/{rel}","templated":true}]}}