{"id":1034,"date":"2022-10-20T15:12:55","date_gmt":"2022-10-20T13:12:55","guid":{"rendered":"https:\/\/www.rentplanet.pl\/about-us\/"},"modified":"2026-03-09T10:43:52","modified_gmt":"2026-03-09T09:43:52","slug":"about-us","status":"publish","type":"page","link":"https:\/\/www.rentplanet.pl\/en\/about-us\/","title":{"rendered":"About us"},"content":{"rendered":"<section style=\"background-color:\" class=\"baner relative\">\n\t<img decoding=\"async\" src=\"https:\/\/www.rentplanet.pl\/wp-content\/uploads\/2022\/10\/about.jpg\" alt=\"\"\/>\n\t\t<div class=\"Container absolute top-1\/2 left-1\/2 transform -translate-x-1\/2 -translate-y-1\/2\">\n\t\t<p style=\"text-align: center;\"><strong><span class=\"section__headline\" style=\"color: #e6e6e6;\">ABOUT US<\/span><\/strong><\/p>\n<h1 style=\"text-align: center;\"><span style=\"color: #ffffff;\">Your profit is our goal<\/span><\/h1>\n\n\t\t\t<\/div>\n\t\t\t<div class=\"absolute -bottom-4 left-1\/2 transform -translate-x-1\/2\">\n\t\t\t<div class=\"Button__outisde relative bg-white p-4 mb-2 rounded-t-[52px]\">\n\t\t\t\t<a class=\"Button block Button--secondary\" href=\"#more\">Check<\/a>\n\t\t\t\t<img decoding=\"async\" class=\"absolute -left-[51px] bottom-0 !w-[52px] !h-[52px] !min-h-[52px] filter__corner\" src=\"https:\/\/www.rentplanet.pl\/wp-content\/themes\/starter\/dist\/images\/corner-left.png\" alt=\"\"\/>\n\t\t\t\t<img decoding=\"async\" class=\"absolute -right-[51px] bottom-0 !w-[52px] !h-[52px] !min-h-[52px] filter__corner\" src=\"https:\/\/www.rentplanet.pl\/wp-content\/themes\/starter\/dist\/images\/corner-right.png\" alt=\"\"\/>\n\t\t\t<\/div>\n\t\t<\/div>\n\t\t<\/section>\n\n\n\n<div id=\"more\" class=\"wp-block-group\"><div class=\"wp-block-group__inner-container is-layout-flow wp-block-group-is-layout-flow\"><div class=\"section__background\"  style=\"background-image:url('https:\/\/www.rentplanet.pl\/wp-content\/uploads\/2022\/10\/about-01-2.png'); background-position:right; background-repeat:no-repeat; background-size: 45% auto;\"  class=\"\">\n\t<section class=\"Container section flex flex-col gap-y-8 gap-x-4 lg:flex-row justify-between items-center py-8 lg:py-28  lg:flex-row-reverse\">\n\t\t<div class=\"relative\">\n\t\t\t\t\t\t\t<img decoding=\"async\" class=\"relative z-[2] xxxl:hidden\" src=\"https:\/\/www.rentplanet.pl\/wp-content\/uploads\/2022\/10\/about-01-2.png\" alt=\"\">\n\t\t\t\t\t\t\t\t<\/div>\n\t\t<div class=\"xl:max-w-[552px]\">\n\t\t\t<p><strong><span class=\"section__headline\" style=\"color: #ff3e3a;\">Who are we?<\/span><\/strong><\/p>\n<h2>We provide property owners with <strong>a secure <\/strong>rental <strong>income<\/strong>. We offer guests an <strong>unforgettable experience.<\/strong><\/h2>\n<p>At <strong>RentPlanet, <\/strong>we specialise in <strong>maximising the profit of the <\/strong>owners of the apartments and flats for rent that we manage. At the same time, we care about the convenience and comfort of guests using the properties we manage.<\/p>\n<p>Partnerships with us are valued by property developers and private investors who have one thing in common &#8211; the desire to generate a secure income from short-term and long-term rentals.<\/p>\n<p>Apartments and flats managed by <strong>RentPlanet <\/strong>are located in a dozen of the most popular and attractive locations in Poland, including <strong>Warsaw, Wroc\u0142aw, Gda\u0144sk, Szklarska Por\u0119ba, \u015awierad\u00f3w-Zdr\u00f3j, Zakopane and Ko\u015bcielisko.<\/strong><\/p>\n\n\t\t<\/div>\n\t<\/section>\n<\/div>\n<\/div><\/div>\n\n\n\n<div class=\"wp-block-group section__less\"><div class=\"wp-block-group__inner-container is-layout-constrained wp-block-group-is-layout-constrained\"><div class=\"section__background\"  style=\"background-image:url('https:\/\/www.rentplanet.pl\/wp-content\/uploads\/2022\/11\/about-02.png'); background-position:left; background-repeat:no-repeat; background-size: 45% auto;\"  class=\"\">\n\t<section class=\"Container section flex flex-col gap-y-8 gap-x-4 lg:flex-row justify-between items-center py-8 lg:py-28  \">\n\t\t<div class=\"relative\">\n\t\t\t\t\t\t\t<img decoding=\"async\" class=\"relative z-[2] xxxl:hidden\" src=\"https:\/\/www.rentplanet.pl\/wp-content\/uploads\/2022\/11\/about-02.png\" alt=\"\">\n\t\t\t\t\t\t\t\t\t\t<img decoding=\"async\" style=\"top:50%;left:0%;\" class=\"outsideimage absolute hidden xl:block -translate-y-1\/2 z-[1]\" src=\"https:\/\/www.rentplanet.pl\/wp-content\/uploads\/2022\/10\/about-08-2.svg\" alt=\"\"\/>\n\t\t\t\t\t<\/div>\n\t\t<div class=\"xl:max-w-[552px]\">\n\t\t\t<p><span style=\"color: #ff3e3a;\"><strong><span class=\"section__headline\">What do we do?<\/span><\/strong><\/span><\/p>\n<h2><strong>W<\/strong><strong>e earn money by renting apartments <\/strong>in the most attractive locations in Poland. This is what we know best.<\/h2>\n<p><strong>RentPlanet <\/strong>is the best choice for people who want to rent their apartments quickly and at highest prices, but do not have enough time or need support in the rental-sales process.<\/p>\n<p>We operate <strong>nationwide, <\/strong>providing a comprehensive rental service for apartment owners so that they obtain the maximum income with the least possible personal involvement.<\/p>\n<p><span class=\"text-lg\"><span style=\"color: #585666;\">As part of the <strong>RentPlanet <\/strong>Group, we operate a booking platform <a href=\"https:\/\/noclegi.rentplanet.pl\/\"><span style=\"color: #ff3e3a;\"><strong>noclegi.rentplanet.p<\/strong>l<\/span><\/a><\/span><\/span>where we promote and offer a completely new dimension of leisure in climatic and stylish apartments.<\/p>\n\n\t\t<\/div>\n\t<\/section>\n<\/div>\n<\/div><\/div>\n\n\n<section class=\"\">\n\t<div class=\"ContainerGiant xxl:rounded-lg bg-cover bg-center\" style=\"background-image: url(https:\/\/www.rentplanet.pl\/wp-content\/uploads\/2022\/10\/numbers-banner.jpg);\">\n\t\t<div class=\"Container py-24 md:py-32\">\n\t\t\t<p style=\"text-align: center;\"><span style=\"color: #f7f8fa;\"><strong><span class=\"section__headline\">RENTPLANET<\/span><\/strong><\/span><\/p>\n<p style=\"text-align: center;\"><span class=\"h1\" style=\"text-align: center;\"><span style=\"color: #ffffff;\"><strong>Choose reliability<\/strong><br \/>\nand the highest standards of cooperation<\/span><\/span><\/p>\n\n\n\t\t\t<div class=\"flex justify-between flex-col md:flex-row mt-12 md:mt-20 px-8\">\n\t\t\t\t\t\t\t\t\t<div class=\"w-[216px] mb-6 md:mb-0\">\n\t\t\t\t\t\t<div class=\"h-[32px]\"><img decoding=\"async\" class=\"\" src=\"https:\/\/www.rentplanet.pl\/wp-content\/uploads\/2022\/10\/01-doswiadczenie.svg\" alt=\"\"\/><\/div>\n\t\t\t\t\t\t<p class=\"!text-white MainHeadline mt-4\">16<\/p>\n\t\t\t\t\t\t<div class=\"h-1 bg-white w-full mb-4\"><\/div>\n\t\t\t\t\t\t<p><span class=\"text-base\" style=\"color: #ffffff;\"><strong>16 years of experience<\/strong><br \/>\nin the real estate sector<\/span><\/p>\n\n\t\t\t\t\t<\/div>\n\t\t\t\t\t\t\t\t\t<div class=\"w-[216px] mb-6 md:mb-0\">\n\t\t\t\t\t\t<div class=\"h-[32px]\"><img decoding=\"async\" class=\"\" src=\"https:\/\/www.rentplanet.pl\/wp-content\/uploads\/2022\/10\/02-gosci-1.svg\" alt=\"\"\/><\/div>\n\t\t\t\t\t\t<p class=\"!text-white MainHeadline mt-4\">818,000+<\/p>\n\t\t\t\t\t\t<div class=\"h-1 bg-white w-full mb-4\"><\/div>\n\t\t\t\t\t\t<p><span class=\"text-base\" style=\"color: #ffffff;\"><strong>818,000+<\/strong> satisfied visitors<\/span><\/p>\n\n\t\t\t\t\t<\/div>\n\t\t\t\t\t\t\t\t\t<div class=\"w-[216px] mb-6 md:mb-0\">\n\t\t\t\t\t\t<div class=\"h-[32px]\"><img decoding=\"async\" class=\"\" src=\"https:\/\/www.rentplanet.pl\/wp-content\/uploads\/2022\/10\/03-rezerwacji.svg\" alt=\"\"\/><\/div>\n\t\t\t\t\t\t<p class=\"!text-white MainHeadline mt-4\">160 million<\/p>\n\t\t\t\t\t\t<div class=\"h-1 bg-white w-full mb-4\"><\/div>\n\t\t\t\t\t\t<p><span class=\"text-base\" style=\"color: #ffffff;\"><strong>More than PLN 160 mln<\/strong> paid to apartment owners!<\/span><\/p>\n\n\t\t\t\t\t<\/div>\n\t\t\t\t\t\t\t<\/div>\n\t\t<\/div>\n\t<\/div>\n<\/section>\n\n\n<style>.kadence-column1034_6d4053-6f{max-width:768px;margin-left:auto;margin-right:auto;}.wp-block-kadence-column.kb-section-dir-horizontal:not(.kb-section-md-dir-vertical)>.kt-inside-inner-col>.kadence-column1034_6d4053-6f{-webkit-flex:0 1 768px;flex:0 1 768px;max-width:unset;margin-left:unset;margin-right:unset;}.kadence-column1034_6d4053-6f > .kt-inside-inner-col{padding-top:120px;}.kadence-column1034_6d4053-6f > .kt-inside-inner-col,.kadence-column1034_6d4053-6f > .kt-inside-inner-col:before{border-top-left-radius:0px;border-top-right-radius:0px;border-bottom-right-radius:0px;border-bottom-left-radius:0px;}.kadence-column1034_6d4053-6f > .kt-inside-inner-col{column-gap:var(--global-kb-gap-sm, 1rem);}.kadence-column1034_6d4053-6f > .kt-inside-inner-col{flex-direction:column;}.kadence-column1034_6d4053-6f > .kt-inside-inner-col > .aligncenter{width:100%;}.kadence-column1034_6d4053-6f > .kt-inside-inner-col:before{opacity:0.3;}.kadence-column1034_6d4053-6f{position:relative;}@media all and (min-width: 1025px){.wp-block-kadence-column.kb-section-dir-horizontal>.kt-inside-inner-col>.kadence-column1034_6d4053-6f{-webkit-flex:0 1 768px;flex:0 1 768px;max-width:unset;margin-left:unset;margin-right:unset;}}@media all and (max-width: 1024px){.kadence-column1034_6d4053-6f > .kt-inside-inner-col{padding-top:80px;flex-direction:column;justify-content:center;}}@media all and (max-width: 767px){.kadence-column1034_6d4053-6f > .kt-inside-inner-col{padding-top:40px;flex-direction:column;justify-content:center;}.wp-block-kadence-column.kb-section-sm-dir-vertical:not(.kb-section-sm-dir-horizontal):not(.kb-section-sm-dir-specificity)>.kt-inside-inner-col>.kadence-column1034_6d4053-6f{max-width:768px;-webkit-flex:1;flex:1;margin-left:auto;margin-right:auto;}}<\/style>\n<div class=\"wp-block-kadence-column kadence-column1034_6d4053-6f inner-column-1\"><div class=\"kt-inside-inner-col\"><style>.wp-block-kadence-advancedheading.kt-adv-heading1034_d9faaf-29, .wp-block-kadence-advancedheading.kt-adv-heading1034_d9faaf-29[data-kb-block=\"kb-adv-heading1034_d9faaf-29\"]{text-align:center;font-style:normal;color:#0f0a27;}.wp-block-kadence-advancedheading.kt-adv-heading1034_d9faaf-29 mark.kt-highlight, .wp-block-kadence-advancedheading.kt-adv-heading1034_d9faaf-29[data-kb-block=\"kb-adv-heading1034_d9faaf-29\"] mark.kt-highlight{font-style:normal;color:#f76a0c;-webkit-box-decoration-break:clone;box-decoration-break:clone;padding-top:0px;padding-right:0px;padding-bottom:0px;padding-left:0px;}.wp-block-kadence-advancedheading.kt-adv-heading1034_d9faaf-29 img.kb-inline-image, .wp-block-kadence-advancedheading.kt-adv-heading1034_d9faaf-29[data-kb-block=\"kb-adv-heading1034_d9faaf-29\"] img.kb-inline-image{width:150px;vertical-align:baseline;}<\/style>\n<h2 class=\"kt-adv-heading1034_d9faaf-29 h1 wp-block-kadence-advancedheading\" data-kb-block=\"kb-adv-heading1034_d9faaf-29\">What <strong>sets <\/strong>us <strong>apart?<\/strong><\/h2>\n\n\n<style>.wp-block-kadence-advancedheading.kt-adv-heading1034_27ec3e-55, .wp-block-kadence-advancedheading.kt-adv-heading1034_27ec3e-55[data-kb-block=\"kb-adv-heading1034_27ec3e-55\"]{text-align:center;font-style:normal;color:#0f0a27;}.wp-block-kadence-advancedheading.kt-adv-heading1034_27ec3e-55 mark.kt-highlight, .wp-block-kadence-advancedheading.kt-adv-heading1034_27ec3e-55[data-kb-block=\"kb-adv-heading1034_27ec3e-55\"] mark.kt-highlight{font-style:normal;color:#f76a0c;-webkit-box-decoration-break:clone;box-decoration-break:clone;padding-top:0px;padding-right:0px;padding-bottom:0px;padding-left:0px;}.wp-block-kadence-advancedheading.kt-adv-heading1034_27ec3e-55 img.kb-inline-image, .wp-block-kadence-advancedheading.kt-adv-heading1034_27ec3e-55[data-kb-block=\"kb-adv-heading1034_27ec3e-55\"] img.kb-inline-image{width:150px;vertical-align:baseline;}<\/style>\n<h3 class=\"kt-adv-heading1034_27ec3e-55 wp-block-kadence-advancedheading\" data-kb-block=\"kb-adv-heading1034_27ec3e-55\"><strong>Profit orientation of <\/strong>rental housing owners<\/h3>\n\n\n<style>.wp-block-kadence-advancedheading.kt-adv-heading1034_96d8c2-79, .wp-block-kadence-advancedheading.kt-adv-heading1034_96d8c2-79[data-kb-block=\"kb-adv-heading1034_96d8c2-79\"]{text-align:center;font-style:normal;color:#585666;}.wp-block-kadence-advancedheading.kt-adv-heading1034_96d8c2-79 mark.kt-highlight, .wp-block-kadence-advancedheading.kt-adv-heading1034_96d8c2-79[data-kb-block=\"kb-adv-heading1034_96d8c2-79\"] mark.kt-highlight{font-style:normal;color:#f76a0c;-webkit-box-decoration-break:clone;box-decoration-break:clone;padding-top:0px;padding-right:0px;padding-bottom:0px;padding-left:0px;}.wp-block-kadence-advancedheading.kt-adv-heading1034_96d8c2-79 img.kb-inline-image, .wp-block-kadence-advancedheading.kt-adv-heading1034_96d8c2-79[data-kb-block=\"kb-adv-heading1034_96d8c2-79\"] img.kb-inline-image{width:150px;vertical-align:baseline;}<\/style>\n<p class=\"kt-adv-heading1034_96d8c2-79 wp-block-kadence-advancedheading\" data-kb-block=\"kb-adv-heading1034_96d8c2-79\">Apartments and flats for short-term rental are intended to be <strong>profitable for the <\/strong>owners and <strong>beneficial for the <\/strong>guests, and to provide them with an <strong>unforgettable stay<\/strong> <strong>experience.<\/strong> All our activities serve this purpose.<\/p>\n<\/div><\/div>\n\n\n<div class=\"section__background\"  class=\"\">\n\t<section class=\"Container section flex flex-col gap-y-8 gap-x-4 lg:flex-row justify-between items-center py-8 lg:py-28  \">\n\t\t<div class=\"relative\">\n\t\t\t\t\t\t\t<img decoding=\"async\" class=\"relative z-[2]\" src=\"https:\/\/www.rentplanet.pl\/wp-content\/uploads\/2022\/10\/about-03.png\" alt=\"\">\n\t\t\t\t\t\t\t\t<\/div>\n\t\t<div class=\"xl:max-w-[552px]\">\n\t\t\t<h2><strong>Unique knowledge<\/strong><\/h2>\n<p>We have <strong>experience <\/strong>gained in real estate, the travel industry and in handling investment funds.<\/p>\n<p>We know how to professionally manage the rental of apartments and flats for the benefit of both owners and guests.<\/p>\n\n\t\t<\/div>\n\t<\/section>\n<\/div>\n\n\n\n<div class=\"wp-block-group gray__section\"><div class=\"wp-block-group__inner-container is-layout-flow wp-block-group-is-layout-flow\"><div class=\"section__background\"  class=\"\">\n\t<section class=\"Container section flex flex-col gap-y-8 gap-x-4 lg:flex-row justify-between items-center py-8 lg:py-28  lg:flex-row-reverse\">\n\t\t<div class=\"relative\">\n\t\t\t\t\t\t\t<img decoding=\"async\" class=\"relative z-[2]\" src=\"https:\/\/www.rentplanet.pl\/wp-content\/uploads\/2022\/10\/about-04.png\" alt=\"\">\n\t\t\t\t\t\t\t\t<\/div>\n\t\t<div class=\"xl:max-w-[552px]\">\n\t\t\t<h2><span style=\"color: #0f0a27;\"><strong>Technologies<\/strong><\/span><\/h2>\n<p>We use smart Guest service at <strong>RentPlanet apartments<\/strong>. This <strong>cutting-edge technology <\/strong>enhances the guests&#8217; stay experience, which increases the number of returning tourists.<\/p>\n<p>&nbsp;<\/p>\n<p><a class=\"Button Button--outline\" href=\"https:\/\/www.rentplanet.pl\/en\/technologies\/\">Find out more!<\/a><\/p>\n\n\t\t<\/div>\n\t<\/section>\n<\/div>\n<\/div><\/div>\n\n\n<div class=\"section__background\"  class=\"\">\n\t<section class=\"Container section flex flex-col gap-y-8 gap-x-4 lg:flex-row justify-between items-center py-8 lg:py-28  \">\n\t\t<div class=\"relative\">\n\t\t\t\t\t\t\t<img decoding=\"async\" class=\"relative z-[2]\" src=\"https:\/\/www.rentplanet.pl\/wp-content\/uploads\/2022\/10\/about-05.png\" alt=\"\">\n\t\t\t\t\t\t\t\t<\/div>\n\t\t<div class=\"xl:max-w-[552px]\">\n\t\t\t<h2><span style=\"color: #0f0a27;\"><strong>Revenue Management<\/strong><\/span><\/h2>\n<p>We base our work for owners on <strong>Revenue Management.<\/strong> We skilfully plan the demand for apartment stays in order to achieve an optimal relationship between occupancy and rental price.<\/p>\n\n\t\t<\/div>\n\t<\/section>\n<\/div>\n\n\n\n<div class=\"wp-block-group gray__section\"><div class=\"wp-block-group__inner-container is-layout-flow wp-block-group-is-layout-flow\"><div class=\"section__background\"  class=\"\">\n\t<section class=\"Container section flex flex-col gap-y-8 gap-x-4 lg:flex-row justify-between items-center py-8 lg:py-28  lg:flex-row-reverse\">\n\t\t<div class=\"relative\">\n\t\t\t\t\t\t\t<img decoding=\"async\" class=\"relative z-[2]\" src=\"https:\/\/www.rentplanet.pl\/wp-content\/uploads\/2022\/10\/about-06.png\" alt=\"\">\n\t\t\t\t\t\t\t\t<\/div>\n\t\t<div class=\"xl:max-w-[552px]\">\n\t\t\t<h2><strong>Integrity<\/strong><\/h2>\n<p>The basis of our cooperation with owners is <strong>mutual trust.<\/strong> We care about the transparency of our activities and fair billing. We are a reliable business partner, which is confirmed by a number of recommendations.<\/p>\n\n\t\t<\/div>\n\t<\/section>\n<\/div>\n<\/div><\/div>\n\n\n\n<div class=\"wp-block-group outsideimage__top\"><div class=\"wp-block-group__inner-container is-layout-flow wp-block-group-is-layout-flow\"><div class=\"section__background\"  class=\"\">\n\t<section class=\"Container section flex flex-col gap-y-8 gap-x-4 lg:flex-row justify-between items-center py-8 lg:py-28  \">\n\t\t<div class=\"relative\">\n\t\t\t\t\t\t\t<img decoding=\"async\" class=\"relative z-[2]\" src=\"https:\/\/www.rentplanet.pl\/wp-content\/uploads\/2022\/10\/about-07-1.png\" alt=\"\">\n\t\t\t\t\t\t\t\t\t\t<img decoding=\"async\" style=\"left:-100px;top:240px;\" class=\"outsideimage absolute hidden xl:block -translate-y-1\/2 z-[1]\" src=\"https:\/\/www.rentplanet.pl\/wp-content\/uploads\/2022\/10\/about-07-2.jpg\" alt=\"\"\/>\n\t\t\t\t\t<\/div>\n\t\t<div class=\"xl:max-w-[552px]\">\n\t\t\t<h2><strong>Ambition<\/strong><\/h2>\n<p>We are successively building a <strong>leading <\/strong>position <strong>in the <\/strong>short-term and long-term rental <strong>industry <\/strong>in Poland.<\/p>\n<p>Every day, we are recommended by apartment owners and satisfied guests who appreciate the new travel experience.<\/p>\n\n\t\t<\/div>\n\t<\/section>\n<\/div>\n<\/div><\/div>\n\n\n<section class=\"bg-dark py-12 md:py-24 relative coop\">\n\t<img decoding=\"async\" class=\"absolute -top-[238px] right-0 hidden md:block\" src=\"https:\/\/www.rentplanet.pl\/wp-content\/themes\/starter\/dist\/images\/img\/01-home\/home-04.png\" alt=\"\"\/>\n\t<div class=\"Container\">\n\t\t<div class=\"max-w-[480px]\"><h2><span style=\"color: #f7f8fa;\">Why choose <strong>RentPlanet?<\/strong><\/span><\/h2>\n<p><span style=\"color: #f7f8fa;\">RentPlanet is&#8230;:<\/span><\/p>\n<\/div>\n\t\t<div class=\"grid md:grid-cols-2 gap-12 md:gap-24 mt-12 md:mt-20\">\n\t\t\t\t\t\t\t<div class=\"border-t pt-12 border-tertiary\"><h3><span style=\"color: #f7f8fa;\"><strong>Sure profit<\/strong><\/span><\/h3>\n<p><span style=\"color: #f7f8fa;\">Our out-of-the-box knowledge, transparency and experience pay off and we multiply the profit of the investors who work with us.<\/span><\/p>\n<\/div>\n\t\t\t\t\t\t\t<div class=\"border-t pt-12 border-tertiary\"><h3><span style=\"color: #f7f8fa;\"><strong>Convenience<\/strong><\/span><\/h3>\n<p><span style=\"color: #f7f8fa;\">Apartment owners need not worry about anything. Professional rental management of their properties is what we do \u2013 and do well!<\/span><\/p>\n<\/div>\n\t\t\t\t\t\t\t<div class=\"border-t pt-12 border-tertiary\"><h3><span style=\"color: #f7f8fa;\"><strong>Freedom<\/strong><\/span><\/h3>\n<p><span style=\"color: #f7f8fa;\">We provide our partners with independence. We take on all the responsibilities. You merely enjoy your financial freedom, and let us work for you.<\/span><\/p>\n<\/div>\n\t\t\t\t\t\t\t<div class=\"border-t pt-12 border-tertiary\"><h3><span style=\"color: #f7f8fa;\"><strong>Freedom<\/strong><\/span><\/h3>\n<p><span style=\"color: #f7f8fa;\">In the apartments we manage, <\/span><br \/>\n<span style=\"color: #f7f8fa;\">guests also enjoy freedom to the <\/span><br \/>\n<span style=\"color: #f7f8fa;\">fullest extent. They feel at home. They do what they want. They relax according to their own ways.<\/span><\/p>\n<\/div>\n\t\t\t\t\t<\/div>\n\t<\/div>\n<\/section>\n","protected":false},"excerpt":{"rendered":"<p>What sets us apart? Profit orientation of rental housing owners Apartments and flats for short-term rental are intended to be profitable for the owners and beneficial for the guests, and to provide them with an unforgettable stay experience. All our activities serve this purpose.<\/p>\n","protected":false},"author":1,"featured_media":0,"parent":0,"menu_order":0,"comment_status":"closed","ping_status":"closed","template":"","meta":{"_acf_changed":false,"inline_featured_image":false,"_kad_blocks_custom_css":"","_kad_blocks_head_custom_js":"","_kad_blocks_body_custom_js":"","_kad_blocks_footer_custom_js":"","footnotes":""},"class_list":["post-1034","page","type-page","status-publish","hentry"],"acf":[],"yoast_head":"<!-- This site is optimized with the Yoast SEO plugin v27.6 - https:\/\/yoast.com\/product\/yoast-seo-wordpress\/ -->\n<title>About us - RentPlanet<\/title>\n<meta name=\"robots\" content=\"index, follow, max-snippet:-1, max-image-preview:large, max-video-preview:-1\" \/>\n<link rel=\"canonical\" href=\"https:\/\/www.rentplanet.pl\/en\/about-us\/\" \/>\n<meta property=\"og:locale\" content=\"en_US\" \/>\n<meta property=\"og:type\" content=\"article\" \/>\n<meta property=\"og:title\" content=\"About us - RentPlanet\" \/>\n<meta property=\"og:description\" content=\"What sets us apart? Profit orientation of rental housing owners Apartments and flats for short-term rental are intended to be profitable for the owners and beneficial for the guests, and to provide them with an unforgettable stay experience. All our activities serve this purpose.\" \/>\n<meta property=\"og:url\" content=\"https:\/\/www.rentplanet.pl\/en\/about-us\/\" \/>\n<meta property=\"og:site_name\" content=\"RentPlanet\" \/>\n<meta property=\"article:modified_time\" content=\"2026-03-09T09:43:52+00:00\" \/>\n<meta name=\"twitter:card\" content=\"summary_large_image\" \/>\n<script type=\"application\/ld+json\" class=\"yoast-schema-graph\">{\"@context\":\"https:\\\/\\\/schema.org\",\"@graph\":[{\"@type\":\"WebPage\",\"@id\":\"https:\\\/\\\/www.rentplanet.pl\\\/en\\\/about-us\\\/\",\"url\":\"https:\\\/\\\/www.rentplanet.pl\\\/en\\\/about-us\\\/\",\"name\":\"About us - RentPlanet\",\"isPartOf\":{\"@id\":\"https:\\\/\\\/www.rentplanet.pl\\\/#website\"},\"datePublished\":\"2022-10-20T13:12:55+00:00\",\"dateModified\":\"2026-03-09T09:43:52+00:00\",\"breadcrumb\":{\"@id\":\"https:\\\/\\\/www.rentplanet.pl\\\/en\\\/about-us\\\/#breadcrumb\"},\"inLanguage\":\"en-US\",\"potentialAction\":[{\"@type\":\"ReadAction\",\"target\":[\"https:\\\/\\\/www.rentplanet.pl\\\/en\\\/about-us\\\/\"]}]},{\"@type\":\"BreadcrumbList\",\"@id\":\"https:\\\/\\\/www.rentplanet.pl\\\/en\\\/about-us\\\/#breadcrumb\",\"itemListElement\":[{\"@type\":\"ListItem\",\"position\":1,\"name\":\"Strona g\u0142\u00f3wna\",\"item\":\"https:\\\/\\\/www.rentplanet.pl\\\/en\\\/\"},{\"@type\":\"ListItem\",\"position\":2,\"name\":\"About us\"}]},{\"@type\":\"WebSite\",\"@id\":\"https:\\\/\\\/www.rentplanet.pl\\\/#website\",\"url\":\"https:\\\/\\\/www.rentplanet.pl\\\/\",\"name\":\"RentPlanet\",\"description\":\"Profesjonalne zarz\u0105dzanie apartamentami z RentPlanet. Maksymalizujemy zysk i precyzyjnie zarz\u0105dzamy Twoj\u0105 inwestycj\u0105.\",\"potentialAction\":[{\"@type\":\"SearchAction\",\"target\":{\"@type\":\"EntryPoint\",\"urlTemplate\":\"https:\\\/\\\/www.rentplanet.pl\\\/?s={search_term_string}\"},\"query-input\":{\"@type\":\"PropertyValueSpecification\",\"valueRequired\":true,\"valueName\":\"search_term_string\"}}],\"inLanguage\":\"en-US\"}]}<\/script>\n<!-- \/ Yoast SEO plugin. -->","yoast_head_json":{"title":"About us - RentPlanet","robots":{"index":"index","follow":"follow","max-snippet":"max-snippet:-1","max-image-preview":"max-image-preview:large","max-video-preview":"max-video-preview:-1"},"canonical":"https:\/\/www.rentplanet.pl\/en\/about-us\/","og_locale":"en_US","og_type":"article","og_title":"About us - RentPlanet","og_description":"What sets us apart? Profit orientation of rental housing owners Apartments and flats for short-term rental are intended to be profitable for the owners and beneficial for the guests, and to provide them with an unforgettable stay experience. All our activities serve this purpose.","og_url":"https:\/\/www.rentplanet.pl\/en\/about-us\/","og_site_name":"RentPlanet","article_modified_time":"2026-03-09T09:43:52+00:00","twitter_card":"summary_large_image","schema":{"@context":"https:\/\/schema.org","@graph":[{"@type":"WebPage","@id":"https:\/\/www.rentplanet.pl\/en\/about-us\/","url":"https:\/\/www.rentplanet.pl\/en\/about-us\/","name":"About us - RentPlanet","isPartOf":{"@id":"https:\/\/www.rentplanet.pl\/#website"},"datePublished":"2022-10-20T13:12:55+00:00","dateModified":"2026-03-09T09:43:52+00:00","breadcrumb":{"@id":"https:\/\/www.rentplanet.pl\/en\/about-us\/#breadcrumb"},"inLanguage":"en-US","potentialAction":[{"@type":"ReadAction","target":["https:\/\/www.rentplanet.pl\/en\/about-us\/"]}]},{"@type":"BreadcrumbList","@id":"https:\/\/www.rentplanet.pl\/en\/about-us\/#breadcrumb","itemListElement":[{"@type":"ListItem","position":1,"name":"Strona g\u0142\u00f3wna","item":"https:\/\/www.rentplanet.pl\/en\/"},{"@type":"ListItem","position":2,"name":"About us"}]},{"@type":"WebSite","@id":"https:\/\/www.rentplanet.pl\/#website","url":"https:\/\/www.rentplanet.pl\/","name":"RentPlanet","description":"Profesjonalne zarz\u0105dzanie apartamentami z RentPlanet. Maksymalizujemy zysk i precyzyjnie zarz\u0105dzamy Twoj\u0105 inwestycj\u0105.","potentialAction":[{"@type":"SearchAction","target":{"@type":"EntryPoint","urlTemplate":"https:\/\/www.rentplanet.pl\/?s={search_term_string}"},"query-input":{"@type":"PropertyValueSpecification","valueRequired":true,"valueName":"search_term_string"}}],"inLanguage":"en-US"}]}},"taxonomy_info":[],"featured_image_src_large":false,"author_info":{"display_name":"kreacja","author_link":"https:\/\/www.rentplanet.pl\/en\/author\/kreacja\/"},"comment_info":0,"_links":{"self":[{"href":"https:\/\/www.rentplanet.pl\/en\/wp-json\/wp\/v2\/pages\/1034","targetHints":{"allow":["GET"]}}],"collection":[{"href":"https:\/\/www.rentplanet.pl\/en\/wp-json\/wp\/v2\/pages"}],"about":[{"href":"https:\/\/www.rentplanet.pl\/en\/wp-json\/wp\/v2\/types\/page"}],"author":[{"embeddable":true,"href":"https:\/\/www.rentplanet.pl\/en\/wp-json\/wp\/v2\/users\/1"}],"replies":[{"embeddable":true,"href":"https:\/\/www.rentplanet.pl\/en\/wp-json\/wp\/v2\/comments?post=1034"}],"version-history":[{"count":6,"href":"https:\/\/www.rentplanet.pl\/en\/wp-json\/wp\/v2\/pages\/1034\/revisions"}],"predecessor-version":[{"id":1798,"href":"https:\/\/www.rentplanet.pl\/en\/wp-json\/wp\/v2\/pages\/1034\/revisions\/1798"}],"wp:attachment":[{"href":"https:\/\/www.rentplanet.pl\/en\/wp-json\/wp\/v2\/media?parent=1034"}],"curies":[{"name":"wp","href":"https:\/\/api.w.org\/{rel}","templated":true}]}}