{"id":1042,"date":"2022-10-20T15:11:45","date_gmt":"2022-10-20T13:11:45","guid":{"rendered":"https:\/\/www.rentplanet.pl\/offer\/"},"modified":"2026-03-09T08:01:45","modified_gmt":"2026-03-09T07:01:45","slug":"offer","status":"publish","type":"page","link":"https:\/\/www.rentplanet.pl\/en\/offer\/","title":{"rendered":"Short-term rental"},"content":{"rendered":"<section style=\"background-color:\" class=\"baner relative\">\n\t<img decoding=\"async\" src=\"https:\/\/www.rentplanet.pl\/wp-content\/uploads\/2022\/10\/offer.jpg\" alt=\"\"\/>\n\t\t<div class=\"Container absolute top-1\/2 left-1\/2 transform -translate-x-1\/2 -translate-y-1\/2\">\n\t\t<p style=\"text-align: center;\"><strong><span class=\"text-sm\" style=\"color: #9996a3;\"><span class=\"section__headline\">OFFER<\/span><\/span><\/strong><\/p>\n<h1 style=\"text-align: center; font-size: 60px !important; line-height: 54px !important;\"><span style=\"color: #ffffff;\"><strong>Short-term rental.<\/strong><br \/>\nWe manage, you profit.<br \/>\n<\/span><\/h1>\n\n\t\t\t<\/div>\n\t\t\t<div class=\"absolute -bottom-4 left-1\/2 transform -translate-x-1\/2\">\n\t\t\t<div class=\"Button__outisde relative bg-white p-4 mb-2 rounded-t-[52px]\">\n\t\t\t\t<a class=\"Button block Button--secondary\" href=\"#more\">Check<\/a>\n\t\t\t\t<img decoding=\"async\" class=\"absolute -left-[51px] bottom-0 !w-[52px] !h-[52px] !min-h-[52px] filter__corner\" src=\"https:\/\/www.rentplanet.pl\/wp-content\/themes\/starter\/dist\/images\/corner-left.png\" alt=\"\"\/>\n\t\t\t\t<img decoding=\"async\" class=\"absolute -right-[51px] bottom-0 !w-[52px] !h-[52px] !min-h-[52px] filter__corner\" src=\"https:\/\/www.rentplanet.pl\/wp-content\/themes\/starter\/dist\/images\/corner-right.png\" alt=\"\"\/>\n\t\t\t<\/div>\n\t\t<\/div>\n\t\t<\/section>\n\n\n\n<div id=\"more\" class=\"wp-block-group\"><div class=\"wp-block-group__inner-container is-layout-constrained wp-block-group-is-layout-constrained\"><div class=\"section__background\"  style=\"background-image:url('https:\/\/www.rentplanet.pl\/wp-content\/uploads\/2022\/10\/offer-01.png'); background-position:left; background-repeat:no-repeat; background-size: 45% auto;\"  class=\"\">\n\t<section class=\"Container section flex flex-col gap-y-8 gap-x-4 lg:flex-row justify-between items-center py-8 lg:py-28  \">\n\t\t<div class=\"relative\">\n\t\t\t\t\t\t\t<img decoding=\"async\" class=\"relative z-[2] xxxl:hidden\" src=\"https:\/\/www.rentplanet.pl\/wp-content\/uploads\/2022\/10\/offer-01.png\" alt=\"\">\n\t\t\t\t\t\t\t\t<\/div>\n\t\t<div class=\"xl:max-w-[552px]\">\n\t\t\t<h2><span class=\"h1\"><strong>Effective property management<\/strong><\/span><\/h2>\n<p><span class=\"text-lg\">By entrusting your apartment to us, you ensure a steady income and complete safety, without engaging in the daily responsibilities related to renting. We take care of price optimization, booking management, guest communication, and keeping the apartment in perfect condition so that your profit is maximized and you can enjoy peace of mind.<\/span><\/p>\n<p>Thanks to our cooperation, your apartment will be visible on the largest booking platforms, with professional guest service and continuous monitoring of the apartment&#8217;s condition, ensuring that every reservation goes smoothly. You earn, and we take care of the rest!<\/p>\n\n\t\t<\/div>\n\t<\/section>\n<\/div>\n<\/div><\/div>\n\n\n\n<div id=\"border-b\" class=\"wp-block-group gray__section\"><div class=\"wp-block-group__inner-container is-layout-flow wp-block-group-is-layout-flow\"><div class=\"section__background\"  class=\"\">\n\t<section class=\"Container section flex flex-col gap-y-8 gap-x-4 lg:flex-row justify-between items-center py-8 lg:py-28  lg:flex-row-reverse\">\n\t\t<div class=\"relative\">\n\t\t\t\t\t\t\t<img decoding=\"async\" class=\"relative z-[2]\" src=\"https:\/\/www.rentplanet.pl\/wp-content\/uploads\/2022\/10\/about-05.png\" alt=\"\">\n\t\t\t\t\t\t\t\t<\/div>\n\t\t<div class=\"xl:max-w-[552px]\">\n\t\t\t<h2><strong><span class=\"h1\">Revenue management<\/span><\/strong><\/h2>\n<p>As part of integrating the apartment into our offer, we conduct a detailed competitive analysis, allowing us to prepare the most effective pricing strategy for a minimum of 12 months.<\/p>\n<p>We manage apartment rental prices and occupancy daily, along with online sales channels. Our focus is on offering stays at the best time, in the right place, and with consideration of all potential guest needs.<\/p>\n<p>We emphasize reliable forecasting, which is key to success in revenue management.<\/p>\n\n\t\t<\/div>\n\t<\/section>\n<\/div>\n<\/div><\/div>\n\n\n\n<div class=\"wp-block-group gray__section border-t\"><div class=\"wp-block-group__inner-container is-layout-flow wp-block-group-is-layout-flow\"><div class=\"section__background\"  class=\"\">\n\t<section class=\"Container section flex flex-col gap-y-8 gap-x-4 lg:flex-row justify-between items-center py-8 lg:py-28  \">\n\t\t<div class=\"relative\">\n\t\t\t\t\t\t\t<img decoding=\"async\" class=\"relative z-[2]\" src=\"https:\/\/www.rentplanet.pl\/wp-content\/uploads\/2022\/10\/offer-03.png\" alt=\"\">\n\t\t\t\t\t\t\t\t<\/div>\n\t\t<div class=\"xl:max-w-[552px]\">\n\t\t\t<h2><strong><span class=\"h1\">Marketing<\/span><\/strong><\/h2>\n<p><span class=\"text-lg\" style=\"color: #585666;\">For our partners, we carry out effective online and offline marketing activities. We conduct professional photo sessions of properties and create their profiles on several booking platforms, including Booking.com, AirBnB, and Expedia.<\/span><\/p>\n<p>Our tasks also include full synchronization of reservation profiles with the reservation calendar and sales of stays through our own platform at <a href=\"https:\/\/noclegi.rentplanet.pl\/\">platform <strong>noclegi.rentplanet.pl.<\/strong><\/a><\/p>\n\n\t\t<\/div>\n\t<\/section>\n<\/div>\n<\/div><\/div>\n\n\n\n<div class=\"wp-block-group banner__service\"><div class=\"wp-block-group__inner-container is-layout-flow wp-block-group-is-layout-flow\"><section class=\"\">\n\t<div class=\"ContainerGiant xxl:rounded-lg bg-cover bg-center\" style=\"background-image: url(https:\/\/www.rentplanet.pl\/wp-content\/uploads\/2022\/10\/offer-04.jpg);\">\n\t\t<div class=\"Container py-24 md:py-32\">\n\t\t\t<h2><span class=\"h1\" style=\"color: #f7f8fa;\"><strong>Guest Service and Apartment Maintenance<\/strong><\/span><\/h2>\n<p><span class=\"text-lg\" style=\"color: #f7f8fa;\">During the contract period, we provide comprehensive guest service \u2013 both before the stay begins and during it. We quickly prepare the apartment for the arrival of new guests.<\/span><\/p>\n<p><span style=\"color: #f7f8fa;\">We ensure professional cleaning service, take care of properly stocking the apartment, and address any issues that arise.<\/span><\/p>\n\n\n\t\t\t<div class=\"flex justify-between flex-col md:flex-row mt-12 md:mt-20 px-8\">\n\t\t\t\t\t\t\t<\/div>\n\t\t<\/div>\n\t<\/div>\n<\/section>\n<\/div><\/div>\n\n\n\n<div class=\"wp-block-group bg-dark\"><div class=\"wp-block-group__inner-container is-layout-flow wp-block-group-is-layout-flow\"><div class=\"section__background\"  class=\"\">\n\t<section class=\"Container section flex flex-col gap-y-8 gap-x-4 lg:flex-row justify-between items-center py-8 lg:py-28  \">\n\t\t<div class=\"relative\">\n\t\t\t\t\t\t\t<img decoding=\"async\" class=\"relative z-[2]\" src=\"https:\/\/www.rentplanet.pl\/wp-content\/uploads\/2022\/10\/offer-05.png\" alt=\"\">\n\t\t\t\t\t\t\t\t<\/div>\n\t\t<div class=\"xl:max-w-[552px]\">\n\t\t\t<h2><span class=\"h1\" style=\"color: #f7f8fa;\"><strong>Payment Settlement<\/strong><\/span><\/h2>\n<p><span class=\"text-lg\" style=\"color: #f7f8fa;\">With the convenience of investors in mind, we carry out full payment settlements for the rental of apartments and flats by guests.<\/span><\/p>\n<p><span style=\"color: #f7f8fa;\">We provide a special web application, RentPlanet, through which property owners have constant access to the reservation calendar and can monitor their income in real time.<\/span><\/p>\n<p><span style=\"color: #f7f8fa;\">We guarantee smooth financial handling and professional support for property owners cooperating with us.<\/span><\/p>\n\n\t\t<\/div>\n\t<\/section>\n<\/div>\n<\/div><\/div>\n\n\n<div class=\"section__background\"  class=\"\">\n\t<section class=\"Container section flex flex-col gap-y-8 gap-x-4 lg:flex-row justify-between items-center py-8 lg:py-28  lg:flex-row-reverse\">\n\t\t<div class=\"relative\">\n\t\t\t\t\t\t\t<img decoding=\"async\" class=\"relative z-[2]\" src=\"https:\/\/www.rentplanet.pl\/wp-content\/uploads\/2022\/10\/offer-06.png\" alt=\"\">\n\t\t\t\t\t\t\t\t<\/div>\n\t\t<div class=\"xl:max-w-[552px]\">\n\t\t\t<h2><span class=\"h1\"><strong>Renovation Support<\/strong><\/span><\/h2>\n<p><span class=\"text-lg\" style=\"color: #585666;\">We provide apartment owners with assistance in repairing damage that may arise from the use of the apartment. Minor repairs are handled on an ongoing basis, and we are also available for urgent events.<\/span><\/p>\n<p>If an owner plans a major renovation, thanks to our relationships with contractors, we offer renovation support at the best prices.<\/p>\n\n\t\t<\/div>\n\t<\/section>\n<\/div>\n\n\n<style>.kadence-column1042_e7cd5c-6f > .kt-inside-inner-col{padding-top:112px;padding-bottom:112px;}.kadence-column1042_e7cd5c-6f > .kt-inside-inner-col,.kadence-column1042_e7cd5c-6f > .kt-inside-inner-col:before{border-top-left-radius:0px;border-top-right-radius:0px;border-bottom-right-radius:0px;border-bottom-left-radius:0px;}.kadence-column1042_e7cd5c-6f > .kt-inside-inner-col{column-gap:var(--global-kb-gap-sm, 1rem);}.kadence-column1042_e7cd5c-6f > .kt-inside-inner-col{flex-direction:column;}.kadence-column1042_e7cd5c-6f > .kt-inside-inner-col > .aligncenter{width:100%;}.kadence-column1042_e7cd5c-6f > .kt-inside-inner-col:before{opacity:0.3;}.kadence-column1042_e7cd5c-6f{position:relative;}@media all and (max-width: 1024px){.kadence-column1042_e7cd5c-6f > .kt-inside-inner-col{padding-top:64px;padding-bottom:64px;flex-direction:column;justify-content:center;}}@media all and (max-width: 767px){.kadence-column1042_e7cd5c-6f > .kt-inside-inner-col{flex-direction:column;justify-content:center;}}<\/style>\n<div class=\"wp-block-kadence-column kadence-column1042_e7cd5c-6f Container\"><div class=\"kt-inside-inner-col\"><style>.wp-block-kadence-advancedheading.kt-adv-heading1042_4caf43-79, .wp-block-kadence-advancedheading.kt-adv-heading1042_4caf43-79[data-kb-block=\"kb-adv-heading1042_4caf43-79\"]{text-align:center;font-style:normal;}.wp-block-kadence-advancedheading.kt-adv-heading1042_4caf43-79 mark.kt-highlight, .wp-block-kadence-advancedheading.kt-adv-heading1042_4caf43-79[data-kb-block=\"kb-adv-heading1042_4caf43-79\"] mark.kt-highlight{font-style:normal;color:#f76a0c;-webkit-box-decoration-break:clone;box-decoration-break:clone;padding-top:0px;padding-right:0px;padding-bottom:0px;padding-left:0px;}.wp-block-kadence-advancedheading.kt-adv-heading1042_4caf43-79 img.kb-inline-image, .wp-block-kadence-advancedheading.kt-adv-heading1042_4caf43-79[data-kb-block=\"kb-adv-heading1042_4caf43-79\"] img.kb-inline-image{width:150px;vertical-align:baseline;}<\/style>\n<h2 class=\"kt-adv-heading1042_4caf43-79 wp-block-kadence-advancedheading\" data-kb-block=\"kb-adv-heading1042_4caf43-79\">Developers and owners of entire buildings <strong>trust us.<\/strong><\/h2>\n\n\n<style>.wp-block-kadence-advancedgallery.kb-gallery-wrap-id-1042_8f5d64-b8{overflow:hidden;}.kb-gallery-id-1042_8f5d64-b8 .kadence-blocks-gallery-item .kb-gal-image-radius, .kb-gallery-id-1042_8f5d64-b8 .kb-slide-item .kb-gal-image-radius img{border-radius:0px 0px 0px 0px;;}.kb-gallery-wrap-id-1042_8f5d64-b8.wp-block-kadence-advancedgallery{overflow:visible;}.kb-gallery-wrap-id-1042_8f5d64-b8.wp-block-kadence-advancedgallery .kt-blocks-carousel{overflow:visible;}<\/style><div class=\"kb-gallery-wrap-id-1042_8f5d64-b8 alignnone wp-block-kadence-advancedgallery\"><div class=\"kb-gallery-ul kb-gallery-non-static kb-gallery-type-carousel kb-gallery-id-1042_8f5d64-b8 kb-gallery-caption-style-bottom-hover kb-gallery-filter-none\" data-image-filter=\"none\" data-lightbox-caption=\"true\"><div class=\"kt-blocks-carousel splide kt-carousel-container-dotstyle-none kt-carousel-arrowstyle-none kt-carousel-dotstyle-none kb-slider-group-arrow kb-slider-arrow-position-center\" data-columns-xxl=\"5\" data-columns-xl=\"5\" data-columns-md=\"5\" data-columns-sm=\"4\" data-columns-xs=\"4\" data-columns-ss=\"3\" data-slider-anim-speed=\"400\" data-slider-scroll=\"1\" data-slider-arrows=\"false\" data-slider-dots=\"false\" data-slider-hover-pause=\"false\" data-slider-auto=\"1\" data-slider-speed=\"4000\" data-slider-gap=\"32px\" data-slider-gap-tablet=\"32px\" data-slider-gap-mobile=\"32px\" data-show-pause-button=\"false\" data-slider-label=\"Photo Gallery Carousel\"><div class=\"splide__track\"><ul class=\"kt-blocks-carousel-init kb-gallery-carousel splide__list\"><li class=\"kb-slide-item kb-gallery-carousel-item splide__slide\"><div class=\"kadence-blocks-gallery-item\"><div class=\"kadence-blocks-gallery-item-inner\"><figure class=\"kb-gallery-figure kadence-blocks-gallery-item-hide-caption\"><div class=\"kb-gal-image-radius\"><div class=\"kb-gallery-image-contain kadence-blocks-gallery-intrinsic kb-gallery-image-ratio-inherit kb-has-image-ratio-inherit\" ><img loading=\"lazy\" decoding=\"async\" src=\"https:\/\/www.rentplanet.pl\/wp-content\/uploads\/2024\/07\/chlebova.png\" width=\"1012\" height=\"165\" alt=\"\" data-full-image=\"https:\/\/www.rentplanet.pl\/wp-content\/uploads\/2024\/07\/chlebova.png\" data-light-image=\"https:\/\/www.rentplanet.pl\/wp-content\/uploads\/2024\/07\/chlebova.png\" data-id=\"1918\" class=\"wp-image-1918 skip-lazy\" srcset=\"https:\/\/www.rentplanet.pl\/wp-content\/uploads\/2024\/07\/chlebova.png 1012w, https:\/\/www.rentplanet.pl\/wp-content\/uploads\/2024\/07\/chlebova-300x49.png 300w, https:\/\/www.rentplanet.pl\/wp-content\/uploads\/2024\/07\/chlebova-768x125.png 768w\" sizes=\"auto, (max-width: 1012px) 100vw, 1012px\" \/><\/div><\/div><\/figure><\/div><\/div><\/li><li class=\"kb-slide-item kb-gallery-carousel-item splide__slide\"><div class=\"kadence-blocks-gallery-item\"><div class=\"kadence-blocks-gallery-item-inner\"><figure class=\"kb-gallery-figure kadence-blocks-gallery-item-hide-caption\"><div class=\"kb-gal-image-radius\"><div class=\"kb-gallery-image-contain kadence-blocks-gallery-intrinsic kb-gallery-image-ratio-inherit kb-has-image-ratio-inherit\" ><img loading=\"lazy\" decoding=\"async\" src=\"https:\/\/www.rentplanet.pl\/wp-content\/uploads\/2024\/07\/emili.png\" width=\"347\" height=\"261\" alt=\"\" data-full-image=\"https:\/\/www.rentplanet.pl\/wp-content\/uploads\/2024\/07\/emili.png\" data-light-image=\"https:\/\/www.rentplanet.pl\/wp-content\/uploads\/2024\/07\/emili.png\" data-id=\"1920\" class=\"wp-image-1920 skip-lazy\" srcset=\"https:\/\/www.rentplanet.pl\/wp-content\/uploads\/2024\/07\/emili.png 347w, https:\/\/www.rentplanet.pl\/wp-content\/uploads\/2024\/07\/emili-300x226.png 300w\" sizes=\"auto, (max-width: 347px) 100vw, 347px\" \/><\/div><\/div><\/figure><\/div><\/div><\/li><li class=\"kb-slide-item kb-gallery-carousel-item splide__slide\"><div class=\"kadence-blocks-gallery-item\"><div class=\"kadence-blocks-gallery-item-inner\"><figure class=\"kb-gallery-figure kadence-blocks-gallery-item-hide-caption\"><div class=\"kb-gal-image-radius\"><div class=\"kb-gallery-image-contain kadence-blocks-gallery-intrinsic kb-gallery-image-ratio-inherit kb-has-image-ratio-inherit\" ><img loading=\"lazy\" decoding=\"async\" src=\"https:\/\/www.rentplanet.pl\/wp-content\/uploads\/2024\/07\/izerski.png\" width=\"369\" height=\"259\" alt=\"\" data-full-image=\"https:\/\/www.rentplanet.pl\/wp-content\/uploads\/2024\/07\/izerski.png\" data-light-image=\"https:\/\/www.rentplanet.pl\/wp-content\/uploads\/2024\/07\/izerski.png\" data-id=\"1922\" class=\"wp-image-1922 skip-lazy\" srcset=\"https:\/\/www.rentplanet.pl\/wp-content\/uploads\/2024\/07\/izerski.png 369w, https:\/\/www.rentplanet.pl\/wp-content\/uploads\/2024\/07\/izerski-300x211.png 300w\" sizes=\"auto, (max-width: 369px) 100vw, 369px\" \/><\/div><\/div><\/figure><\/div><\/div><\/li><li class=\"kb-slide-item kb-gallery-carousel-item splide__slide\"><div class=\"kadence-blocks-gallery-item\"><div class=\"kadence-blocks-gallery-item-inner\"><figure class=\"kb-gallery-figure kadence-blocks-gallery-item-hide-caption\"><div class=\"kb-gal-image-radius\"><div class=\"kb-gallery-image-contain kadence-blocks-gallery-intrinsic kb-gallery-image-ratio-inherit kb-has-image-ratio-inherit\" ><img loading=\"lazy\" decoding=\"async\" src=\"https:\/\/www.rentplanet.pl\/wp-content\/uploads\/2024\/07\/kras.png\" width=\"495\" height=\"230\" alt=\"\" data-full-image=\"https:\/\/www.rentplanet.pl\/wp-content\/uploads\/2024\/07\/kras.png\" data-light-image=\"https:\/\/www.rentplanet.pl\/wp-content\/uploads\/2024\/07\/kras.png\" data-id=\"1926\" class=\"wp-image-1926 skip-lazy\" srcset=\"https:\/\/www.rentplanet.pl\/wp-content\/uploads\/2024\/07\/kras.png 495w, https:\/\/www.rentplanet.pl\/wp-content\/uploads\/2024\/07\/kras-300x139.png 300w\" sizes=\"auto, (max-width: 495px) 100vw, 495px\" \/><\/div><\/div><\/figure><\/div><\/div><\/li><li class=\"kb-slide-item kb-gallery-carousel-item splide__slide\"><div class=\"kadence-blocks-gallery-item\"><div class=\"kadence-blocks-gallery-item-inner\"><figure class=\"kb-gallery-figure kadence-blocks-gallery-item-hide-caption\"><div class=\"kb-gal-image-radius\"><div class=\"kb-gallery-image-contain kadence-blocks-gallery-intrinsic kb-gallery-image-ratio-inherit kb-has-image-ratio-inherit\" ><img loading=\"lazy\" decoding=\"async\" src=\"https:\/\/www.rentplanet.pl\/wp-content\/uploads\/2024\/07\/toscom.png\" width=\"797\" height=\"162\" alt=\"\" data-full-image=\"https:\/\/www.rentplanet.pl\/wp-content\/uploads\/2024\/07\/toscom.png\" data-light-image=\"https:\/\/www.rentplanet.pl\/wp-content\/uploads\/2024\/07\/toscom.png\" data-id=\"1930\" class=\"wp-image-1930 skip-lazy\" srcset=\"https:\/\/www.rentplanet.pl\/wp-content\/uploads\/2024\/07\/toscom.png 797w, https:\/\/www.rentplanet.pl\/wp-content\/uploads\/2024\/07\/toscom-300x61.png 300w, https:\/\/www.rentplanet.pl\/wp-content\/uploads\/2024\/07\/toscom-768x156.png 768w\" sizes=\"auto, (max-width: 797px) 100vw, 797px\" \/><\/div><\/div><\/figure><\/div><\/div><\/li><\/ul><\/div><\/div><\/div><\/div><\/div><\/div>\n\n\n\n<div class=\"wp-block-group\"><div class=\"wp-block-group__inner-container is-layout-flow wp-block-group-is-layout-flow\"><div class=\"section__background\"  class=\"\">\n\t<section class=\"Container section flex flex-col gap-y-8 gap-x-4 lg:flex-row justify-between items-center py-8 lg:py-28  lg:flex-row-reverse\">\n\t\t<div class=\"relative\">\n\t\t\t\t\t\t\t<img decoding=\"async\" class=\"relative z-[2]\" src=\"https:\/\/www.rentplanet.pl\/wp-content\/uploads\/2026\/03\/mapa-1.jpg\" alt=\"\">\n\t\t\t\t\t\t\t\t<\/div>\n\t\t<div class=\"xl:max-w-[552px]\">\n\t\t\t<h2><span class=\"h1\">Where do we operate?<\/span><\/h2>\n<p><\/p>\n<ul>\n<li>Warsaw<\/li>\n<li>Gdansk<\/li>\n<li>Wroclaw<\/li>\n<li>Szklarska Poreba<\/li>\n<li>Swieradow-Zdroj<\/li>\n<li>Koscielisko<\/li>\n<li>Zakopane<\/li>\n<li>Poznan<\/li>\n<li>Rogowo<\/li>\n<li>Katowice<\/li>\n<li>Cracow<\/li>\n<li>Karpacz<\/li>\n<li>Mielno<\/li>\n<li>Kolobrzeg<\/li>\n<li>and many others&#8230;<\/li>\n<\/ul>\n<p><span class=\"text-lg\" style=\"color: #585666;\">Are you the owner of a large property in any city? We will prepare an individual offer for you.<\/span><\/p>\n\n\t\t<\/div>\n\t<\/section>\n<\/div>\n<\/div><\/div>\n","protected":false},"excerpt":{"rendered":"<p>Developers and owners of entire buildings trust us.<\/p>\n","protected":false},"author":1,"featured_media":0,"parent":0,"menu_order":0,"comment_status":"closed","ping_status":"closed","template":"","meta":{"_acf_changed":false,"inline_featured_image":false,"_kad_blocks_custom_css":"","_kad_blocks_head_custom_js":"","_kad_blocks_body_custom_js":"","_kad_blocks_footer_custom_js":"","footnotes":""},"class_list":["post-1042","page","type-page","status-publish","hentry"],"acf":[],"yoast_head":"<!-- This site is optimized with the Yoast SEO plugin v27.5 - https:\/\/yoast.com\/product\/yoast-seo-wordpress\/ -->\n<title>Short-term rental - RentPlanet<\/title>\n<meta name=\"robots\" content=\"index, follow, max-snippet:-1, max-image-preview:large, max-video-preview:-1\" \/>\n<link rel=\"canonical\" href=\"https:\/\/www.rentplanet.pl\/en\/offer\/\" \/>\n<meta property=\"og:locale\" content=\"en_US\" \/>\n<meta property=\"og:type\" content=\"article\" \/>\n<meta property=\"og:title\" content=\"Short-term rental - RentPlanet\" \/>\n<meta property=\"og:description\" content=\"Developers and owners of entire buildings trust us.\" \/>\n<meta property=\"og:url\" content=\"https:\/\/www.rentplanet.pl\/en\/offer\/\" \/>\n<meta property=\"og:site_name\" content=\"RentPlanet\" \/>\n<meta property=\"article:modified_time\" content=\"2026-03-09T07:01:45+00:00\" \/>\n<meta name=\"twitter:card\" content=\"summary_large_image\" \/>\n<meta name=\"twitter:label1\" content=\"Est. reading time\" \/>\n\t<meta name=\"twitter:data1\" content=\"1 minute\" \/>\n<script type=\"application\/ld+json\" class=\"yoast-schema-graph\">{\"@context\":\"https:\\\/\\\/schema.org\",\"@graph\":[{\"@type\":\"WebPage\",\"@id\":\"https:\\\/\\\/www.rentplanet.pl\\\/en\\\/offer\\\/\",\"url\":\"https:\\\/\\\/www.rentplanet.pl\\\/en\\\/offer\\\/\",\"name\":\"Short-term rental - RentPlanet\",\"isPartOf\":{\"@id\":\"https:\\\/\\\/www.rentplanet.pl\\\/#website\"},\"datePublished\":\"2022-10-20T13:11:45+00:00\",\"dateModified\":\"2026-03-09T07:01:45+00:00\",\"breadcrumb\":{\"@id\":\"https:\\\/\\\/www.rentplanet.pl\\\/en\\\/offer\\\/#breadcrumb\"},\"inLanguage\":\"en-US\",\"potentialAction\":[{\"@type\":\"ReadAction\",\"target\":[\"https:\\\/\\\/www.rentplanet.pl\\\/en\\\/offer\\\/\"]}]},{\"@type\":\"BreadcrumbList\",\"@id\":\"https:\\\/\\\/www.rentplanet.pl\\\/en\\\/offer\\\/#breadcrumb\",\"itemListElement\":[{\"@type\":\"ListItem\",\"position\":1,\"name\":\"Strona g\u0142\u00f3wna\",\"item\":\"https:\\\/\\\/www.rentplanet.pl\\\/en\\\/\"},{\"@type\":\"ListItem\",\"position\":2,\"name\":\"Short-term rental\"}]},{\"@type\":\"WebSite\",\"@id\":\"https:\\\/\\\/www.rentplanet.pl\\\/#website\",\"url\":\"https:\\\/\\\/www.rentplanet.pl\\\/\",\"name\":\"RentPlanet\",\"description\":\"Profesjonalne zarz\u0105dzanie apartamentami z RentPlanet. Maksymalizujemy zysk i precyzyjnie zarz\u0105dzamy Twoj\u0105 inwestycj\u0105.\",\"potentialAction\":[{\"@type\":\"SearchAction\",\"target\":{\"@type\":\"EntryPoint\",\"urlTemplate\":\"https:\\\/\\\/www.rentplanet.pl\\\/?s={search_term_string}\"},\"query-input\":{\"@type\":\"PropertyValueSpecification\",\"valueRequired\":true,\"valueName\":\"search_term_string\"}}],\"inLanguage\":\"en-US\"}]}<\/script>\n<!-- \/ Yoast SEO plugin. -->","yoast_head_json":{"title":"Short-term rental - RentPlanet","robots":{"index":"index","follow":"follow","max-snippet":"max-snippet:-1","max-image-preview":"max-image-preview:large","max-video-preview":"max-video-preview:-1"},"canonical":"https:\/\/www.rentplanet.pl\/en\/offer\/","og_locale":"en_US","og_type":"article","og_title":"Short-term rental - RentPlanet","og_description":"Developers and owners of entire buildings trust us.","og_url":"https:\/\/www.rentplanet.pl\/en\/offer\/","og_site_name":"RentPlanet","article_modified_time":"2026-03-09T07:01:45+00:00","twitter_card":"summary_large_image","twitter_misc":{"Est. reading time":"1 minute"},"schema":{"@context":"https:\/\/schema.org","@graph":[{"@type":"WebPage","@id":"https:\/\/www.rentplanet.pl\/en\/offer\/","url":"https:\/\/www.rentplanet.pl\/en\/offer\/","name":"Short-term rental - RentPlanet","isPartOf":{"@id":"https:\/\/www.rentplanet.pl\/#website"},"datePublished":"2022-10-20T13:11:45+00:00","dateModified":"2026-03-09T07:01:45+00:00","breadcrumb":{"@id":"https:\/\/www.rentplanet.pl\/en\/offer\/#breadcrumb"},"inLanguage":"en-US","potentialAction":[{"@type":"ReadAction","target":["https:\/\/www.rentplanet.pl\/en\/offer\/"]}]},{"@type":"BreadcrumbList","@id":"https:\/\/www.rentplanet.pl\/en\/offer\/#breadcrumb","itemListElement":[{"@type":"ListItem","position":1,"name":"Strona g\u0142\u00f3wna","item":"https:\/\/www.rentplanet.pl\/en\/"},{"@type":"ListItem","position":2,"name":"Short-term rental"}]},{"@type":"WebSite","@id":"https:\/\/www.rentplanet.pl\/#website","url":"https:\/\/www.rentplanet.pl\/","name":"RentPlanet","description":"Profesjonalne zarz\u0105dzanie apartamentami z RentPlanet. Maksymalizujemy zysk i precyzyjnie zarz\u0105dzamy Twoj\u0105 inwestycj\u0105.","potentialAction":[{"@type":"SearchAction","target":{"@type":"EntryPoint","urlTemplate":"https:\/\/www.rentplanet.pl\/?s={search_term_string}"},"query-input":{"@type":"PropertyValueSpecification","valueRequired":true,"valueName":"search_term_string"}}],"inLanguage":"en-US"}]}},"taxonomy_info":[],"featured_image_src_large":false,"author_info":{"display_name":"kreacja","author_link":"https:\/\/www.rentplanet.pl\/en\/author\/kreacja\/"},"comment_info":0,"_links":{"self":[{"href":"https:\/\/www.rentplanet.pl\/en\/wp-json\/wp\/v2\/pages\/1042","targetHints":{"allow":["GET"]}}],"collection":[{"href":"https:\/\/www.rentplanet.pl\/en\/wp-json\/wp\/v2\/pages"}],"about":[{"href":"https:\/\/www.rentplanet.pl\/en\/wp-json\/wp\/v2\/types\/page"}],"author":[{"embeddable":true,"href":"https:\/\/www.rentplanet.pl\/en\/wp-json\/wp\/v2\/users\/1"}],"replies":[{"embeddable":true,"href":"https:\/\/www.rentplanet.pl\/en\/wp-json\/wp\/v2\/comments?post=1042"}],"version-history":[{"count":18,"href":"https:\/\/www.rentplanet.pl\/en\/wp-json\/wp\/v2\/pages\/1042\/revisions"}],"predecessor-version":[{"id":3846,"href":"https:\/\/www.rentplanet.pl\/en\/wp-json\/wp\/v2\/pages\/1042\/revisions\/3846"}],"wp:attachment":[{"href":"https:\/\/www.rentplanet.pl\/en\/wp-json\/wp\/v2\/media?parent=1042"}],"curies":[{"name":"wp","href":"https:\/\/api.w.org\/{rel}","templated":true}]}}