{"id":1048,"date":"2022-11-10T00:10:58","date_gmt":"2022-11-09T23:10:58","guid":{"rendered":"https:\/\/www.rentplanet.pl\/apartment-management-warsaw\/"},"modified":"2026-03-09T10:51:56","modified_gmt":"2026-03-09T09:51:56","slug":"apartment-management-warsaw","status":"publish","type":"page","link":"https:\/\/www.rentplanet.pl\/en\/apartment-management-warsaw\/","title":{"rendered":"Apartment management \u2013 Warsaw"},"content":{"rendered":"<section style=\"background-color:#232633\" class=\"baner relative\">\n\t<img decoding=\"async\" src=\"https:\/\/www.rentplanet.pl\/wp-content\/uploads\/2022\/10\/hero.jpg\" alt=\"\"\/>\n\t\t<div class=\"Container absolute top-1\/2 left-1\/2 transform -translate-x-1\/2 -translate-y-1\/2\">\n\t\t<p>&nbsp;<\/p>\n<p><span style=\"color: #f7f8fa;\"><strong>Get ready to make a profit with RentPlanet!\u00a0 <\/strong><\/span><\/p>\n<h1><span style=\"color: #f7f8fa;\"><strong>Apartment management \u2013 Warsaw<\/strong><\/span><\/h1>\n<p><span style=\"color: #f7f8fa;\"><strong>Monthly profit <\/strong><\/span><\/p>\n<p><span style=\"color: #f7f8fa;\">We provide the highest rental income for the flats <\/span><br \/>\n<span style=\"color: #f7f8fa;\">and regular monetary transfers to the owners each month.<\/span><\/p>\n<p><span style=\"color: #f7f8fa;\"><strong>Highest prices <\/strong><\/span><\/p>\n<p><span style=\"color: #f7f8fa;\">We achieve the highest stay prices through proven <\/span><br \/>\n<span style=\"color: #f7f8fa;\">methods of maximising revenue and optimising occupancy.<\/span><\/p>\n<p><span style=\"color: #f7f8fa;\"><strong>Saving time <\/strong><\/span><\/p>\n<p><span style=\"color: #f7f8fa;\">We manage the rental of apartments in Warsaw and generate <\/span><br \/>\n<span style=\"color: #f7f8fa;\">a high profit, while you have more time for other professional activities.<\/span><\/p>\n\n\t\t\t<\/div>\n\t\t<\/section>\n\n\n\n<div style=\"height:50px\" aria-hidden=\"true\" class=\"wp-block-spacer\"><\/div>\n\n\n<section class=\"py-12\">\n\t<div class=\"\">\n\t\t<div class=\"Container \">\n\t\t\t<h2 style=\"text-align: center;\"><span style=\"color: #f7f8fa;\"><strong>Comprehensive management of short-term rentals in Warsaw<\/strong><\/span><\/h2>\n<p style=\"text-align: center;\"><span style=\"color: #f7f8fa;\">Our offer includes:<\/span><\/p>\n\n\t\t<\/div>\n\t\t<div class=\"benefits-slider mt-12\">\n\t\t\t<div class=\"swiper\">\n\t\t\t\t<div class=\"swiper-prev-btn\">\n\t\t\t\t\t<?xml version=\"1.0\" encoding=\"UTF-8\"?>\n<svg width=\"16px\" class=\"ml-2\" height=\"15px\" viewBox=\"0 0 16 15\" version=\"1.1\" xmlns=\"http:\/\/www.w3.org\/2000\/svg\" xmlns:xlink=\"http:\/\/www.w3.org\/1999\/xlink\">\n    <title>icons\/ui\/arrow<\/title>\n    <g id=\"Projekt\" stroke=\"none\" stroke-width=\"1\" fill=\"none\" fill-rule=\"evenodd\" stroke-linejoin=\"round\">\n        <g id=\"09-Kontakt\" transform=\"translate(-534.000000, -558.000000)\" fill=\"#FF3E3A\" fill-rule=\"nonzero\" stroke=\"#FF3E3A\">\n            <g id=\"button\" transform=\"translate(376.000000, 538.000000)\">\n                <g id=\"icons\/ui\/arrow\" transform=\"translate(159.000000, 21.000000)\">\n                    <g id=\"arrow-right\" transform=\"translate(6.999590, 7.000000) scale(-1, 1) translate(-6.999590, -7.000000) \">\n                        <polygon id=\"Path\" points=\"13.9991805 7.64 2.43586154 7.63705778 7.89895648 13.10028 6.99923645 14 0 7.00076355 7.00076355 0 7.90048358 0.899720031 2.43586154 6.36446933 13.9991805 6.36\"><\/polygon>\n                    <\/g>\n                <\/g>\n            <\/g>\n        <\/g>\n    <\/g>\n<\/svg>\n\t\t\t\t<\/div>\n\t\t\t\t<div class=\"swiper-next-btn\">\n\t\t\t\t\t<?xml version=\"1.0\" encoding=\"UTF-8\"?>\n<svg width=\"16px\" class=\"ml-2\" height=\"15px\" viewBox=\"0 0 16 15\" version=\"1.1\" xmlns=\"http:\/\/www.w3.org\/2000\/svg\" xmlns:xlink=\"http:\/\/www.w3.org\/1999\/xlink\">\n    <title>icons\/ui\/arrow<\/title>\n    <g id=\"Projekt\" stroke=\"none\" stroke-width=\"1\" fill=\"none\" fill-rule=\"evenodd\" stroke-linejoin=\"round\">\n        <g id=\"09-Kontakt\" transform=\"translate(-534.000000, -558.000000)\" fill=\"#FF3E3A\" fill-rule=\"nonzero\" stroke=\"#FF3E3A\">\n            <g id=\"button\" transform=\"translate(376.000000, 538.000000)\">\n                <g id=\"icons\/ui\/arrow\" transform=\"translate(159.000000, 21.000000)\">\n                    <g id=\"arrow-right\" transform=\"translate(6.999590, 7.000000) scale(-1, 1) translate(-6.999590, -7.000000) \">\n                        <polygon id=\"Path\" points=\"13.9991805 7.64 2.43586154 7.63705778 7.89895648 13.10028 6.99923645 14 0 7.00076355 7.00076355 0 7.90048358 0.899720031 2.43586154 6.36446933 13.9991805 6.36\"><\/polygon>\n                    <\/g>\n                <\/g>\n            <\/g>\n        <\/g>\n    <\/g>\n<\/svg>\n\t\t\t\t<\/div>\n\t\t\t\t<div class=\"swiper-wrapper py-12 cursor-pointer select-none px-4 giant:px-0\">\n\t\t\t\t\t\t\t\t\t\t\t<div class=\"swiper-slide\">\n\t\t\t\t\t\t\t<div class=\"p-12 border border-tertiary rounded-lg text-center h-full\">\n\t\t\t\t\t\t\t\t<p>We present and offer apartments for rent through the rentplanet.pl platform, and other popular booking sites, as well as our own <strong>noclegi.rentplanet.pl <\/strong>platform.<\/p>\n\n\t\t\t\t\t\t\t\t\t\t\t\t\t\t\t\t\t<div class=\"absolute h-[72px] -top-[32px] left-1\/2 transform -translate-x-1\/2 w-[240px] bg-white text-center flex items-center justify-center\"><p><strong>Modern marketing <\/strong><\/p>\n<\/div>\n\t\t\t\t\t\t\t\t\t\t\t\t\t\t\t\t<div class=\"absolute top-8 -left-[16px] flex items-center justify-center bg-white py-2\"><img decoding=\"async\" class=\"\" src=\"https:\/\/www.rentplanet.pl\/wp-content\/uploads\/2022\/10\/01-nowoczesny-marketing.svg\" alt=\"\"\/><\/div>\n\t\t\t\t\t\t\t<\/div>\n\t\t\t\t\t\t<\/div>\n\t\t\t\t\t\t\t\t\t\t\t<div class=\"swiper-slide\">\n\t\t\t\t\t\t\t<div class=\"p-12 border border-tertiary rounded-lg text-center h-full\">\n\t\t\t\t\t\t\t\t<p>We are at your guests&#8217; disposal and look after their comfort and safety 24\/7\/. We offer service in several languages.<\/p>\n\n\t\t\t\t\t\t\t\t\t\t\t\t\t\t\t\t\t<div class=\"absolute h-[72px] -top-[32px] left-1\/2 transform -translate-x-1\/2 w-[240px] bg-white text-center flex items-center justify-center\"><p><strong>24-hour guest service<\/strong><\/p>\n<\/div>\n\t\t\t\t\t\t\t\t\t\t\t\t\t\t\t\t<div class=\"absolute top-8 -left-[16px] flex items-center justify-center bg-white py-2\"><img decoding=\"async\" class=\"\" src=\"https:\/\/www.rentplanet.pl\/wp-content\/uploads\/2022\/10\/02-calodobowa-obsluga.svg\" alt=\"\"\/><\/div>\n\t\t\t\t\t\t\t<\/div>\n\t\t\t\t\t\t<\/div>\n\t\t\t\t\t\t\t\t\t\t\t<div class=\"swiper-slide\">\n\t\t\t\t\t\t\t<div class=\"p-12 border border-tertiary rounded-lg text-center h-full\">\n\t\t\t\t\t\t\t\t<p>We manage rental prices to make the most of your apartment&#8217;s potential, optimise occupancy and increase the average rental price.<\/p>\n\n\t\t\t\t\t\t\t\t\t\t\t\t\t\t\t\t\t<div class=\"absolute h-[72px] -top-[32px] left-1\/2 transform -translate-x-1\/2 w-[240px] bg-white text-center flex items-center justify-center\"><p><strong>Dynamic changes in rental prices<\/strong><\/p>\n<\/div>\n\t\t\t\t\t\t\t\t\t\t\t\t\t\t\t\t<div class=\"absolute top-8 -left-[16px] flex items-center justify-center bg-white py-2\"><img decoding=\"async\" class=\"\" src=\"https:\/\/www.rentplanet.pl\/wp-content\/uploads\/2022\/10\/03-dynamiczne-zmiany-cen-1.svg\" alt=\"\"\/><\/div>\n\t\t\t\t\t\t\t<\/div>\n\t\t\t\t\t\t<\/div>\n\t\t\t\t\t\t\t\t\t\t\t<div class=\"swiper-slide\">\n\t\t\t\t\t\t\t<div class=\"p-12 border border-tertiary rounded-lg text-center h-full\">\n\t\t\t\t\t\t\t\t<p>We look after your apartment at all times. We provide a cleaning service and necessary repairs to take the chore of looking after your property off your hands.<\/p>\n\n\t\t\t\t\t\t\t\t\t\t\t\t\t\t\t\t\t<div class=\"absolute h-[72px] -top-[32px] left-1\/2 transform -translate-x-1\/2 w-[240px] bg-white text-center flex items-center justify-center\"><p><strong>Care and service <\/strong><\/p>\n<\/div>\n\t\t\t\t\t\t\t\t\t\t\t\t\t\t\t\t<div class=\"absolute top-8 -left-[16px] flex items-center justify-center bg-white py-2\"><img decoding=\"async\" class=\"\" src=\"https:\/\/www.rentplanet.pl\/wp-content\/uploads\/2022\/10\/04-opieka.svg\" alt=\"\"\/><\/div>\n\t\t\t\t\t\t\t<\/div>\n\t\t\t\t\t\t<\/div>\n\t\t\t\t\t\t\t\t\t\t\t<div class=\"swiper-slide\">\n\t\t\t\t\t\t\t<div class=\"p-12 border border-tertiary rounded-lg text-center h-full\">\n\t\t\t\t\t\t\t\t<p>We prepare your flat for rental so that it meets all your guests&#8217; expectations and rents quickly and at the highest prices.<\/p>\n\n\t\t\t\t\t\t\t\t\t\t\t\t\t\t\t\t\t<div class=\"absolute h-[72px] -top-[32px] left-1\/2 transform -translate-x-1\/2 w-[240px] bg-white text-center flex items-center justify-center\"><p><strong>Professional home staging <\/strong><\/p>\n<\/div>\n\t\t\t\t\t\t\t\t\t\t\t\t\t\t\t\t<div class=\"absolute top-8 -left-[16px] flex items-center justify-center bg-white py-2\"><img decoding=\"async\" class=\"\" src=\"https:\/\/www.rentplanet.pl\/wp-content\/uploads\/2022\/10\/05-home-staging.svg\" alt=\"\"\/><\/div>\n\t\t\t\t\t\t\t<\/div>\n\t\t\t\t\t\t<\/div>\n\t\t\t\t\t\t\t\t\t<\/div>\n\t\t\t<\/div>\n\t\t<\/div>\n\t<\/div>\n<\/section>\n\n\n<section class=\"pt-6 pb-12 md:pb-16 md:pt-10 xl:pb-24\">\n\t<div class=\"mx-auto\"><p style=\"text-align: center;\"><span style=\"text-align: center;\"><strong><span class=\"section__headline\" style=\"color: #ff3e3a;\">STAGES<\/span><\/strong><\/span><\/p>\n<h2 style=\"text-align: center;\"><span class=\"h1\" style=\"text-align: center;\"><strong>Tenancy management in Warsaw step by step <\/strong><\/span><\/h2>\n<p style=\"text-align: center;\">Here is what working with us looks like. You just need to take only a few simple steps!<\/p>\n<\/div>\n\t\t\t<div class=\"steps Container grid md:grid-cols-2 xl:grid-cols-3 gap-x-24 gap-y-6 md:gap-y-10 lg:gap-y-16 mt-10 md:mt-20\">\n\t\t\t\t\t\t\t\t\t\t\n\t\t\t\t<div class=\"step step1 flex flex-col flex-end\">\n\t\t\t\t\t<div class=\"step__lines flex justify-between relative -left-6\">\n\t\t\t\t\t\t<img decoding=\"async\" src=\"https:\/\/www.rentplanet.pl\/wp-content\/themes\/starter\/dist\/images\/icons\/home\/step.svg\" alt=\"\"\/>\n\t\t\t\t\t\t<img decoding=\"async\" class=\"object-none w-[80%]\" src=\"https:\/\/www.rentplanet.pl\/wp-content\/themes\/starter\/dist\/images\/icons\/home\/dotted-line-top.svg\" alt=\"\"\/>\n\t\t\t\t\t\t<img decoding=\"async\" src=\"https:\/\/www.rentplanet.pl\/wp-content\/themes\/starter\/dist\/images\/icons\/home\/chevron.svg\" alt=\"\"\/>\n\t\t\t\t\t<\/div>\n\t\t\t\t\t<p class=\"font-bold mb-8\">\n\t\t\t\t\t\t<span class=\"text-primaryBrand\">STEP 01<\/span>\n\t\t\t\t\t\t<span class=\"text-tertiary\">\n\t\t\t\t\t\t\t\/ 05<\/span>\n\t\t\t\t\t<\/p>\n\t\t\t\t\t<p><strong>Signing of a contract <\/strong>for the apartment management in Warsaw and handover of the premises to <strong>RentPlanet<\/strong>.<\/p>\n\n\t\t\t\t<\/div>\n\n\t\t\t\t\t\t\t\n\t\t\t\t<div class=\"step step2 flex flex-col flex-end\">\n\t\t\t\t\t<div class=\"step__lines flex justify-between relative -left-6\">\n\t\t\t\t\t\t<img decoding=\"async\" src=\"https:\/\/www.rentplanet.pl\/wp-content\/themes\/starter\/dist\/images\/icons\/home\/step.svg\" alt=\"\"\/>\n\t\t\t\t\t\t<img decoding=\"async\" class=\"object-none w-[80%]\" src=\"https:\/\/www.rentplanet.pl\/wp-content\/themes\/starter\/dist\/images\/icons\/home\/dotted-line-top.svg\" alt=\"\"\/>\n\t\t\t\t\t\t<img decoding=\"async\" src=\"https:\/\/www.rentplanet.pl\/wp-content\/themes\/starter\/dist\/images\/icons\/home\/chevron.svg\" alt=\"\"\/>\n\t\t\t\t\t<\/div>\n\t\t\t\t\t<p class=\"font-bold mb-8\">\n\t\t\t\t\t\t<span class=\"text-primaryBrand\">STEP 02<\/span>\n\t\t\t\t\t\t<span class=\"text-tertiary\">\n\t\t\t\t\t\t\t\/ 05<\/span>\n\t\t\t\t\t<\/p>\n\t\t\t\t\t<p><strong>Professional preparation of <\/strong>the apartment for rental.<\/p>\n\n\t\t\t\t<\/div>\n\n\t\t\t\t\t\t\t\n\t\t\t\t<div class=\"step step3 flex flex-col flex-end\">\n\t\t\t\t\t<div class=\"step__lines flex justify-between relative -left-6\">\n\t\t\t\t\t\t<img decoding=\"async\" src=\"https:\/\/www.rentplanet.pl\/wp-content\/themes\/starter\/dist\/images\/icons\/home\/step.svg\" alt=\"\"\/>\n\t\t\t\t\t\t<img decoding=\"async\" class=\"object-none w-[80%]\" src=\"https:\/\/www.rentplanet.pl\/wp-content\/themes\/starter\/dist\/images\/icons\/home\/dotted-line-top.svg\" alt=\"\"\/>\n\t\t\t\t\t\t<img decoding=\"async\" src=\"https:\/\/www.rentplanet.pl\/wp-content\/themes\/starter\/dist\/images\/icons\/home\/chevron.svg\" alt=\"\"\/>\n\t\t\t\t\t<\/div>\n\t\t\t\t\t<p class=\"font-bold mb-8\">\n\t\t\t\t\t\t<span class=\"text-primaryBrand\">STEP 03<\/span>\n\t\t\t\t\t\t<span class=\"text-tertiary\">\n\t\t\t\t\t\t\t\/ 05<\/span>\n\t\t\t\t\t<\/p>\n\t\t\t\t\t<p><strong>Marketing and selling <\/strong>stays on RentPlanet, Booking.com, AirBnb, Expedia and many others, as well as on our own <strong>noclegi.rentplanet.pl<\/strong> platform.<\/p>\n\n\t\t\t\t<\/div>\n\n\t\t\t\t\t\t\t\n\t\t\t\t<div class=\"step step4 flex flex-col flex-end\">\n\t\t\t\t\t<div class=\"step__lines flex justify-between relative -left-6\">\n\t\t\t\t\t\t<img decoding=\"async\" src=\"https:\/\/www.rentplanet.pl\/wp-content\/themes\/starter\/dist\/images\/icons\/home\/step.svg\" alt=\"\"\/>\n\t\t\t\t\t\t<img decoding=\"async\" class=\"object-none w-[80%]\" src=\"https:\/\/www.rentplanet.pl\/wp-content\/themes\/starter\/dist\/images\/icons\/home\/dotted-line-top.svg\" alt=\"\"\/>\n\t\t\t\t\t\t<img decoding=\"async\" src=\"https:\/\/www.rentplanet.pl\/wp-content\/themes\/starter\/dist\/images\/icons\/home\/chevron.svg\" alt=\"\"\/>\n\t\t\t\t\t<\/div>\n\t\t\t\t\t<p class=\"font-bold mb-8\">\n\t\t\t\t\t\t<span class=\"text-primaryBrand\">STEP 04<\/span>\n\t\t\t\t\t\t<span class=\"text-tertiary\">\n\t\t\t\t\t\t\t\/ 05<\/span>\n\t\t\t\t\t<\/p>\n\t\t\t\t\t<p>Apartment rental management and <strong>24\/7 service <\/strong>in Warsaw.<\/p>\n\n\t\t\t\t<\/div>\n\n\t\t\t\t\t\t\t\n\t\t\t\t<div class=\"step step5 flex flex-col flex-end\">\n\t\t\t\t\t<div class=\"step__lines flex justify-between relative -left-6\">\n\t\t\t\t\t\t<img decoding=\"async\" src=\"https:\/\/www.rentplanet.pl\/wp-content\/themes\/starter\/dist\/images\/icons\/home\/step.svg\" alt=\"\"\/>\n\t\t\t\t\t\t<img decoding=\"async\" class=\"object-none w-[80%]\" src=\"https:\/\/www.rentplanet.pl\/wp-content\/themes\/starter\/dist\/images\/icons\/home\/dotted-line-top.svg\" alt=\"\"\/>\n\t\t\t\t\t\t<img decoding=\"async\" src=\"https:\/\/www.rentplanet.pl\/wp-content\/themes\/starter\/dist\/images\/icons\/home\/chevron.svg\" alt=\"\"\/>\n\t\t\t\t\t<\/div>\n\t\t\t\t\t<p class=\"font-bold mb-8\">\n\t\t\t\t\t\t<span class=\"text-primaryBrand\">STEP 05<\/span>\n\t\t\t\t\t\t<span class=\"text-tertiary\">\n\t\t\t\t\t\t\t\/ 05<\/span>\n\t\t\t\t\t<\/p>\n\t\t\t\t\t<p><strong>Highest profit <\/strong>and more free time on your hands!<\/p>\n\n\t\t\t\t<\/div>\n\n\t\t\t\t\t<\/div>\n\t<\/section>\n\n\n<section class=\"bg-dark py-12 md:py-24 relative coop\">\n\t<img decoding=\"async\" class=\"absolute -top-[238px] right-0 hidden md:block\" src=\"https:\/\/www.rentplanet.pl\/wp-content\/themes\/starter\/dist\/images\/img\/01-home\/home-04.png\" alt=\"\"\/>\n\t<div class=\"Container\">\n\t\t<div class=\"max-w-[480px]\"><h2><span style=\"color: #f7f8fa;\"><strong>What sets us apart from the competition?<\/strong><\/span><\/h2>\n<p>At RentPanet, we use the latest technology. This allows us to accommodate more guests in your apartment and guarantee their complete security.<\/p>\n<p>Our modern approach to short-term rental management allows us to optimise many operational processes and increase the rental income of your property.<\/p>\n<\/div>\n\t\t<div class=\"grid md:grid-cols-2 gap-12 md:gap-24 mt-12 md:mt-20\">\n\t\t\t\t\t\t\t<div class=\"border-t pt-12 border-tertiary\"><p><span style=\"color: #f7f8fa;\"><strong>Revenue management system <\/strong><\/span><\/p>\n<p><span style=\"color: #f7f8fa;\">We use millions of pieces of data to accurately determine the price of an apartment rental depending on seasonality, location, equipment standard and even the weather!<\/span><\/p>\n<\/div>\n\t\t\t\t\t\t\t<div class=\"border-t pt-12 border-tertiary\"><p><span style=\"color: #f7f8fa;\"><strong>RentPlanet web application <\/strong><\/span><\/p>\n<p><span style=\"color: #f7f8fa;\">Thanks to a dedicated web application, apartment owners have constant access to monitoring bookings and billing.<\/span><\/p>\n<\/div>\n\t\t\t\t\t\t\t<div class=\"border-t pt-12 border-tertiary\"><p><span style=\"color: #f7f8fa;\"><strong>Smart locks <\/strong><\/span><\/p>\n<p><span style=\"color: #f7f8fa;\">We offer <a style=\"color: #f7f8fa;\" href=\"https:\/\/rentinglock.pl\/\"><strong>RentingLock<\/strong><\/a> smart electronic locks that allow you to manage access to your apartment through unique codes generated for the duration of a stay.<\/span><\/p>\n<\/div>\n\t\t\t\t\t\t\t<div class=\"border-t pt-12 border-tertiary\"><p><span style=\"color: #f7f8fa;\"><strong>Online check-in cards <\/strong><\/span><\/p>\n<p><span style=\"color: #f7f8fa;\">We guarantee a secure online check-in, which guests can use without having to contact the reception desk face-to-face.<\/span><\/p>\n<\/div>\n\t\t\t\t\t<\/div>\n\t<\/div>\n<\/section>\n\n\n<div class=\"section__background\"  style=\"background-image:url('https:\/\/www.rentplanet.pl\/wp-content\/uploads\/2022\/10\/home-01.png'); background-position:left; background-repeat:no-repeat; background-size: 45% auto;\"  class=\"\">\n\t<section class=\"Container section flex flex-col gap-y-8 gap-x-4 lg:flex-row justify-between items-center py-8 lg:py-16  \">\n\t\t<div class=\"relative\">\n\t\t\t\t\t\t\t<img decoding=\"async\" class=\"relative z-[2] xxxl:hidden\" src=\"https:\/\/www.rentplanet.pl\/wp-content\/uploads\/2022\/10\/home-01.png\" alt=\"\">\n\t\t\t\t\t\t\t\t<\/div>\n\t\t<div class=\"xl:max-w-[552px]\">\n\t\t\t<h2><strong>On what terms do we rent apartments in Warsaw?<\/strong><\/h2>\n<p><strong>Engage in transparent cooperation <\/strong><\/p>\n<p>At RentPlanet we work with our partners on a commission-based system. We take on all the responsibilities related to managing apartments for rent in Warsaw so that their owners don&#8217;t have to deal with keeping a booking calendar or answering phone calls from their guests. As part of the contract, we provide:<\/p>\n<ul>\n<li>full processing of rental payments<\/li>\n<li>monthly analysis of revenues<\/li>\n<li>billing and remuneration always on time.<\/li>\n<\/ul>\n\n\t\t<\/div>\n\t<\/section>\n<\/div>\n\n\n<div class=\"section__background\"  style=\"background-image:url('https:\/\/www.rentplanet.pl\/wp-content\/uploads\/2022\/10\/about-01.png'); background-position:right; background-repeat:no-repeat; background-size: 45% auto;\"  class=\"\">\n\t<section class=\"Container section flex flex-col gap-y-8 gap-x-4 lg:flex-row justify-between items-center py-8 lg:py-16  lg:flex-row-reverse\">\n\t\t<div class=\"relative\">\n\t\t\t\t\t\t\t<img decoding=\"async\" class=\"relative z-[2] xxxl:hidden\" src=\"https:\/\/www.rentplanet.pl\/wp-content\/uploads\/2022\/10\/about-01.png\" alt=\"\">\n\t\t\t\t\t\t\t\t<\/div>\n\t\t<div class=\"xl:max-w-[552px]\">\n\t\t\t<h2><strong>Why use our apartment management company in Warsaw?<\/strong><\/h2>\n<p><strong>Get ready to make a profit!<\/strong><\/p>\n<p>At RentPlanet, we professionally and efficiently manage short-term rentals of apartments in Warsaw. Thanks to many years of experience in the tourism industry, we maximise the profit of development companies, investors and individual owners of apartments and flats for rent.<\/p>\n<p><strong>RentPlanet is:<\/strong><\/p>\n<ul>\n<li>More than 818 000 visitors served<\/li>\n<li>More than PLN 160 million bookings handled<\/li>\n<li>Over 1,500 apartments and flats in Poland&#8217;s most popular cities and resorts<\/li>\n<li>Several locations served in Poland<\/li>\n<li>16 years of experience in the property rental industry!<\/li>\n<\/ul>\n\n\t\t<\/div>\n\t<\/section>\n<\/div>\n","protected":false},"excerpt":{"rendered":"","protected":false},"author":1,"featured_media":0,"parent":0,"menu_order":0,"comment_status":"closed","ping_status":"closed","template":"","meta":{"_acf_changed":false,"inline_featured_image":false,"_kad_blocks_custom_css":"","_kad_blocks_head_custom_js":"","_kad_blocks_body_custom_js":"","_kad_blocks_footer_custom_js":"","footnotes":""},"class_list":["post-1048","page","type-page","status-publish","hentry"],"acf":[],"yoast_head":"<!-- This site is optimized with the Yoast SEO plugin v27.4 - https:\/\/yoast.com\/product\/yoast-seo-wordpress\/ -->\n<title>Apartment management \u2013 Warsaw - RentPlanet<\/title>\n<meta name=\"robots\" content=\"index, follow, max-snippet:-1, max-image-preview:large, max-video-preview:-1\" \/>\n<link rel=\"canonical\" href=\"https:\/\/www.rentplanet.pl\/en\/apartment-management-warsaw\/\" \/>\n<meta property=\"og:locale\" content=\"en_US\" \/>\n<meta property=\"og:type\" content=\"article\" \/>\n<meta property=\"og:title\" content=\"Apartment management \u2013 Warsaw - RentPlanet\" \/>\n<meta property=\"og:url\" content=\"https:\/\/www.rentplanet.pl\/en\/apartment-management-warsaw\/\" \/>\n<meta property=\"og:site_name\" content=\"RentPlanet\" \/>\n<meta property=\"article:modified_time\" content=\"2026-03-09T09:51:56+00:00\" \/>\n<meta name=\"twitter:card\" content=\"summary_large_image\" \/>\n<script type=\"application\/ld+json\" class=\"yoast-schema-graph\">{\"@context\":\"https:\\\/\\\/schema.org\",\"@graph\":[{\"@type\":\"WebPage\",\"@id\":\"https:\\\/\\\/www.rentplanet.pl\\\/en\\\/apartment-management-warsaw\\\/\",\"url\":\"https:\\\/\\\/www.rentplanet.pl\\\/en\\\/apartment-management-warsaw\\\/\",\"name\":\"Apartment management \u2013 Warsaw - RentPlanet\",\"isPartOf\":{\"@id\":\"https:\\\/\\\/www.rentplanet.pl\\\/#website\"},\"datePublished\":\"2022-11-09T23:10:58+00:00\",\"dateModified\":\"2026-03-09T09:51:56+00:00\",\"breadcrumb\":{\"@id\":\"https:\\\/\\\/www.rentplanet.pl\\\/en\\\/apartment-management-warsaw\\\/#breadcrumb\"},\"inLanguage\":\"en-US\",\"potentialAction\":[{\"@type\":\"ReadAction\",\"target\":[\"https:\\\/\\\/www.rentplanet.pl\\\/en\\\/apartment-management-warsaw\\\/\"]}]},{\"@type\":\"BreadcrumbList\",\"@id\":\"https:\\\/\\\/www.rentplanet.pl\\\/en\\\/apartment-management-warsaw\\\/#breadcrumb\",\"itemListElement\":[{\"@type\":\"ListItem\",\"position\":1,\"name\":\"Strona g\u0142\u00f3wna\",\"item\":\"https:\\\/\\\/www.rentplanet.pl\\\/en\\\/\"},{\"@type\":\"ListItem\",\"position\":2,\"name\":\"Apartment management \u2013 Warsaw\"}]},{\"@type\":\"WebSite\",\"@id\":\"https:\\\/\\\/www.rentplanet.pl\\\/#website\",\"url\":\"https:\\\/\\\/www.rentplanet.pl\\\/\",\"name\":\"RentPlanet\",\"description\":\"Profesjonalne zarz\u0105dzanie apartamentami z RentPlanet. Maksymalizujemy zysk i precyzyjnie zarz\u0105dzamy Twoj\u0105 inwestycj\u0105.\",\"potentialAction\":[{\"@type\":\"SearchAction\",\"target\":{\"@type\":\"EntryPoint\",\"urlTemplate\":\"https:\\\/\\\/www.rentplanet.pl\\\/?s={search_term_string}\"},\"query-input\":{\"@type\":\"PropertyValueSpecification\",\"valueRequired\":true,\"valueName\":\"search_term_string\"}}],\"inLanguage\":\"en-US\"}]}<\/script>\n<!-- \/ Yoast SEO plugin. -->","yoast_head_json":{"title":"Apartment management \u2013 Warsaw - RentPlanet","robots":{"index":"index","follow":"follow","max-snippet":"max-snippet:-1","max-image-preview":"max-image-preview:large","max-video-preview":"max-video-preview:-1"},"canonical":"https:\/\/www.rentplanet.pl\/en\/apartment-management-warsaw\/","og_locale":"en_US","og_type":"article","og_title":"Apartment management \u2013 Warsaw - RentPlanet","og_url":"https:\/\/www.rentplanet.pl\/en\/apartment-management-warsaw\/","og_site_name":"RentPlanet","article_modified_time":"2026-03-09T09:51:56+00:00","twitter_card":"summary_large_image","schema":{"@context":"https:\/\/schema.org","@graph":[{"@type":"WebPage","@id":"https:\/\/www.rentplanet.pl\/en\/apartment-management-warsaw\/","url":"https:\/\/www.rentplanet.pl\/en\/apartment-management-warsaw\/","name":"Apartment management \u2013 Warsaw - RentPlanet","isPartOf":{"@id":"https:\/\/www.rentplanet.pl\/#website"},"datePublished":"2022-11-09T23:10:58+00:00","dateModified":"2026-03-09T09:51:56+00:00","breadcrumb":{"@id":"https:\/\/www.rentplanet.pl\/en\/apartment-management-warsaw\/#breadcrumb"},"inLanguage":"en-US","potentialAction":[{"@type":"ReadAction","target":["https:\/\/www.rentplanet.pl\/en\/apartment-management-warsaw\/"]}]},{"@type":"BreadcrumbList","@id":"https:\/\/www.rentplanet.pl\/en\/apartment-management-warsaw\/#breadcrumb","itemListElement":[{"@type":"ListItem","position":1,"name":"Strona g\u0142\u00f3wna","item":"https:\/\/www.rentplanet.pl\/en\/"},{"@type":"ListItem","position":2,"name":"Apartment management \u2013 Warsaw"}]},{"@type":"WebSite","@id":"https:\/\/www.rentplanet.pl\/#website","url":"https:\/\/www.rentplanet.pl\/","name":"RentPlanet","description":"Profesjonalne zarz\u0105dzanie apartamentami z RentPlanet. Maksymalizujemy zysk i precyzyjnie zarz\u0105dzamy Twoj\u0105 inwestycj\u0105.","potentialAction":[{"@type":"SearchAction","target":{"@type":"EntryPoint","urlTemplate":"https:\/\/www.rentplanet.pl\/?s={search_term_string}"},"query-input":{"@type":"PropertyValueSpecification","valueRequired":true,"valueName":"search_term_string"}}],"inLanguage":"en-US"}]}},"taxonomy_info":[],"featured_image_src_large":false,"author_info":{"display_name":"kreacja","author_link":"https:\/\/www.rentplanet.pl\/en\/author\/kreacja\/"},"comment_info":0,"_links":{"self":[{"href":"https:\/\/www.rentplanet.pl\/en\/wp-json\/wp\/v2\/pages\/1048","targetHints":{"allow":["GET"]}}],"collection":[{"href":"https:\/\/www.rentplanet.pl\/en\/wp-json\/wp\/v2\/pages"}],"about":[{"href":"https:\/\/www.rentplanet.pl\/en\/wp-json\/wp\/v2\/types\/page"}],"author":[{"embeddable":true,"href":"https:\/\/www.rentplanet.pl\/en\/wp-json\/wp\/v2\/users\/1"}],"replies":[{"embeddable":true,"href":"https:\/\/www.rentplanet.pl\/en\/wp-json\/wp\/v2\/comments?post=1048"}],"version-history":[{"count":6,"href":"https:\/\/www.rentplanet.pl\/en\/wp-json\/wp\/v2\/pages\/1048\/revisions"}],"predecessor-version":[{"id":3895,"href":"https:\/\/www.rentplanet.pl\/en\/wp-json\/wp\/v2\/pages\/1048\/revisions\/3895"}],"wp:attachment":[{"href":"https:\/\/www.rentplanet.pl\/en\/wp-json\/wp\/v2\/media?parent=1048"}],"curies":[{"name":"wp","href":"https:\/\/api.w.org\/{rel}","templated":true}]}}