{"id":1052,"date":"2022-11-17T10:20:03","date_gmt":"2022-11-17T09:20:03","guid":{"rendered":"https:\/\/www.rentplanet.pl\/apartment-management-szklarska-poreba\/"},"modified":"2026-03-09T10:51:29","modified_gmt":"2026-03-09T09:51:29","slug":"apartment-management-szklarska-poreba","status":"publish","type":"page","link":"https:\/\/www.rentplanet.pl\/en\/apartment-management-szklarska-poreba\/","title":{"rendered":"Apartment management \u2013 Szklarska Por\u0119ba"},"content":{"rendered":"<section style=\"background-color:#232633\" class=\"baner relative\">\n\t<img decoding=\"async\" src=\"https:\/\/www.rentplanet.pl\/wp-content\/uploads\/2022\/10\/hero.jpg\" alt=\"\"\/>\n\t\t<div class=\"Container absolute top-1\/2 left-1\/2 transform -translate-x-1\/2 -translate-y-1\/2\">\n\t\t<p>&nbsp;<\/p>\n<p><span style=\"color: #f7f8fa;\"><strong>Get ready to make a profit with RentPlanet!\u00a0 <\/strong><\/span><\/p>\n<h1><span style=\"color: #f7f8fa;\"><strong>Apartment management \u2013 Szklarska Por\u0119ba<\/strong><\/span><\/h1>\n<p><span style=\"color: #f7f8fa;\"><strong>Highest profit <\/strong><\/span><\/p>\n<p><span style=\"color: #f7f8fa;\">We obtain the highest income associated with apartment rentals.<\/span><br \/>\n<span style=\"color: #f7f8fa;\">\u00a0We provide fixed monthly transfers for property owners.<\/span><\/p>\n<p><span style=\"color: #f7f8fa;\"><strong>High prices for stays <\/strong><\/span><\/p>\n<p><span style=\"color: #f7f8fa;\">We work out high prices for stays, based on a successful strategy of <\/span><br \/>\n<span style=\"color: #f7f8fa;\">maximising revenue and optimising occupancy.<\/span><\/p>\n<p><span style=\"color: #f7f8fa;\"><strong>More free time on your hands<\/strong><\/span><\/p>\n<p><span style=\"color: #f7f8fa;\">We manage apartments in Szklarska Por\u0119ba and record a high <\/span><br \/>\n<span style=\"color: #f7f8fa;\">income. You gain more time for other professional and family activities.<\/span><\/p>\n\n\t\t\t<\/div>\n\t\t<\/section>\n\n\n\n<div style=\"height:50px\" aria-hidden=\"true\" class=\"wp-block-spacer\"><\/div>\n\n\n<section class=\"py-12\">\n\t<div class=\"\">\n\t\t<div class=\"Container \">\n\t\t\t<h2 style=\"text-align: center;\"><strong>Comprehensive management of short-term rentals in Szklarska Por\u0119ba<\/strong><\/h2>\n<p style=\"text-align: center;\">Our offer includes:<\/p>\n\n\t\t<\/div>\n\t\t<div class=\"benefits-slider mt-12\">\n\t\t\t<div class=\"swiper\">\n\t\t\t\t<div class=\"swiper-prev-btn\">\n\t\t\t\t\t<?xml version=\"1.0\" encoding=\"UTF-8\"?>\n<svg width=\"16px\" class=\"ml-2\" height=\"15px\" viewBox=\"0 0 16 15\" version=\"1.1\" xmlns=\"http:\/\/www.w3.org\/2000\/svg\" xmlns:xlink=\"http:\/\/www.w3.org\/1999\/xlink\">\n    <title>icons\/ui\/arrow<\/title>\n    <g id=\"Projekt\" stroke=\"none\" stroke-width=\"1\" fill=\"none\" fill-rule=\"evenodd\" stroke-linejoin=\"round\">\n        <g id=\"09-Kontakt\" transform=\"translate(-534.000000, -558.000000)\" fill=\"#FF3E3A\" fill-rule=\"nonzero\" stroke=\"#FF3E3A\">\n            <g id=\"button\" transform=\"translate(376.000000, 538.000000)\">\n                <g id=\"icons\/ui\/arrow\" transform=\"translate(159.000000, 21.000000)\">\n                    <g id=\"arrow-right\" transform=\"translate(6.999590, 7.000000) scale(-1, 1) translate(-6.999590, -7.000000) \">\n                        <polygon id=\"Path\" points=\"13.9991805 7.64 2.43586154 7.63705778 7.89895648 13.10028 6.99923645 14 0 7.00076355 7.00076355 0 7.90048358 0.899720031 2.43586154 6.36446933 13.9991805 6.36\"><\/polygon>\n                    <\/g>\n                <\/g>\n            <\/g>\n        <\/g>\n    <\/g>\n<\/svg>\n\t\t\t\t<\/div>\n\t\t\t\t<div class=\"swiper-next-btn\">\n\t\t\t\t\t<?xml version=\"1.0\" encoding=\"UTF-8\"?>\n<svg width=\"16px\" class=\"ml-2\" height=\"15px\" viewBox=\"0 0 16 15\" version=\"1.1\" xmlns=\"http:\/\/www.w3.org\/2000\/svg\" xmlns:xlink=\"http:\/\/www.w3.org\/1999\/xlink\">\n    <title>icons\/ui\/arrow<\/title>\n    <g id=\"Projekt\" stroke=\"none\" stroke-width=\"1\" fill=\"none\" fill-rule=\"evenodd\" stroke-linejoin=\"round\">\n        <g id=\"09-Kontakt\" transform=\"translate(-534.000000, -558.000000)\" fill=\"#FF3E3A\" fill-rule=\"nonzero\" stroke=\"#FF3E3A\">\n            <g id=\"button\" transform=\"translate(376.000000, 538.000000)\">\n                <g id=\"icons\/ui\/arrow\" transform=\"translate(159.000000, 21.000000)\">\n                    <g id=\"arrow-right\" transform=\"translate(6.999590, 7.000000) scale(-1, 1) translate(-6.999590, -7.000000) \">\n                        <polygon id=\"Path\" points=\"13.9991805 7.64 2.43586154 7.63705778 7.89895648 13.10028 6.99923645 14 0 7.00076355 7.00076355 0 7.90048358 0.899720031 2.43586154 6.36446933 13.9991805 6.36\"><\/polygon>\n                    <\/g>\n                <\/g>\n            <\/g>\n        <\/g>\n    <\/g>\n<\/svg>\n\t\t\t\t<\/div>\n\t\t\t\t<div class=\"swiper-wrapper py-12 cursor-pointer select-none px-4 giant:px-0\">\n\t\t\t\t\t\t\t\t\t\t\t<div class=\"swiper-slide\">\n\t\t\t\t\t\t\t<div class=\"p-12 border border-tertiary rounded-lg text-center h-full\">\n\t\t\t\t\t\t\t\t<p>We prepare apartments and offer them for rental on the noclegi.rentplanet.pl platform, and other most popular booking portals.<\/p>\n\n\t\t\t\t\t\t\t\t\t\t\t\t\t\t\t\t\t<div class=\"absolute h-[72px] -top-[32px] left-1\/2 transform -translate-x-1\/2 w-[240px] bg-white text-center flex items-center justify-center\"><p><strong>Modern marketing <\/strong><\/p>\n<\/div>\n\t\t\t\t\t\t\t\t\t\t\t\t\t\t\t\t<div class=\"absolute top-8 -left-[16px] flex items-center justify-center bg-white py-2\"><img decoding=\"async\" class=\"\" src=\"https:\/\/www.rentplanet.pl\/wp-content\/uploads\/2022\/10\/01-nowoczesny-marketing.svg\" alt=\"\"\/><\/div>\n\t\t\t\t\t\t\t<\/div>\n\t\t\t\t\t\t<\/div>\n\t\t\t\t\t\t\t\t\t\t\t<div class=\"swiper-slide\">\n\t\t\t\t\t\t\t<div class=\"p-12 border border-tertiary rounded-lg text-center h-full\">\n\t\t\t\t\t\t\t\t<p>We take care of your guests&#8217; comfort and safety 24 hours a day, 7 days a week and all days of the year. We serve them in several languages.<\/p>\n\n\t\t\t\t\t\t\t\t\t\t\t\t\t\t\t\t\t<div class=\"absolute h-[72px] -top-[32px] left-1\/2 transform -translate-x-1\/2 w-[240px] bg-white text-center flex items-center justify-center\"><p><strong>Guest services 24\/7\/365<\/strong><\/p>\n<\/div>\n\t\t\t\t\t\t\t\t\t\t\t\t\t\t\t\t<div class=\"absolute top-8 -left-[16px] flex items-center justify-center bg-white py-2\"><img decoding=\"async\" class=\"\" src=\"https:\/\/www.rentplanet.pl\/wp-content\/uploads\/2022\/10\/02-calodobowa-obsluga.svg\" alt=\"\"\/><\/div>\n\t\t\t\t\t\t\t<\/div>\n\t\t\t\t\t\t<\/div>\n\t\t\t\t\t\t\t\t\t\t\t<div class=\"swiper-slide\">\n\t\t\t\t\t\t\t<div class=\"p-12 border border-tertiary rounded-lg text-center h-full\">\n\t\t\t\t\t\t\t\t<p>We optimise occupancy and effectively manage rental prices to maximise the potential of the apartments.<\/p>\n\n\t\t\t\t\t\t\t\t\t\t\t\t\t\t\t\t\t<div class=\"absolute h-[72px] -top-[32px] left-1\/2 transform -translate-x-1\/2 w-[240px] bg-white text-center flex items-center justify-center\"><p><strong>Apartment management in Szklarska Por\u0119ba <\/strong><\/p>\n<\/div>\n\t\t\t\t\t\t\t\t\t\t\t\t\t\t\t\t<div class=\"absolute top-8 -left-[16px] flex items-center justify-center bg-white py-2\"><img decoding=\"async\" class=\"\" src=\"https:\/\/www.rentplanet.pl\/wp-content\/uploads\/2022\/10\/03-dynamiczne-zmiany-cen-1.svg\" alt=\"\"\/><\/div>\n\t\t\t\t\t\t\t<\/div>\n\t\t\t\t\t\t<\/div>\n\t\t\t\t\t\t\t\t\t\t\t<div class=\"swiper-slide\">\n\t\t\t\t\t\t\t<div class=\"p-12 border border-tertiary rounded-lg text-center h-full\">\n\t\t\t\t\t\t\t\t<p>We look after your apartment all the time. We employ teams of professionals and cleaning staff -taking the responsibility of looking after your property on a daily basis off your hands.<\/p>\n\n\t\t\t\t\t\t\t\t\t\t\t\t\t\t\t\t\t<div class=\"absolute h-[72px] -top-[32px] left-1\/2 transform -translate-x-1\/2 w-[240px] bg-white text-center flex items-center justify-center\"><p><strong>Care and service <\/strong><\/p>\n<\/div>\n\t\t\t\t\t\t\t\t\t\t\t\t\t\t\t\t<div class=\"absolute top-8 -left-[16px] flex items-center justify-center bg-white py-2\"><img decoding=\"async\" class=\"\" src=\"https:\/\/www.rentplanet.pl\/wp-content\/uploads\/2022\/10\/04-opieka.svg\" alt=\"\"\/><\/div>\n\t\t\t\t\t\t\t<\/div>\n\t\t\t\t\t\t<\/div>\n\t\t\t\t\t\t\t\t\t\t\t<div class=\"swiper-slide\">\n\t\t\t\t\t\t\t<div class=\"p-12 border border-tertiary rounded-lg text-center h-full\">\n\t\t\t\t\t\t\t\t<p>Together with our team of decorators, we prepare the apartments so that they are attractive to guests and rent at the highest prices.<\/p>\n\n\t\t\t\t\t\t\t\t\t\t\t\t\t\t\t\t\t<div class=\"absolute h-[72px] -top-[32px] left-1\/2 transform -translate-x-1\/2 w-[240px] bg-white text-center flex items-center justify-center\"><p><strong>Creative home staging <\/strong><\/p>\n<\/div>\n\t\t\t\t\t\t\t\t\t\t\t\t\t\t\t\t<div class=\"absolute top-8 -left-[16px] flex items-center justify-center bg-white py-2\"><img decoding=\"async\" class=\"\" src=\"https:\/\/www.rentplanet.pl\/wp-content\/uploads\/2022\/10\/05-home-staging.svg\" alt=\"\"\/><\/div>\n\t\t\t\t\t\t\t<\/div>\n\t\t\t\t\t\t<\/div>\n\t\t\t\t\t\t\t\t\t<\/div>\n\t\t\t<\/div>\n\t\t<\/div>\n\t<\/div>\n<\/section>\n\n\n<section class=\"pt-6 pb-12 md:pb-16 md:pt-10 xl:pb-24\">\n\t<div class=\"mx-auto\"><p style=\"text-align: center;\"><span style=\"text-align: center;\"><strong><span class=\"section__headline\" style=\"color: #ff3e3a;\">STAGES<\/span><\/strong><\/span><\/p>\n<h2 style=\"text-align: center;\"><span class=\"h1\" style=\"text-align: center;\"><strong>Rental management in Szklarska Por\u0119ba step by step<\/strong><\/span><\/h2>\n<p style=\"text-align: center;\">Start your cooperation with RentPlanet by following the next few easy steps!<\/p>\n<\/div>\n\t\t\t<div class=\"steps Container grid md:grid-cols-2 xl:grid-cols-3 gap-x-24 gap-y-6 md:gap-y-10 lg:gap-y-16 mt-10 md:mt-20\">\n\t\t\t\t\t\t\t\t\t\t\n\t\t\t\t<div class=\"step step1 flex flex-col flex-end\">\n\t\t\t\t\t<div class=\"step__lines flex justify-between relative -left-6\">\n\t\t\t\t\t\t<img decoding=\"async\" src=\"https:\/\/www.rentplanet.pl\/wp-content\/themes\/starter\/dist\/images\/icons\/home\/step.svg\" alt=\"\"\/>\n\t\t\t\t\t\t<img decoding=\"async\" class=\"object-none w-[80%]\" src=\"https:\/\/www.rentplanet.pl\/wp-content\/themes\/starter\/dist\/images\/icons\/home\/dotted-line-top.svg\" alt=\"\"\/>\n\t\t\t\t\t\t<img decoding=\"async\" src=\"https:\/\/www.rentplanet.pl\/wp-content\/themes\/starter\/dist\/images\/icons\/home\/chevron.svg\" alt=\"\"\/>\n\t\t\t\t\t<\/div>\n\t\t\t\t\t<p class=\"font-bold mb-8\">\n\t\t\t\t\t\t<span class=\"text-primaryBrand\">STEP 01<\/span>\n\t\t\t\t\t\t<span class=\"text-tertiary\">\n\t\t\t\t\t\t\t\/ 05<\/span>\n\t\t\t\t\t<\/p>\n\t\t\t\t\t<p>Signing of a contract for management of apartments in Szklarska Poreba and handover of premises.<\/p>\n\n\t\t\t\t<\/div>\n\n\t\t\t\t\t\t\t\n\t\t\t\t<div class=\"step step2 flex flex-col flex-end\">\n\t\t\t\t\t<div class=\"step__lines flex justify-between relative -left-6\">\n\t\t\t\t\t\t<img decoding=\"async\" src=\"https:\/\/www.rentplanet.pl\/wp-content\/themes\/starter\/dist\/images\/icons\/home\/step.svg\" alt=\"\"\/>\n\t\t\t\t\t\t<img decoding=\"async\" class=\"object-none w-[80%]\" src=\"https:\/\/www.rentplanet.pl\/wp-content\/themes\/starter\/dist\/images\/icons\/home\/dotted-line-top.svg\" alt=\"\"\/>\n\t\t\t\t\t\t<img decoding=\"async\" src=\"https:\/\/www.rentplanet.pl\/wp-content\/themes\/starter\/dist\/images\/icons\/home\/chevron.svg\" alt=\"\"\/>\n\t\t\t\t\t<\/div>\n\t\t\t\t\t<p class=\"font-bold mb-8\">\n\t\t\t\t\t\t<span class=\"text-primaryBrand\">STEP 02<\/span>\n\t\t\t\t\t\t<span class=\"text-tertiary\">\n\t\t\t\t\t\t\t\/ 05<\/span>\n\t\t\t\t\t<\/p>\n\t\t\t\t\t<p>Professional preparation of the flat for rental.<\/p>\n\n\t\t\t\t<\/div>\n\n\t\t\t\t\t\t\t\n\t\t\t\t<div class=\"step step3 flex flex-col flex-end\">\n\t\t\t\t\t<div class=\"step__lines flex justify-between relative -left-6\">\n\t\t\t\t\t\t<img decoding=\"async\" src=\"https:\/\/www.rentplanet.pl\/wp-content\/themes\/starter\/dist\/images\/icons\/home\/step.svg\" alt=\"\"\/>\n\t\t\t\t\t\t<img decoding=\"async\" class=\"object-none w-[80%]\" src=\"https:\/\/www.rentplanet.pl\/wp-content\/themes\/starter\/dist\/images\/icons\/home\/dotted-line-top.svg\" alt=\"\"\/>\n\t\t\t\t\t\t<img decoding=\"async\" src=\"https:\/\/www.rentplanet.pl\/wp-content\/themes\/starter\/dist\/images\/icons\/home\/chevron.svg\" alt=\"\"\/>\n\t\t\t\t\t<\/div>\n\t\t\t\t\t<p class=\"font-bold mb-8\">\n\t\t\t\t\t\t<span class=\"text-primaryBrand\">STEP 03<\/span>\n\t\t\t\t\t\t<span class=\"text-tertiary\">\n\t\t\t\t\t\t\t\/ 05<\/span>\n\t\t\t\t\t<\/p>\n\t\t\t\t\t<p>Successful marketing and sale of stays on AirBnb, Booking.com, Expedia and many others, as well as our own noclegi.rentplanet.pl platform.<\/p>\n\n\t\t\t\t<\/div>\n\n\t\t\t\t\t\t\t\n\t\t\t\t<div class=\"step step4 flex flex-col flex-end\">\n\t\t\t\t\t<div class=\"step__lines flex justify-between relative -left-6\">\n\t\t\t\t\t\t<img decoding=\"async\" src=\"https:\/\/www.rentplanet.pl\/wp-content\/themes\/starter\/dist\/images\/icons\/home\/step.svg\" alt=\"\"\/>\n\t\t\t\t\t\t<img decoding=\"async\" class=\"object-none w-[80%]\" src=\"https:\/\/www.rentplanet.pl\/wp-content\/themes\/starter\/dist\/images\/icons\/home\/dotted-line-top.svg\" alt=\"\"\/>\n\t\t\t\t\t\t<img decoding=\"async\" src=\"https:\/\/www.rentplanet.pl\/wp-content\/themes\/starter\/dist\/images\/icons\/home\/chevron.svg\" alt=\"\"\/>\n\t\t\t\t\t<\/div>\n\t\t\t\t\t<p class=\"font-bold mb-8\">\n\t\t\t\t\t\t<span class=\"text-primaryBrand\">STEP 04<\/span>\n\t\t\t\t\t\t<span class=\"text-tertiary\">\n\t\t\t\t\t\t\t\/ 05<\/span>\n\t\t\t\t\t<\/p>\n\t\t\t\t\t<p>Apartment rental management in Szklarska Poreba and full guest services.<\/p>\n\n\t\t\t\t<\/div>\n\n\t\t\t\t\t\t\t\n\t\t\t\t<div class=\"step step5 flex flex-col flex-end\">\n\t\t\t\t\t<div class=\"step__lines flex justify-between relative -left-6\">\n\t\t\t\t\t\t<img decoding=\"async\" src=\"https:\/\/www.rentplanet.pl\/wp-content\/themes\/starter\/dist\/images\/icons\/home\/step.svg\" alt=\"\"\/>\n\t\t\t\t\t\t<img decoding=\"async\" class=\"object-none w-[80%]\" src=\"https:\/\/www.rentplanet.pl\/wp-content\/themes\/starter\/dist\/images\/icons\/home\/dotted-line-top.svg\" alt=\"\"\/>\n\t\t\t\t\t\t<img decoding=\"async\" src=\"https:\/\/www.rentplanet.pl\/wp-content\/themes\/starter\/dist\/images\/icons\/home\/chevron.svg\" alt=\"\"\/>\n\t\t\t\t\t<\/div>\n\t\t\t\t\t<p class=\"font-bold mb-8\">\n\t\t\t\t\t\t<span class=\"text-primaryBrand\">STEP 05<\/span>\n\t\t\t\t\t\t<span class=\"text-tertiary\">\n\t\t\t\t\t\t\t\/ 05<\/span>\n\t\t\t\t\t<\/p>\n\t\t\t\t\t<p>High profit and more freedom for you!<\/p>\n\n\t\t\t\t<\/div>\n\n\t\t\t\t\t<\/div>\n\t<\/section>\n\n\n<section class=\"bg-dark py-12 md:py-24 relative coop\">\n\t<img decoding=\"async\" class=\"absolute -top-[238px] right-0 hidden md:block\" src=\"https:\/\/www.rentplanet.pl\/wp-content\/themes\/starter\/dist\/images\/img\/01-home\/home-04.png\" alt=\"\"\/>\n\t<div class=\"Container\">\n\t\t<div class=\"max-w-[480px]\"><h2><span style=\"color: #f7f8fa;\"><strong>What sets us apart from the competition?<\/strong><\/span><\/h2>\n<p><span style=\"color: #f7f8fa;\">At RentPlanet, we focus on using the latest technologies. Thanks to the applied modern digital solutions, we are able to accommodate more guests in your apartment and provide them with the highest level of security.<\/span><\/p>\n<p><span style=\"color: #f7f8fa;\">Unconventional strategies in short-term rental management enable us to optimise most operational processes. This is what entails significantly higher rental income for your property.<\/span><\/p>\n<\/div>\n\t\t<div class=\"grid md:grid-cols-2 gap-12 md:gap-24 mt-12 md:mt-20\">\n\t\t\t\t\t\t\t<div class=\"border-t pt-12 border-tertiary\"><p><span style=\"color: #f7f8fa;\"><strong>Intelligent revenue management systems <\/strong><\/span><\/p>\n<p><span style=\"color: #f7f8fa;\">We constantly subject millions of pieces of data to analysis in order to best determine the rental price of the apartments in our care. We do this by taking into account seasonality, location, standard of furnishings and even weather conditions!<\/span><\/p>\n<\/div>\n\t\t\t\t\t\t\t<div class=\"border-t pt-12 border-tertiary\"><p><span style=\"color: #f7f8fa;\"><strong>RentPlanet web application <\/strong><\/span><\/p>\n<p><span style=\"color: #f7f8fa;\">Through a dedicated desktop application, we enable property owners to access real-time monitoring of billing and bookings.<\/span><\/p>\n<\/div>\n\t\t\t\t\t\t\t<div class=\"border-t pt-12 border-tertiary\"><p><span style=\"color: #f7f8fa;\"><strong>Electronic locks <\/strong><\/span><\/p>\n<p><span style=\"color: #f7f8fa;\">We implement RentingLock smart lock systems, generating unique codes for the duration of the stay. This is followed by quick and efficient management of access to an apartment.<\/span><\/p>\n<\/div>\n\t\t\t\t\t\t\t<div class=\"border-t pt-12 border-tertiary\"><p><span style=\"color: #f7f8fa;\"><strong>Online check-in cards <\/strong><\/span><\/p>\n<p><span style=\"color: #f7f8fa;\">We provide the most secure online check-in. Your guests do not need to contact the reception in the traditional way to start their dream stay.<\/span><\/p>\n<\/div>\n\t\t\t\t\t<\/div>\n\t<\/div>\n<\/section>\n\n\n<div class=\"section__background\"  style=\"background-image:url('https:\/\/www.rentplanet.pl\/wp-content\/uploads\/2022\/10\/home-01.png'); background-position:left; background-repeat:no-repeat; background-size: 45% auto;\"  class=\"\">\n\t<section class=\"Container section flex flex-col gap-y-8 gap-x-4 lg:flex-row justify-between items-center py-8 lg:py-16  \">\n\t\t<div class=\"relative\">\n\t\t\t\t\t\t\t<img decoding=\"async\" class=\"relative z-[2] xxxl:hidden\" src=\"https:\/\/www.rentplanet.pl\/wp-content\/uploads\/2022\/10\/home-01.png\" alt=\"\">\n\t\t\t\t\t\t\t\t<\/div>\n\t\t<div class=\"xl:max-w-[552px]\">\n\t\t\t<h2><strong>On what terms do we rent apartments in Szklarska Poreba?<\/strong><\/h2>\n<p><strong>Transparency above all<\/strong><\/p>\n<p>At RentPlanet, we cooperate with apartment owners on the basis of an easy and transparent revenue-sharing system. We leave on our side all the responsibilities that come with managing apartments for rent in Szklarska Por\u0119ba. We relieve our partners of the responsibility of dealing with activities such as maintaining the booking calendar or servicing guests. As part of the contract, we offer:<\/p>\n<ul>\n<li>clear handling of payments relating to the rental of apartments<\/li>\n<li>expert analysis of revenue each month<\/li>\n<li>clear accounts and remuneration always on time.<\/li>\n<\/ul>\n\n\t\t<\/div>\n\t<\/section>\n<\/div>\n\n\n<div class=\"section__background\"  style=\"background-image:url('https:\/\/www.rentplanet.pl\/wp-content\/uploads\/2022\/10\/about-01.png'); background-position:right; background-repeat:no-repeat; background-size: 45% auto;\"  class=\"\">\n\t<section class=\"Container section flex flex-col gap-y-8 gap-x-4 lg:flex-row justify-between items-center py-8 lg:py-16  lg:flex-row-reverse\">\n\t\t<div class=\"relative\">\n\t\t\t\t\t\t\t<img decoding=\"async\" class=\"relative z-[2] xxxl:hidden\" src=\"https:\/\/www.rentplanet.pl\/wp-content\/uploads\/2022\/10\/about-01.png\" alt=\"\">\n\t\t\t\t\t\t\t\t<\/div>\n\t\t<div class=\"xl:max-w-[552px]\">\n\t\t\t<h2><strong>Why use our apartment management company in Szklarska Poreba?<\/strong><\/h2>\n<p><strong>Get ready to make a profit!<\/strong><\/p>\n<p>At RentPlanet, we have been managing short-term and long-term rentals of apartments in Szklarska Poreba for many years. Thanks to our knowledge and extensive experience, we maximise income for investors, developers and private owners of apartments for rent.<\/p>\n<p><strong>Choose to partner with RentPlanet:<\/strong><\/p>\n<ul>\n<li>More than 818 000 visitors served<\/li>\n<li>More than PLN 160 million bookings handled<\/li>\n<li>Over 1,500 apartments and flats in Poland&#8217;s most popular cities and resorts<\/li>\n<li>Several locations served in Poland<\/li>\n<li>16 years of experience in the property rental industry!<\/li>\n<\/ul>\n\n\t\t<\/div>\n\t<\/section>\n<\/div>\n","protected":false},"excerpt":{"rendered":"","protected":false},"author":1,"featured_media":0,"parent":0,"menu_order":0,"comment_status":"closed","ping_status":"closed","template":"","meta":{"_acf_changed":false,"inline_featured_image":false,"_kad_blocks_custom_css":"","_kad_blocks_head_custom_js":"","_kad_blocks_body_custom_js":"","_kad_blocks_footer_custom_js":"","footnotes":""},"class_list":["post-1052","page","type-page","status-publish","hentry"],"acf":[],"yoast_head":"<!-- This site is optimized with the Yoast SEO plugin v27.4 - https:\/\/yoast.com\/product\/yoast-seo-wordpress\/ -->\n<title>Apartment management \u2013 Szklarska Por\u0119ba - RentPlanet<\/title>\n<meta name=\"robots\" content=\"index, follow, max-snippet:-1, max-image-preview:large, max-video-preview:-1\" \/>\n<link rel=\"canonical\" href=\"https:\/\/www.rentplanet.pl\/en\/apartment-management-szklarska-poreba\/\" \/>\n<meta property=\"og:locale\" content=\"en_US\" \/>\n<meta property=\"og:type\" content=\"article\" \/>\n<meta property=\"og:title\" content=\"Apartment management \u2013 Szklarska Por\u0119ba - RentPlanet\" \/>\n<meta property=\"og:url\" content=\"https:\/\/www.rentplanet.pl\/en\/apartment-management-szklarska-poreba\/\" \/>\n<meta property=\"og:site_name\" content=\"RentPlanet\" \/>\n<meta property=\"article:modified_time\" content=\"2026-03-09T09:51:29+00:00\" \/>\n<meta name=\"twitter:card\" content=\"summary_large_image\" \/>\n<script type=\"application\/ld+json\" class=\"yoast-schema-graph\">{\"@context\":\"https:\\\/\\\/schema.org\",\"@graph\":[{\"@type\":\"WebPage\",\"@id\":\"https:\\\/\\\/www.rentplanet.pl\\\/en\\\/apartment-management-szklarska-poreba\\\/\",\"url\":\"https:\\\/\\\/www.rentplanet.pl\\\/en\\\/apartment-management-szklarska-poreba\\\/\",\"name\":\"Apartment management \u2013 Szklarska Por\u0119ba - RentPlanet\",\"isPartOf\":{\"@id\":\"https:\\\/\\\/www.rentplanet.pl\\\/#website\"},\"datePublished\":\"2022-11-17T09:20:03+00:00\",\"dateModified\":\"2026-03-09T09:51:29+00:00\",\"breadcrumb\":{\"@id\":\"https:\\\/\\\/www.rentplanet.pl\\\/en\\\/apartment-management-szklarska-poreba\\\/#breadcrumb\"},\"inLanguage\":\"en-US\",\"potentialAction\":[{\"@type\":\"ReadAction\",\"target\":[\"https:\\\/\\\/www.rentplanet.pl\\\/en\\\/apartment-management-szklarska-poreba\\\/\"]}]},{\"@type\":\"BreadcrumbList\",\"@id\":\"https:\\\/\\\/www.rentplanet.pl\\\/en\\\/apartment-management-szklarska-poreba\\\/#breadcrumb\",\"itemListElement\":[{\"@type\":\"ListItem\",\"position\":1,\"name\":\"Strona g\u0142\u00f3wna\",\"item\":\"https:\\\/\\\/www.rentplanet.pl\\\/en\\\/\"},{\"@type\":\"ListItem\",\"position\":2,\"name\":\"Apartment management \u2013 Szklarska Por\u0119ba\"}]},{\"@type\":\"WebSite\",\"@id\":\"https:\\\/\\\/www.rentplanet.pl\\\/#website\",\"url\":\"https:\\\/\\\/www.rentplanet.pl\\\/\",\"name\":\"RentPlanet\",\"description\":\"Profesjonalne zarz\u0105dzanie apartamentami z RentPlanet. Maksymalizujemy zysk i precyzyjnie zarz\u0105dzamy Twoj\u0105 inwestycj\u0105.\",\"potentialAction\":[{\"@type\":\"SearchAction\",\"target\":{\"@type\":\"EntryPoint\",\"urlTemplate\":\"https:\\\/\\\/www.rentplanet.pl\\\/?s={search_term_string}\"},\"query-input\":{\"@type\":\"PropertyValueSpecification\",\"valueRequired\":true,\"valueName\":\"search_term_string\"}}],\"inLanguage\":\"en-US\"}]}<\/script>\n<!-- \/ Yoast SEO plugin. -->","yoast_head_json":{"title":"Apartment management \u2013 Szklarska Por\u0119ba - RentPlanet","robots":{"index":"index","follow":"follow","max-snippet":"max-snippet:-1","max-image-preview":"max-image-preview:large","max-video-preview":"max-video-preview:-1"},"canonical":"https:\/\/www.rentplanet.pl\/en\/apartment-management-szklarska-poreba\/","og_locale":"en_US","og_type":"article","og_title":"Apartment management \u2013 Szklarska Por\u0119ba - RentPlanet","og_url":"https:\/\/www.rentplanet.pl\/en\/apartment-management-szklarska-poreba\/","og_site_name":"RentPlanet","article_modified_time":"2026-03-09T09:51:29+00:00","twitter_card":"summary_large_image","schema":{"@context":"https:\/\/schema.org","@graph":[{"@type":"WebPage","@id":"https:\/\/www.rentplanet.pl\/en\/apartment-management-szklarska-poreba\/","url":"https:\/\/www.rentplanet.pl\/en\/apartment-management-szklarska-poreba\/","name":"Apartment management \u2013 Szklarska Por\u0119ba - RentPlanet","isPartOf":{"@id":"https:\/\/www.rentplanet.pl\/#website"},"datePublished":"2022-11-17T09:20:03+00:00","dateModified":"2026-03-09T09:51:29+00:00","breadcrumb":{"@id":"https:\/\/www.rentplanet.pl\/en\/apartment-management-szklarska-poreba\/#breadcrumb"},"inLanguage":"en-US","potentialAction":[{"@type":"ReadAction","target":["https:\/\/www.rentplanet.pl\/en\/apartment-management-szklarska-poreba\/"]}]},{"@type":"BreadcrumbList","@id":"https:\/\/www.rentplanet.pl\/en\/apartment-management-szklarska-poreba\/#breadcrumb","itemListElement":[{"@type":"ListItem","position":1,"name":"Strona g\u0142\u00f3wna","item":"https:\/\/www.rentplanet.pl\/en\/"},{"@type":"ListItem","position":2,"name":"Apartment management \u2013 Szklarska Por\u0119ba"}]},{"@type":"WebSite","@id":"https:\/\/www.rentplanet.pl\/#website","url":"https:\/\/www.rentplanet.pl\/","name":"RentPlanet","description":"Profesjonalne zarz\u0105dzanie apartamentami z RentPlanet. Maksymalizujemy zysk i precyzyjnie zarz\u0105dzamy Twoj\u0105 inwestycj\u0105.","potentialAction":[{"@type":"SearchAction","target":{"@type":"EntryPoint","urlTemplate":"https:\/\/www.rentplanet.pl\/?s={search_term_string}"},"query-input":{"@type":"PropertyValueSpecification","valueRequired":true,"valueName":"search_term_string"}}],"inLanguage":"en-US"}]}},"taxonomy_info":[],"featured_image_src_large":false,"author_info":{"display_name":"kreacja","author_link":"https:\/\/www.rentplanet.pl\/en\/author\/kreacja\/"},"comment_info":0,"_links":{"self":[{"href":"https:\/\/www.rentplanet.pl\/en\/wp-json\/wp\/v2\/pages\/1052","targetHints":{"allow":["GET"]}}],"collection":[{"href":"https:\/\/www.rentplanet.pl\/en\/wp-json\/wp\/v2\/pages"}],"about":[{"href":"https:\/\/www.rentplanet.pl\/en\/wp-json\/wp\/v2\/types\/page"}],"author":[{"embeddable":true,"href":"https:\/\/www.rentplanet.pl\/en\/wp-json\/wp\/v2\/users\/1"}],"replies":[{"embeddable":true,"href":"https:\/\/www.rentplanet.pl\/en\/wp-json\/wp\/v2\/comments?post=1052"}],"version-history":[{"count":6,"href":"https:\/\/www.rentplanet.pl\/en\/wp-json\/wp\/v2\/pages\/1052\/revisions"}],"predecessor-version":[{"id":3894,"href":"https:\/\/www.rentplanet.pl\/en\/wp-json\/wp\/v2\/pages\/1052\/revisions\/3894"}],"wp:attachment":[{"href":"https:\/\/www.rentplanet.pl\/en\/wp-json\/wp\/v2\/media?parent=1052"}],"curies":[{"name":"wp","href":"https:\/\/api.w.org\/{rel}","templated":true}]}}