{"id":1145,"date":"2023-02-20T15:03:08","date_gmt":"2023-02-20T14:03:08","guid":{"rendered":"https:\/\/www.rentplanet.pl\/?page_id=1145"},"modified":"2026-03-09T10:52:32","modified_gmt":"2026-03-09T09:52:32","slug":"apartment-management-zakopane","status":"publish","type":"page","link":"https:\/\/www.rentplanet.pl\/en\/apartment-management-zakopane\/","title":{"rendered":"Apartment management \u2013 Zakopane"},"content":{"rendered":"<section style=\"background-color:#232633\" class=\"baner relative\">\n\t<img decoding=\"async\" src=\"https:\/\/www.rentplanet.pl\/wp-content\/uploads\/2022\/10\/hero.jpg\" alt=\"\"\/>\n\t\t<div class=\"Container absolute top-1\/2 left-1\/2 transform -translate-x-1\/2 -translate-y-1\/2\">\n\t\t<p>&nbsp;<\/p>\n<p><span style=\"color: #f7f8fa;\"><strong>Get ready to profit with RentPlanet!<\/strong><\/span><\/p>\n<h1><span style=\"color: #f7f8fa;\"><b>Apartment management <\/b><b>\u2013 Zakopane<\/b><\/span><\/h1>\n<p><span style=\"color: #f7f8fa;\"><strong>Highest profit<\/strong><\/span><\/p>\n<p><span style=\"color: #f7f8fa;\">For years, we have been achieving a high income for apartment owners from renting apartments. We guarantee regular transfers every month.<\/span><\/p>\n<p><span style=\"color: #f7f8fa;\"><strong>The best prices for stays<\/strong><\/span><\/p>\n<p><span style=\"color: #f7f8fa;\">Our modern strategy of maximizing revenues and optimizing occupancy allows us to achieve the highest possible prices for stays.<\/span><\/p>\n<p><span style=\"color: #f7f8fa;\"><strong>We save time for you<\/strong><\/span><\/p>\n<p><span style=\"color: #f7f8fa;\">We manage apartments in Zakopane, obtaining a high income, and you gain more time for other projects.<\/span><\/p>\n\n\t\t\t<\/div>\n\t\t<\/section>\n\n\n\n<div style=\"height:50px\" aria-hidden=\"true\" class=\"wp-block-spacer\"><\/div>\n\n\n<section class=\"py-12\">\n\t<div class=\"\">\n\t\t<div class=\"Container \">\n\t\t\t<h2 style=\"text-align: center;\"><span style=\"color: #f7f8fa;\">Comprehensive short-term rental management in Zakopane<\/span><\/h2>\n<p style=\"text-align: center;\"><span style=\"color: #f7f8fa;\">We achieve a high income from short-term rental management in Zakopane thanks to our properly profiled offer, which includes:<\/span><\/p>\n\n\t\t<\/div>\n\t\t<div class=\"benefits-slider mt-12\">\n\t\t\t<div class=\"swiper\">\n\t\t\t\t<div class=\"swiper-prev-btn\">\n\t\t\t\t\t<?xml version=\"1.0\" encoding=\"UTF-8\"?>\n<svg width=\"16px\" class=\"ml-2\" height=\"15px\" viewBox=\"0 0 16 15\" version=\"1.1\" xmlns=\"http:\/\/www.w3.org\/2000\/svg\" xmlns:xlink=\"http:\/\/www.w3.org\/1999\/xlink\">\n    <title>icons\/ui\/arrow<\/title>\n    <g id=\"Projekt\" stroke=\"none\" stroke-width=\"1\" fill=\"none\" fill-rule=\"evenodd\" stroke-linejoin=\"round\">\n        <g id=\"09-Kontakt\" transform=\"translate(-534.000000, -558.000000)\" fill=\"#FF3E3A\" fill-rule=\"nonzero\" stroke=\"#FF3E3A\">\n            <g id=\"button\" transform=\"translate(376.000000, 538.000000)\">\n                <g id=\"icons\/ui\/arrow\" transform=\"translate(159.000000, 21.000000)\">\n                    <g id=\"arrow-right\" transform=\"translate(6.999590, 7.000000) scale(-1, 1) translate(-6.999590, -7.000000) \">\n                        <polygon id=\"Path\" points=\"13.9991805 7.64 2.43586154 7.63705778 7.89895648 13.10028 6.99923645 14 0 7.00076355 7.00076355 0 7.90048358 0.899720031 2.43586154 6.36446933 13.9991805 6.36\"><\/polygon>\n                    <\/g>\n                <\/g>\n            <\/g>\n        <\/g>\n    <\/g>\n<\/svg>\n\t\t\t\t<\/div>\n\t\t\t\t<div class=\"swiper-next-btn\">\n\t\t\t\t\t<?xml version=\"1.0\" encoding=\"UTF-8\"?>\n<svg width=\"16px\" class=\"ml-2\" height=\"15px\" viewBox=\"0 0 16 15\" version=\"1.1\" xmlns=\"http:\/\/www.w3.org\/2000\/svg\" xmlns:xlink=\"http:\/\/www.w3.org\/1999\/xlink\">\n    <title>icons\/ui\/arrow<\/title>\n    <g id=\"Projekt\" stroke=\"none\" stroke-width=\"1\" fill=\"none\" fill-rule=\"evenodd\" stroke-linejoin=\"round\">\n        <g id=\"09-Kontakt\" transform=\"translate(-534.000000, -558.000000)\" fill=\"#FF3E3A\" fill-rule=\"nonzero\" stroke=\"#FF3E3A\">\n            <g id=\"button\" transform=\"translate(376.000000, 538.000000)\">\n                <g id=\"icons\/ui\/arrow\" transform=\"translate(159.000000, 21.000000)\">\n                    <g id=\"arrow-right\" transform=\"translate(6.999590, 7.000000) scale(-1, 1) translate(-6.999590, -7.000000) \">\n                        <polygon id=\"Path\" points=\"13.9991805 7.64 2.43586154 7.63705778 7.89895648 13.10028 6.99923645 14 0 7.00076355 7.00076355 0 7.90048358 0.899720031 2.43586154 6.36446933 13.9991805 6.36\"><\/polygon>\n                    <\/g>\n                <\/g>\n            <\/g>\n        <\/g>\n    <\/g>\n<\/svg>\n\t\t\t\t<\/div>\n\t\t\t\t<div class=\"swiper-wrapper py-12 cursor-pointer select-none px-4 giant:px-0\">\n\t\t\t\t\t\t\t\t\t\t\t<div class=\"swiper-slide\">\n\t\t\t\t\t\t\t<div class=\"p-12 border border-tertiary rounded-lg text-center h-full\">\n\t\t\t\t\t\t\t\t<p>We prepare and offer apartments for rent through our own platform, noci.rentplanet.pl and the most frequently used by guests booking websites in the world.<\/p>\n\n\t\t\t\t\t\t\t\t\t\t\t\t\t\t\t\t\t<div class=\"absolute h-[72px] -top-[32px] left-1\/2 transform -translate-x-1\/2 w-[240px] bg-white text-center flex items-center justify-center\"><p><strong>Effective marketing<\/strong><\/p>\n<\/div>\n\t\t\t\t\t\t\t\t\t\t\t\t\t\t\t\t<div class=\"absolute top-8 -left-[16px] flex items-center justify-center bg-white py-2\"><img decoding=\"async\" class=\"\" src=\"https:\/\/www.rentplanet.pl\/wp-content\/uploads\/2022\/10\/01-nowoczesny-marketing.svg\" alt=\"\"\/><\/div>\n\t\t\t\t\t\t\t<\/div>\n\t\t\t\t\t\t<\/div>\n\t\t\t\t\t\t\t\t\t\t\t<div class=\"swiper-slide\">\n\t\t\t\t\t\t\t<div class=\"p-12 border border-tertiary rounded-lg text-center h-full\">\n\t\t\t\t\t\t\t\t<p>We care about the safety and comfort of your stay 24 hours a day, 7 days a week and all days of the year. We offer guest service in several languages.<\/p>\n\n\t\t\t\t\t\t\t\t\t\t\t\t\t\t\t\t\t<div class=\"absolute h-[72px] -top-[32px] left-1\/2 transform -translate-x-1\/2 w-[240px] bg-white text-center flex items-center justify-center\"><p><strong>24\/7\/365 guest service<\/strong><\/p>\n<\/div>\n\t\t\t\t\t\t\t\t\t\t\t\t\t\t\t\t<div class=\"absolute top-8 -left-[16px] flex items-center justify-center bg-white py-2\"><img decoding=\"async\" class=\"\" src=\"https:\/\/www.rentplanet.pl\/wp-content\/uploads\/2022\/10\/02-calodobowa-obsluga.svg\" alt=\"\"\/><\/div>\n\t\t\t\t\t\t\t<\/div>\n\t\t\t\t\t\t<\/div>\n\t\t\t\t\t\t\t\t\t\t\t<div class=\"swiper-slide\">\n\t\t\t\t\t\t\t<div class=\"p-12 border border-tertiary rounded-lg text-center h-full\">\n\t\t\t\t\t\t\t\t<p>We optimize occupancy and manage rental prices to maximize the potential of your apartment.<\/p>\n\n\t\t\t\t\t\t\t\t\t\t\t\t\t\t\t\t\t<div class=\"absolute h-[72px] -top-[32px] left-1\/2 transform -translate-x-1\/2 w-[240px] bg-white text-center flex items-center justify-center\"><p><strong>Management of apartments in Zakopane<\/strong><\/p>\n<\/div>\n\t\t\t\t\t\t\t\t\t\t\t\t\t\t\t\t<div class=\"absolute top-8 -left-[16px] flex items-center justify-center bg-white py-2\"><img decoding=\"async\" class=\"\" src=\"https:\/\/www.rentplanet.pl\/wp-content\/uploads\/2022\/10\/03-dynamiczne-zmiany-cen-1.svg\" alt=\"\"\/><\/div>\n\t\t\t\t\t\t\t<\/div>\n\t\t\t\t\t\t<\/div>\n\t\t\t\t\t\t\t\t\t\t\t<div class=\"swiper-slide\">\n\t\t\t\t\t\t\t<div class=\"p-12 border border-tertiary rounded-lg text-center h-full\">\n\t\t\t\t\t\t\t\t<p>We take care of your apartment non-stop. We provide cleaning staff and teams of professionals who can remove minor defects. We charge you with the obligation to constantly look after the apartment.<\/p>\n\n\t\t\t\t\t\t\t\t\t\t\t\t\t\t\t\t\t<div class=\"absolute h-[72px] -top-[32px] left-1\/2 transform -translate-x-1\/2 w-[240px] bg-white text-center flex items-center justify-center\"><p><strong>Care and service <\/strong><\/p>\n<\/div>\n\t\t\t\t\t\t\t\t\t\t\t\t\t\t\t\t<div class=\"absolute top-8 -left-[16px] flex items-center justify-center bg-white py-2\"><img decoding=\"async\" class=\"\" src=\"https:\/\/www.rentplanet.pl\/wp-content\/uploads\/2022\/10\/04-opieka.svg\" alt=\"\"\/><\/div>\n\t\t\t\t\t\t\t<\/div>\n\t\t\t\t\t\t<\/div>\n\t\t\t\t\t\t\t\t\t\t\t<div class=\"swiper-slide\">\n\t\t\t\t\t\t\t<div class=\"p-12 border border-tertiary rounded-lg text-center h-full\">\n\t\t\t\t\t\t\t\t<p>Together with a team of home stagers, we prepare your apartment so that it is attractive to guests and rented quickly and at the highest prices.<\/p>\n\n\t\t\t\t\t\t\t\t\t\t\t\t\t\t\t\t\t<div class=\"absolute h-[72px] -top-[32px] left-1\/2 transform -translate-x-1\/2 w-[240px] bg-white text-center flex items-center justify-center\"><p><strong>Conscious home staging<\/strong><\/p>\n<\/div>\n\t\t\t\t\t\t\t\t\t\t\t\t\t\t\t\t<div class=\"absolute top-8 -left-[16px] flex items-center justify-center bg-white py-2\"><img decoding=\"async\" class=\"\" src=\"https:\/\/www.rentplanet.pl\/wp-content\/uploads\/2022\/10\/05-home-staging.svg\" alt=\"\"\/><\/div>\n\t\t\t\t\t\t\t<\/div>\n\t\t\t\t\t\t<\/div>\n\t\t\t\t\t\t\t\t\t<\/div>\n\t\t\t<\/div>\n\t\t<\/div>\n\t<\/div>\n<\/section>\n\n\n<section class=\"pt-6 pb-12 md:pb-16 md:pt-10 xl:pb-24\">\n\t<div class=\"mx-auto\"><p style=\"text-align: center;\"><span style=\"text-align: center;\"><strong><span class=\"section__headline\" style=\"color: #ff3e3a;\">STEPS<\/span><\/strong><\/span><\/p>\n<h2 style=\"text-align: center;\"><span class=\"h1\" style=\"text-align: center;\"><b>Lease management in Zakopane step by step<\/b><br \/>\n<\/span><\/h2>\n<p style=\"text-align: center;\">Work with RentPlanet in a few simple steps!<\/p>\n<\/div>\n\t\t\t<div class=\"steps Container grid md:grid-cols-2 xl:grid-cols-3 gap-x-24 gap-y-6 md:gap-y-10 lg:gap-y-16 mt-10 md:mt-20\">\n\t\t\t\t\t\t\t\t\t\t\n\t\t\t\t<div class=\"step step1 flex flex-col flex-end\">\n\t\t\t\t\t<div class=\"step__lines flex justify-between relative -left-6\">\n\t\t\t\t\t\t<img decoding=\"async\" src=\"https:\/\/www.rentplanet.pl\/wp-content\/themes\/starter\/dist\/images\/icons\/home\/step.svg\" alt=\"\"\/>\n\t\t\t\t\t\t<img decoding=\"async\" class=\"object-none w-[80%]\" src=\"https:\/\/www.rentplanet.pl\/wp-content\/themes\/starter\/dist\/images\/icons\/home\/dotted-line-top.svg\" alt=\"\"\/>\n\t\t\t\t\t\t<img decoding=\"async\" src=\"https:\/\/www.rentplanet.pl\/wp-content\/themes\/starter\/dist\/images\/icons\/home\/chevron.svg\" alt=\"\"\/>\n\t\t\t\t\t<\/div>\n\t\t\t\t\t<p class=\"font-bold mb-8\">\n\t\t\t\t\t\t<span class=\"text-primaryBrand\">STEP 01<\/span>\n\t\t\t\t\t\t<span class=\"text-tertiary\">\n\t\t\t\t\t\t\t\/ 05<\/span>\n\t\t\t\t\t<\/p>\n\t\t\t\t\t<p>Signing a contract for the management of apartments in Zakopane and handing over the premises<\/p>\n\n\t\t\t\t<\/div>\n\n\t\t\t\t\t\t\t\n\t\t\t\t<div class=\"step step2 flex flex-col flex-end\">\n\t\t\t\t\t<div class=\"step__lines flex justify-between relative -left-6\">\n\t\t\t\t\t\t<img decoding=\"async\" src=\"https:\/\/www.rentplanet.pl\/wp-content\/themes\/starter\/dist\/images\/icons\/home\/step.svg\" alt=\"\"\/>\n\t\t\t\t\t\t<img decoding=\"async\" class=\"object-none w-[80%]\" src=\"https:\/\/www.rentplanet.pl\/wp-content\/themes\/starter\/dist\/images\/icons\/home\/dotted-line-top.svg\" alt=\"\"\/>\n\t\t\t\t\t\t<img decoding=\"async\" src=\"https:\/\/www.rentplanet.pl\/wp-content\/themes\/starter\/dist\/images\/icons\/home\/chevron.svg\" alt=\"\"\/>\n\t\t\t\t\t<\/div>\n\t\t\t\t\t<p class=\"font-bold mb-8\">\n\t\t\t\t\t\t<span class=\"text-primaryBrand\">STEP 02<\/span>\n\t\t\t\t\t\t<span class=\"text-tertiary\">\n\t\t\t\t\t\t\t\/ 05<\/span>\n\t\t\t\t\t<\/p>\n\t\t\t\t\t<p>Professional preparation of the apartment for rent<\/p>\n\n\t\t\t\t<\/div>\n\n\t\t\t\t\t\t\t\n\t\t\t\t<div class=\"step step3 flex flex-col flex-end\">\n\t\t\t\t\t<div class=\"step__lines flex justify-between relative -left-6\">\n\t\t\t\t\t\t<img decoding=\"async\" src=\"https:\/\/www.rentplanet.pl\/wp-content\/themes\/starter\/dist\/images\/icons\/home\/step.svg\" alt=\"\"\/>\n\t\t\t\t\t\t<img decoding=\"async\" class=\"object-none w-[80%]\" src=\"https:\/\/www.rentplanet.pl\/wp-content\/themes\/starter\/dist\/images\/icons\/home\/dotted-line-top.svg\" alt=\"\"\/>\n\t\t\t\t\t\t<img decoding=\"async\" src=\"https:\/\/www.rentplanet.pl\/wp-content\/themes\/starter\/dist\/images\/icons\/home\/chevron.svg\" alt=\"\"\/>\n\t\t\t\t\t<\/div>\n\t\t\t\t\t<p class=\"font-bold mb-8\">\n\t\t\t\t\t\t<span class=\"text-primaryBrand\">STEP 03<\/span>\n\t\t\t\t\t\t<span class=\"text-tertiary\">\n\t\t\t\t\t\t\t\/ 05<\/span>\n\t\t\t\t\t<\/p>\n\t\t\t\t\t<p>Effective marketing and sale of stays on AirBnb, Booking.com, Expedia and many others, as well as on our own platform, noci.rentplanet.pl<\/p>\n\n\t\t\t\t<\/div>\n\n\t\t\t\t\t\t\t\n\t\t\t\t<div class=\"step step4 flex flex-col flex-end\">\n\t\t\t\t\t<div class=\"step__lines flex justify-between relative -left-6\">\n\t\t\t\t\t\t<img decoding=\"async\" src=\"https:\/\/www.rentplanet.pl\/wp-content\/themes\/starter\/dist\/images\/icons\/home\/step.svg\" alt=\"\"\/>\n\t\t\t\t\t\t<img decoding=\"async\" class=\"object-none w-[80%]\" src=\"https:\/\/www.rentplanet.pl\/wp-content\/themes\/starter\/dist\/images\/icons\/home\/dotted-line-top.svg\" alt=\"\"\/>\n\t\t\t\t\t\t<img decoding=\"async\" src=\"https:\/\/www.rentplanet.pl\/wp-content\/themes\/starter\/dist\/images\/icons\/home\/chevron.svg\" alt=\"\"\/>\n\t\t\t\t\t<\/div>\n\t\t\t\t\t<p class=\"font-bold mb-8\">\n\t\t\t\t\t\t<span class=\"text-primaryBrand\">STEP 04<\/span>\n\t\t\t\t\t\t<span class=\"text-tertiary\">\n\t\t\t\t\t\t\t\/ 05<\/span>\n\t\t\t\t\t<\/p>\n\t\t\t\t\t<p>Management of renting apartments in Zakopane and comprehensive guest service<\/p>\n\n\t\t\t\t<\/div>\n\n\t\t\t\t\t\t\t\n\t\t\t\t<div class=\"step step5 flex flex-col flex-end\">\n\t\t\t\t\t<div class=\"step__lines flex justify-between relative -left-6\">\n\t\t\t\t\t\t<img decoding=\"async\" src=\"https:\/\/www.rentplanet.pl\/wp-content\/themes\/starter\/dist\/images\/icons\/home\/step.svg\" alt=\"\"\/>\n\t\t\t\t\t\t<img decoding=\"async\" class=\"object-none w-[80%]\" src=\"https:\/\/www.rentplanet.pl\/wp-content\/themes\/starter\/dist\/images\/icons\/home\/dotted-line-top.svg\" alt=\"\"\/>\n\t\t\t\t\t\t<img decoding=\"async\" src=\"https:\/\/www.rentplanet.pl\/wp-content\/themes\/starter\/dist\/images\/icons\/home\/chevron.svg\" alt=\"\"\/>\n\t\t\t\t\t<\/div>\n\t\t\t\t\t<p class=\"font-bold mb-8\">\n\t\t\t\t\t\t<span class=\"text-primaryBrand\">STEP 05<\/span>\n\t\t\t\t\t\t<span class=\"text-tertiary\">\n\t\t\t\t\t\t\t\/ 05<\/span>\n\t\t\t\t\t<\/p>\n\t\t\t\t\t<p>High profit and more time for you!<\/p>\n\n\t\t\t\t<\/div>\n\n\t\t\t\t\t<\/div>\n\t<\/section>\n\n\n<section class=\"bg-dark py-12 md:py-24 relative coop\">\n\t<img decoding=\"async\" class=\"absolute -top-[238px] right-0 hidden md:block\" src=\"https:\/\/www.rentplanet.pl\/wp-content\/themes\/starter\/dist\/images\/img\/01-home\/home-04.png\" alt=\"\"\/>\n\t<div class=\"Container\">\n\t\t<div class=\"max-w-[480px]\"><h2><span style=\"color: #f7f8fa;\"><strong>What distinguishes us from the competition?<\/strong><\/span><\/h2>\n<p><span style=\"color: #f7f8fa;\">At RentPlanet, we consciously use the latest technologies. Thanks to them, we are able to receive more guests in your apartment, ensuring their complete safety.<\/span><\/p>\n<p><span style=\"color: #f7f8fa;\">Precursor strategies in short-term rental management enable us to optimize many operational processes. This brings much more income from renting your property.<\/span><\/p>\n<\/div>\n\t\t<div class=\"grid md:grid-cols-2 gap-12 md:gap-24 mt-12 md:mt-20\">\n\t\t\t\t\t\t\t<div class=\"border-t pt-12 border-tertiary\"><p><span style=\"color: #f7f8fa;\"><strong>Intelligent revenue management systems<\/strong><\/span><\/p>\n<p><span style=\"color: #f7f8fa;\">We analyze millions of data all the time to determine the apartment rental price in the best possible way. Taking into account the location, seasonality, standard of equipment or weather forecasts.<\/span><\/p>\n<\/div>\n\t\t\t\t\t\t\t<div class=\"border-t pt-12 border-tertiary\"><p><span style=\"color: #f7f8fa;\"><strong>RentPlanet web application<\/strong><\/span><\/p>\n<p><span style=\"color: #f7f8fa;\">Thanks to a special web application, we provide apartment owners with access to monitoring settlements and bookings in real time.<\/span><\/p>\n<\/div>\n\t\t\t\t\t\t\t<div class=\"border-t pt-12 border-tertiary\"><p><span style=\"color: #f7f8fa;\"><strong>Smart locks<\/strong><\/span><\/p>\n<p><span style=\"color: #f7f8fa;\">We implement systems of RentingLock electronic locks that we produce, which generate unique codes for the duration of your stay. As a result, we manage access to the apartment efficiently and remotely.<\/span><\/p>\n<\/div>\n\t\t\t\t\t\t\t<div class=\"border-t pt-12 border-tertiary\"><p><span style=\"color: #f7f8fa;\"><strong>Electronic registration cards<\/strong><\/span><\/p>\n<p><span style=\"color: #f7f8fa;\">We provide maximum secure online check-in, thanks to which your guests do not have to do it during traditional contacts with the reception.<\/span><\/p>\n<\/div>\n\t\t\t\t\t<\/div>\n\t<\/div>\n<\/section>\n\n\n<div class=\"section__background\"  style=\"background-image:url('https:\/\/www.rentplanet.pl\/wp-content\/uploads\/2022\/10\/home-01.png'); background-position:left; background-repeat:no-repeat; background-size: 45% auto;\"  class=\"\">\n\t<section class=\"Container section flex flex-col gap-y-8 gap-x-4 lg:flex-row justify-between items-center py-8 lg:py-16  \">\n\t\t<div class=\"relative\">\n\t\t\t\t\t\t\t<img decoding=\"async\" class=\"relative z-[2] xxxl:hidden\" src=\"https:\/\/www.rentplanet.pl\/wp-content\/uploads\/2022\/10\/home-01.png\" alt=\"\">\n\t\t\t\t\t\t\t\t<\/div>\n\t\t<div class=\"xl:max-w-[552px]\">\n\t\t\t<h2><strong>On what terms do we rent apartments in Zakopane?<\/strong><\/h2>\n<p>Always transparent<\/p>\n<p>In RentPlanet, cooperation with apartment owners is based on a commission system of revenue sharing. On our side are all the obligations that are related to the management of apartments for rent in Gda\u0144sk. This means that our partners do not manage the booking calendar or guest service. As part of the contract with our company, we offer:<\/p>\n<ul>\n<li>reliable handling of payments related to the rental of apartments<\/li>\n<li>monthly, expert analysis of revenues<\/li>\n<li>clear settlements and remuneration always on time<\/li>\n<\/ul>\n\n\t\t<\/div>\n\t<\/section>\n<\/div>\n\n\n<div class=\"section__background\"  style=\"background-image:url('https:\/\/www.rentplanet.pl\/wp-content\/uploads\/2022\/10\/about-01.png'); background-position:right; background-repeat:no-repeat; background-size: 45% auto;\"  class=\"\">\n\t<section class=\"Container section flex flex-col gap-y-8 gap-x-4 lg:flex-row justify-between items-center py-8 lg:py-16  lg:flex-row-reverse\">\n\t\t<div class=\"relative\">\n\t\t\t\t\t\t\t<img decoding=\"async\" class=\"relative z-[2] xxxl:hidden\" src=\"https:\/\/www.rentplanet.pl\/wp-content\/uploads\/2022\/10\/about-01.png\" alt=\"\">\n\t\t\t\t\t\t\t\t<\/div>\n\t\t<div class=\"xl:max-w-[552px]\">\n\t\t\t<h2>Why is it worth using our apartment management company in Zakopane?<\/h2>\n<p>Get ready to profit!<\/p>\n<p>At RentPlanet, we have been managing short-term and long-term rental of apartments in Zakopane for many years. Thanks to our vast knowledge and extensive experience in the tourism industry, we maximize the profits of investors, developers and private owners of flats and apartments for rent.<\/p>\n<p>Choose partnership cooperation with RentPlanet:<\/p>\n<ul>\n<li>More than 818 000 visitors served<\/li>\n<li>More than PLN 160 million bookings handled<\/li>\n<li>Over 1,500 apartments and flats in Poland&#8217;s most popular cities and resorts<\/li>\n<li>Several locations served in Poland<\/li>\n<li>16 years of experience in the property rental industry!<\/li>\n<\/ul>\n\n\t\t<\/div>\n\t<\/section>\n<\/div>\n","protected":false},"excerpt":{"rendered":"","protected":false},"author":1,"featured_media":0,"parent":0,"menu_order":0,"comment_status":"closed","ping_status":"closed","template":"","meta":{"_acf_changed":false,"inline_featured_image":false,"_kad_blocks_custom_css":"","_kad_blocks_head_custom_js":"","_kad_blocks_body_custom_js":"","_kad_blocks_footer_custom_js":"","footnotes":""},"class_list":["post-1145","page","type-page","status-publish","hentry"],"acf":[],"yoast_head":"<!-- This site is optimized with the Yoast SEO plugin v27.6 - https:\/\/yoast.com\/product\/yoast-seo-wordpress\/ -->\n<title>Apartment management \u2013 Zakopane - RentPlanet<\/title>\n<meta name=\"robots\" content=\"index, follow, max-snippet:-1, max-image-preview:large, max-video-preview:-1\" \/>\n<link rel=\"canonical\" href=\"https:\/\/www.rentplanet.pl\/en\/apartment-management-zakopane\/\" \/>\n<meta property=\"og:locale\" content=\"en_US\" \/>\n<meta property=\"og:type\" content=\"article\" \/>\n<meta property=\"og:title\" content=\"Apartment management \u2013 Zakopane - RentPlanet\" \/>\n<meta property=\"og:url\" content=\"https:\/\/www.rentplanet.pl\/en\/apartment-management-zakopane\/\" \/>\n<meta property=\"og:site_name\" content=\"RentPlanet\" \/>\n<meta property=\"article:modified_time\" content=\"2026-03-09T09:52:32+00:00\" \/>\n<meta name=\"twitter:card\" content=\"summary_large_image\" \/>\n<script type=\"application\/ld+json\" class=\"yoast-schema-graph\">{\"@context\":\"https:\\\/\\\/schema.org\",\"@graph\":[{\"@type\":\"WebPage\",\"@id\":\"https:\\\/\\\/www.rentplanet.pl\\\/en\\\/apartment-management-zakopane\\\/\",\"url\":\"https:\\\/\\\/www.rentplanet.pl\\\/en\\\/apartment-management-zakopane\\\/\",\"name\":\"Apartment management \u2013 Zakopane - RentPlanet\",\"isPartOf\":{\"@id\":\"https:\\\/\\\/www.rentplanet.pl\\\/#website\"},\"datePublished\":\"2023-02-20T14:03:08+00:00\",\"dateModified\":\"2026-03-09T09:52:32+00:00\",\"breadcrumb\":{\"@id\":\"https:\\\/\\\/www.rentplanet.pl\\\/en\\\/apartment-management-zakopane\\\/#breadcrumb\"},\"inLanguage\":\"en-US\",\"potentialAction\":[{\"@type\":\"ReadAction\",\"target\":[\"https:\\\/\\\/www.rentplanet.pl\\\/en\\\/apartment-management-zakopane\\\/\"]}]},{\"@type\":\"BreadcrumbList\",\"@id\":\"https:\\\/\\\/www.rentplanet.pl\\\/en\\\/apartment-management-zakopane\\\/#breadcrumb\",\"itemListElement\":[{\"@type\":\"ListItem\",\"position\":1,\"name\":\"Strona g\u0142\u00f3wna\",\"item\":\"https:\\\/\\\/www.rentplanet.pl\\\/en\\\/\"},{\"@type\":\"ListItem\",\"position\":2,\"name\":\"Apartment management \u2013 Zakopane\"}]},{\"@type\":\"WebSite\",\"@id\":\"https:\\\/\\\/www.rentplanet.pl\\\/#website\",\"url\":\"https:\\\/\\\/www.rentplanet.pl\\\/\",\"name\":\"RentPlanet\",\"description\":\"Profesjonalne zarz\u0105dzanie apartamentami z RentPlanet. Maksymalizujemy zysk i precyzyjnie zarz\u0105dzamy Twoj\u0105 inwestycj\u0105.\",\"potentialAction\":[{\"@type\":\"SearchAction\",\"target\":{\"@type\":\"EntryPoint\",\"urlTemplate\":\"https:\\\/\\\/www.rentplanet.pl\\\/?s={search_term_string}\"},\"query-input\":{\"@type\":\"PropertyValueSpecification\",\"valueRequired\":true,\"valueName\":\"search_term_string\"}}],\"inLanguage\":\"en-US\"}]}<\/script>\n<!-- \/ Yoast SEO plugin. -->","yoast_head_json":{"title":"Apartment management \u2013 Zakopane - RentPlanet","robots":{"index":"index","follow":"follow","max-snippet":"max-snippet:-1","max-image-preview":"max-image-preview:large","max-video-preview":"max-video-preview:-1"},"canonical":"https:\/\/www.rentplanet.pl\/en\/apartment-management-zakopane\/","og_locale":"en_US","og_type":"article","og_title":"Apartment management \u2013 Zakopane - RentPlanet","og_url":"https:\/\/www.rentplanet.pl\/en\/apartment-management-zakopane\/","og_site_name":"RentPlanet","article_modified_time":"2026-03-09T09:52:32+00:00","twitter_card":"summary_large_image","schema":{"@context":"https:\/\/schema.org","@graph":[{"@type":"WebPage","@id":"https:\/\/www.rentplanet.pl\/en\/apartment-management-zakopane\/","url":"https:\/\/www.rentplanet.pl\/en\/apartment-management-zakopane\/","name":"Apartment management \u2013 Zakopane - RentPlanet","isPartOf":{"@id":"https:\/\/www.rentplanet.pl\/#website"},"datePublished":"2023-02-20T14:03:08+00:00","dateModified":"2026-03-09T09:52:32+00:00","breadcrumb":{"@id":"https:\/\/www.rentplanet.pl\/en\/apartment-management-zakopane\/#breadcrumb"},"inLanguage":"en-US","potentialAction":[{"@type":"ReadAction","target":["https:\/\/www.rentplanet.pl\/en\/apartment-management-zakopane\/"]}]},{"@type":"BreadcrumbList","@id":"https:\/\/www.rentplanet.pl\/en\/apartment-management-zakopane\/#breadcrumb","itemListElement":[{"@type":"ListItem","position":1,"name":"Strona g\u0142\u00f3wna","item":"https:\/\/www.rentplanet.pl\/en\/"},{"@type":"ListItem","position":2,"name":"Apartment management \u2013 Zakopane"}]},{"@type":"WebSite","@id":"https:\/\/www.rentplanet.pl\/#website","url":"https:\/\/www.rentplanet.pl\/","name":"RentPlanet","description":"Profesjonalne zarz\u0105dzanie apartamentami z RentPlanet. Maksymalizujemy zysk i precyzyjnie zarz\u0105dzamy Twoj\u0105 inwestycj\u0105.","potentialAction":[{"@type":"SearchAction","target":{"@type":"EntryPoint","urlTemplate":"https:\/\/www.rentplanet.pl\/?s={search_term_string}"},"query-input":{"@type":"PropertyValueSpecification","valueRequired":true,"valueName":"search_term_string"}}],"inLanguage":"en-US"}]}},"taxonomy_info":[],"featured_image_src_large":false,"author_info":{"display_name":"kreacja","author_link":"https:\/\/www.rentplanet.pl\/en\/author\/kreacja\/"},"comment_info":0,"_links":{"self":[{"href":"https:\/\/www.rentplanet.pl\/en\/wp-json\/wp\/v2\/pages\/1145","targetHints":{"allow":["GET"]}}],"collection":[{"href":"https:\/\/www.rentplanet.pl\/en\/wp-json\/wp\/v2\/pages"}],"about":[{"href":"https:\/\/www.rentplanet.pl\/en\/wp-json\/wp\/v2\/types\/page"}],"author":[{"embeddable":true,"href":"https:\/\/www.rentplanet.pl\/en\/wp-json\/wp\/v2\/users\/1"}],"replies":[{"embeddable":true,"href":"https:\/\/www.rentplanet.pl\/en\/wp-json\/wp\/v2\/comments?post=1145"}],"version-history":[{"count":8,"href":"https:\/\/www.rentplanet.pl\/en\/wp-json\/wp\/v2\/pages\/1145\/revisions"}],"predecessor-version":[{"id":3896,"href":"https:\/\/www.rentplanet.pl\/en\/wp-json\/wp\/v2\/pages\/1145\/revisions\/3896"}],"wp:attachment":[{"href":"https:\/\/www.rentplanet.pl\/en\/wp-json\/wp\/v2\/media?parent=1145"}],"curies":[{"name":"wp","href":"https:\/\/api.w.org\/{rel}","templated":true}]}}