{"id":1824,"date":"2024-07-02T11:37:57","date_gmt":"2024-07-02T09:37:57","guid":{"rendered":"https:\/\/www.rentplanet.pl\/?page_id=1824"},"modified":"2024-07-02T12:13:30","modified_gmt":"2024-07-02T10:13:30","slug":"apartment-management-mielno","status":"publish","type":"page","link":"https:\/\/www.rentplanet.pl\/en\/apartment-management-mielno\/","title":{"rendered":"Apartment management &#8211; Mielno"},"content":{"rendered":"<section style=\"background-color:#232633\" class=\"baner relative\">\n\t<img decoding=\"async\" src=\"https:\/\/www.rentplanet.pl\/wp-content\/uploads\/2022\/10\/hero.jpg\" alt=\"\"\/>\n\t\t<div class=\"Container absolute top-1\/2 left-1\/2 transform -translate-x-1\/2 -translate-y-1\/2\">\n\t\t<p>&nbsp;<\/p>\n<p><span style=\"color: #f7f8fa;\"><b><strong>Get ready to make a profit with RentPlanet<\/strong>! \u00a0<\/b><\/span><\/p>\n<h1><span style=\"color: #f7f8fa;\"><b><strong>Apartment management <\/strong> <\/b><b>\u2013 Mielno<\/b><\/span><\/h1>\n<p><span style=\"color: #f7f8fa;\"><strong>Highest profit <\/strong><\/span><\/p>\n<p><span style=\"color: #f7f8fa;\">We earn a high income from apartment rental <\/span><br \/>\n<span style=\"color: #f7f8fa;\">and guarantee transfers to the owners each month.<\/span><\/p>\n<p><span style=\"color: #f7f8fa;\"><strong>Highest prices for stays<\/strong><\/span><\/p>\n<p><span style=\"color: #f7f8fa;\">We achieve high stay prices by implementing thoughtful strategies to <\/span><br \/>\n<span style=\"color: #f7f8fa;\">maximise revenue and optimise occupancy.<\/span><\/p>\n<p><span style=\"color: #f7f8fa;\"><strong>Maximum free time on your hands<\/strong><\/span><\/p>\n<p><span style=\"color: #f7f8fa;\">We manage the apartments in Gda\u0144sk, generating a high income, <\/span><br \/>\n<span style=\"color: #f7f8fa;\">while you gain more time for other ventures.<\/span><\/p>\n\n\t\t\t<\/div>\n\t\t<\/section>\n\n\n\n<div style=\"height:50px\" aria-hidden=\"true\" class=\"wp-block-spacer\"><\/div>\n\n\n<section class=\"py-12\">\n\t<div class=\"\">\n\t\t<div class=\"Container \">\n\t\t\t<h2 style=\"text-align: center;\"><strong>Comprehensive short-term rental management in Mielno<\/strong><\/h2>\n<p style=\"text-align: center;\">Our offer includes:<\/p>\n\n\t\t<\/div>\n\t\t<div class=\"benefits-slider mt-12\">\n\t\t\t<div class=\"swiper\">\n\t\t\t\t<div class=\"swiper-prev-btn\">\n\t\t\t\t\t<?xml version=\"1.0\" encoding=\"UTF-8\"?>\n<svg width=\"16px\" class=\"ml-2\" height=\"15px\" viewBox=\"0 0 16 15\" version=\"1.1\" xmlns=\"http:\/\/www.w3.org\/2000\/svg\" xmlns:xlink=\"http:\/\/www.w3.org\/1999\/xlink\">\n    <title>icons\/ui\/arrow<\/title>\n    <g id=\"Projekt\" stroke=\"none\" stroke-width=\"1\" fill=\"none\" fill-rule=\"evenodd\" stroke-linejoin=\"round\">\n        <g id=\"09-Kontakt\" transform=\"translate(-534.000000, -558.000000)\" fill=\"#FF3E3A\" fill-rule=\"nonzero\" stroke=\"#FF3E3A\">\n            <g id=\"button\" transform=\"translate(376.000000, 538.000000)\">\n                <g id=\"icons\/ui\/arrow\" transform=\"translate(159.000000, 21.000000)\">\n                    <g id=\"arrow-right\" transform=\"translate(6.999590, 7.000000) scale(-1, 1) translate(-6.999590, -7.000000) \">\n                        <polygon id=\"Path\" points=\"13.9991805 7.64 2.43586154 7.63705778 7.89895648 13.10028 6.99923645 14 0 7.00076355 7.00076355 0 7.90048358 0.899720031 2.43586154 6.36446933 13.9991805 6.36\"><\/polygon>\n                    <\/g>\n                <\/g>\n            <\/g>\n        <\/g>\n    <\/g>\n<\/svg>\n\t\t\t\t<\/div>\n\t\t\t\t<div class=\"swiper-next-btn\">\n\t\t\t\t\t<?xml version=\"1.0\" encoding=\"UTF-8\"?>\n<svg width=\"16px\" class=\"ml-2\" height=\"15px\" viewBox=\"0 0 16 15\" version=\"1.1\" xmlns=\"http:\/\/www.w3.org\/2000\/svg\" xmlns:xlink=\"http:\/\/www.w3.org\/1999\/xlink\">\n    <title>icons\/ui\/arrow<\/title>\n    <g id=\"Projekt\" stroke=\"none\" stroke-width=\"1\" fill=\"none\" fill-rule=\"evenodd\" stroke-linejoin=\"round\">\n        <g id=\"09-Kontakt\" transform=\"translate(-534.000000, -558.000000)\" fill=\"#FF3E3A\" fill-rule=\"nonzero\" stroke=\"#FF3E3A\">\n            <g id=\"button\" transform=\"translate(376.000000, 538.000000)\">\n                <g id=\"icons\/ui\/arrow\" transform=\"translate(159.000000, 21.000000)\">\n                    <g id=\"arrow-right\" transform=\"translate(6.999590, 7.000000) scale(-1, 1) translate(-6.999590, -7.000000) \">\n                        <polygon id=\"Path\" points=\"13.9991805 7.64 2.43586154 7.63705778 7.89895648 13.10028 6.99923645 14 0 7.00076355 7.00076355 0 7.90048358 0.899720031 2.43586154 6.36446933 13.9991805 6.36\"><\/polygon>\n                    <\/g>\n                <\/g>\n            <\/g>\n        <\/g>\n    <\/g>\n<\/svg>\n\t\t\t\t<\/div>\n\t\t\t\t<div class=\"swiper-wrapper py-12 cursor-pointer select-none px-4 giant:px-0\">\n\t\t\t\t\t\t\t\t\t\t\t<div class=\"swiper-slide\">\n\t\t\t\t\t\t\t<div class=\"p-12 border border-tertiary rounded-lg text-center h-full\">\n\t\t\t\t\t\t\t\t<p>We prepare and offer apartments for rent through the Noclegi.rentplanet.pl platform and other popular booking sites.<\/p>\n\n\t\t\t\t\t\t\t\t\t\t\t\t\t\t\t\t\t<div class=\"absolute h-[72px] -top-[32px] left-1\/2 transform -translate-x-1\/2 w-[240px] bg-white text-center flex items-center justify-center\"><p><strong>Effective marketing <\/strong><\/p>\n<\/div>\n\t\t\t\t\t\t\t\t\t\t\t\t\t\t\t\t<div class=\"absolute top-8 -left-[16px] flex items-center justify-center bg-white py-2\"><img decoding=\"async\" class=\"\" src=\"https:\/\/www.rentplanet.pl\/wp-content\/uploads\/2022\/10\/01-nowoczesny-marketing.svg\" alt=\"\"\/><\/div>\n\t\t\t\t\t\t\t<\/div>\n\t\t\t\t\t\t<\/div>\n\t\t\t\t\t\t\t\t\t\t\t<div class=\"swiper-slide\">\n\t\t\t\t\t\t\t<div class=\"p-12 border border-tertiary rounded-lg text-center h-full\">\n\t\t\t\t\t\t\t\t<p>We take care of the safety and comfort of your guests 24 hours a day, 7 days a week and all days of the year. We offer guest services in several languages.<\/p>\n\n\t\t\t\t\t\t\t\t\t\t\t\t\t\t\t\t\t<div class=\"absolute h-[72px] -top-[32px] left-1\/2 transform -translate-x-1\/2 w-[240px] bg-white text-center flex items-center justify-center\"><p><strong>Guest services 24\/7\/365<\/strong><\/p>\n<\/div>\n\t\t\t\t\t\t\t\t\t\t\t\t\t\t\t\t<div class=\"absolute top-8 -left-[16px] flex items-center justify-center bg-white py-2\"><img decoding=\"async\" class=\"\" src=\"https:\/\/www.rentplanet.pl\/wp-content\/uploads\/2022\/10\/02-calodobowa-obsluga.svg\" alt=\"\"\/><\/div>\n\t\t\t\t\t\t\t<\/div>\n\t\t\t\t\t\t<\/div>\n\t\t\t\t\t\t\t\t\t\t\t<div class=\"swiper-slide\">\n\t\t\t\t\t\t\t<div class=\"p-12 border border-tertiary rounded-lg text-center h-full\">\n\t\t\t\t\t\t\t\t<p>We optimise occupancy and manage rental prices to maximise the potential of your flat.<\/p>\n\n\t\t\t\t\t\t\t\t\t\t\t\t\t\t\t\t\t<div class=\"absolute h-[72px] -top-[32px] left-1\/2 transform -translate-x-1\/2 w-[240px] bg-white text-center flex items-center justify-center\"><p><strong>Apartment management in Mielno <\/strong><\/p>\n<\/div>\n\t\t\t\t\t\t\t\t\t\t\t\t\t\t\t\t<div class=\"absolute top-8 -left-[16px] flex items-center justify-center bg-white py-2\"><img decoding=\"async\" class=\"\" src=\"https:\/\/www.rentplanet.pl\/wp-content\/uploads\/2022\/10\/03-dynamiczne-zmiany-cen-1.svg\" alt=\"\"\/><\/div>\n\t\t\t\t\t\t\t<\/div>\n\t\t\t\t\t\t<\/div>\n\t\t\t\t\t\t\t\t\t\t\t<div class=\"swiper-slide\">\n\t\t\t\t\t\t\t<div class=\"p-12 border border-tertiary rounded-lg text-center h-full\">\n\t\t\t\t\t\t\t\t<p>We take care of your home non-stop. We supply cleaning staff and teams of professionals. We take off your hands the responsibility of constantly looking after your apartment.<\/p>\n\n\t\t\t\t\t\t\t\t\t\t\t\t\t\t\t\t\t<div class=\"absolute h-[72px] -top-[32px] left-1\/2 transform -translate-x-1\/2 w-[240px] bg-white text-center flex items-center justify-center\"><p><strong>Care and service <\/strong><\/p>\n<\/div>\n\t\t\t\t\t\t\t\t\t\t\t\t\t\t\t\t<div class=\"absolute top-8 -left-[16px] flex items-center justify-center bg-white py-2\"><img decoding=\"async\" class=\"\" src=\"https:\/\/www.rentplanet.pl\/wp-content\/uploads\/2022\/10\/04-opieka.svg\" alt=\"\"\/><\/div>\n\t\t\t\t\t\t\t<\/div>\n\t\t\t\t\t\t<\/div>\n\t\t\t\t\t\t\t\t\t\t\t<div class=\"swiper-slide\">\n\t\t\t\t\t\t\t<div class=\"p-12 border border-tertiary rounded-lg text-center h-full\">\n\t\t\t\t\t\t\t\t<p>Together with a team of home stagers, we prepare your apartment so that it is attractive to guests and rents quickly at high prices.<\/p>\n\n\t\t\t\t\t\t\t\t\t\t\t\t\t\t\t\t\t<div class=\"absolute h-[72px] -top-[32px] left-1\/2 transform -translate-x-1\/2 w-[240px] bg-white text-center flex items-center justify-center\"><p><strong>Conscious home staging <\/strong><\/p>\n<\/div>\n\t\t\t\t\t\t\t\t\t\t\t\t\t\t\t\t<div class=\"absolute top-8 -left-[16px] flex items-center justify-center bg-white py-2\"><img decoding=\"async\" class=\"\" src=\"https:\/\/www.rentplanet.pl\/wp-content\/uploads\/2022\/10\/05-home-staging.svg\" alt=\"\"\/><\/div>\n\t\t\t\t\t\t\t<\/div>\n\t\t\t\t\t\t<\/div>\n\t\t\t\t\t\t\t\t\t<\/div>\n\t\t\t<\/div>\n\t\t<\/div>\n\t<\/div>\n<\/section>\n\n\n<section class=\"pt-6 pb-12 md:pb-16 md:pt-10 xl:pb-24\">\n\t<div class=\"mx-auto\"><p style=\"text-align: center;\"><span style=\"text-align: center;\"><strong><span class=\"section__headline\" style=\"color: #ff3e3a;\">STAGES<\/span><\/strong><\/span><\/p>\n<h2 style=\"text-align: center;\"><span class=\"h1\" style=\"text-align: center;\"><strong>Rental management in Mielno step by step <\/strong><\/span><\/h2>\n<p style=\"text-align: center;\">In cooperating with RentPlanet, all it takes is a few easy steps!<\/p>\n<\/div>\n\t\t\t<div class=\"steps Container grid md:grid-cols-2 xl:grid-cols-3 gap-x-24 gap-y-6 md:gap-y-10 lg:gap-y-16 mt-10 md:mt-20\">\n\t\t\t\t\t\t\t\t\t\t\n\t\t\t\t<div class=\"step step1 flex flex-col flex-end\">\n\t\t\t\t\t<div class=\"step__lines flex justify-between relative -left-6\">\n\t\t\t\t\t\t<img decoding=\"async\" src=\"https:\/\/www.rentplanet.pl\/wp-content\/themes\/starter\/dist\/images\/icons\/home\/step.svg\" alt=\"\"\/>\n\t\t\t\t\t\t<img decoding=\"async\" class=\"object-none w-[80%]\" src=\"https:\/\/www.rentplanet.pl\/wp-content\/themes\/starter\/dist\/images\/icons\/home\/dotted-line-top.svg\" alt=\"\"\/>\n\t\t\t\t\t\t<img decoding=\"async\" src=\"https:\/\/www.rentplanet.pl\/wp-content\/themes\/starter\/dist\/images\/icons\/home\/chevron.svg\" alt=\"\"\/>\n\t\t\t\t\t<\/div>\n\t\t\t\t\t<p class=\"font-bold mb-8\">\n\t\t\t\t\t\t<span class=\"text-primaryBrand\">STEP 01<\/span>\n\t\t\t\t\t\t<span class=\"text-tertiary\">\n\t\t\t\t\t\t\t\/ 05<\/span>\n\t\t\t\t\t<\/p>\n\t\t\t\t\t<p><strong>Signing of a contract <\/strong>for the management of apartments in Mielno and handing over the premises to RentPlanet<\/p>\n\n\t\t\t\t<\/div>\n\n\t\t\t\t\t\t\t\n\t\t\t\t<div class=\"step step2 flex flex-col flex-end\">\n\t\t\t\t\t<div class=\"step__lines flex justify-between relative -left-6\">\n\t\t\t\t\t\t<img decoding=\"async\" src=\"https:\/\/www.rentplanet.pl\/wp-content\/themes\/starter\/dist\/images\/icons\/home\/step.svg\" alt=\"\"\/>\n\t\t\t\t\t\t<img decoding=\"async\" class=\"object-none w-[80%]\" src=\"https:\/\/www.rentplanet.pl\/wp-content\/themes\/starter\/dist\/images\/icons\/home\/dotted-line-top.svg\" alt=\"\"\/>\n\t\t\t\t\t\t<img decoding=\"async\" src=\"https:\/\/www.rentplanet.pl\/wp-content\/themes\/starter\/dist\/images\/icons\/home\/chevron.svg\" alt=\"\"\/>\n\t\t\t\t\t<\/div>\n\t\t\t\t\t<p class=\"font-bold mb-8\">\n\t\t\t\t\t\t<span class=\"text-primaryBrand\">STEP 02<\/span>\n\t\t\t\t\t\t<span class=\"text-tertiary\">\n\t\t\t\t\t\t\t\/ 05<\/span>\n\t\t\t\t\t<\/p>\n\t\t\t\t\t<p><strong>Professional preparation of <\/strong>the apartment for rental<\/p>\n\n\t\t\t\t<\/div>\n\n\t\t\t\t\t\t\t\n\t\t\t\t<div class=\"step step3 flex flex-col flex-end\">\n\t\t\t\t\t<div class=\"step__lines flex justify-between relative -left-6\">\n\t\t\t\t\t\t<img decoding=\"async\" src=\"https:\/\/www.rentplanet.pl\/wp-content\/themes\/starter\/dist\/images\/icons\/home\/step.svg\" alt=\"\"\/>\n\t\t\t\t\t\t<img decoding=\"async\" class=\"object-none w-[80%]\" src=\"https:\/\/www.rentplanet.pl\/wp-content\/themes\/starter\/dist\/images\/icons\/home\/dotted-line-top.svg\" alt=\"\"\/>\n\t\t\t\t\t\t<img decoding=\"async\" src=\"https:\/\/www.rentplanet.pl\/wp-content\/themes\/starter\/dist\/images\/icons\/home\/chevron.svg\" alt=\"\"\/>\n\t\t\t\t\t<\/div>\n\t\t\t\t\t<p class=\"font-bold mb-8\">\n\t\t\t\t\t\t<span class=\"text-primaryBrand\">STEP 03<\/span>\n\t\t\t\t\t\t<span class=\"text-tertiary\">\n\t\t\t\t\t\t\t\/ 05<\/span>\n\t\t\t\t\t<\/p>\n\t\t\t\t\t<p><strong>Successful marketing and sale of stays <\/strong>on Booking.com, Expedia, AirBnb, and many others, as well as the noclegi.rentplanet.pl platform<\/p>\n\n\t\t\t\t<\/div>\n\n\t\t\t\t\t\t\t\n\t\t\t\t<div class=\"step step4 flex flex-col flex-end\">\n\t\t\t\t\t<div class=\"step__lines flex justify-between relative -left-6\">\n\t\t\t\t\t\t<img decoding=\"async\" src=\"https:\/\/www.rentplanet.pl\/wp-content\/themes\/starter\/dist\/images\/icons\/home\/step.svg\" alt=\"\"\/>\n\t\t\t\t\t\t<img decoding=\"async\" class=\"object-none w-[80%]\" src=\"https:\/\/www.rentplanet.pl\/wp-content\/themes\/starter\/dist\/images\/icons\/home\/dotted-line-top.svg\" alt=\"\"\/>\n\t\t\t\t\t\t<img decoding=\"async\" src=\"https:\/\/www.rentplanet.pl\/wp-content\/themes\/starter\/dist\/images\/icons\/home\/chevron.svg\" alt=\"\"\/>\n\t\t\t\t\t<\/div>\n\t\t\t\t\t<p class=\"font-bold mb-8\">\n\t\t\t\t\t\t<span class=\"text-primaryBrand\">STEP 04<\/span>\n\t\t\t\t\t\t<span class=\"text-tertiary\">\n\t\t\t\t\t\t\t\/ 05<\/span>\n\t\t\t\t\t<\/p>\n\t\t\t\t\t<p><strong>Apartment rental management <\/strong>in Mielno and comprehensive guest services<\/p>\n\n\t\t\t\t<\/div>\n\n\t\t\t\t\t\t\t\n\t\t\t\t<div class=\"step step5 flex flex-col flex-end\">\n\t\t\t\t\t<div class=\"step__lines flex justify-between relative -left-6\">\n\t\t\t\t\t\t<img decoding=\"async\" src=\"https:\/\/www.rentplanet.pl\/wp-content\/themes\/starter\/dist\/images\/icons\/home\/step.svg\" alt=\"\"\/>\n\t\t\t\t\t\t<img decoding=\"async\" class=\"object-none w-[80%]\" src=\"https:\/\/www.rentplanet.pl\/wp-content\/themes\/starter\/dist\/images\/icons\/home\/dotted-line-top.svg\" alt=\"\"\/>\n\t\t\t\t\t\t<img decoding=\"async\" src=\"https:\/\/www.rentplanet.pl\/wp-content\/themes\/starter\/dist\/images\/icons\/home\/chevron.svg\" alt=\"\"\/>\n\t\t\t\t\t<\/div>\n\t\t\t\t\t<p class=\"font-bold mb-8\">\n\t\t\t\t\t\t<span class=\"text-primaryBrand\">STEP 05<\/span>\n\t\t\t\t\t\t<span class=\"text-tertiary\">\n\t\t\t\t\t\t\t\/ 05<\/span>\n\t\t\t\t\t<\/p>\n\t\t\t\t\t<p>High <strong>profit <\/strong>and more <strong>time <\/strong>for you!<\/p>\n\n\t\t\t\t<\/div>\n\n\t\t\t\t\t<\/div>\n\t<\/section>\n\n\n<section class=\"bg-dark py-12 md:py-24 relative coop\">\n\t<img decoding=\"async\" class=\"absolute -top-[238px] right-0 hidden md:block\" src=\"https:\/\/www.rentplanet.pl\/wp-content\/themes\/starter\/dist\/images\/img\/01-home\/home-04.png\" alt=\"\"\/>\n\t<div class=\"Container\">\n\t\t<div class=\"max-w-[480px]\"><h2><span style=\"color: #f7f8fa;\"><strong>What sets us apart from the competition?<\/strong><\/span><\/h2>\n<p><span style=\"color: #f7f8fa;\">At RentPlanet, we make conscious use of the latest technologies. Thanks to them, we are able to accommodate more guests in your apartment, ensuring their complete safety.<\/span><\/p>\n<p><span style=\"color: #f7f8fa;\">Precursor strategies in short-term rental management enable us to optimise many operational processes. This definitely means more rental income for your property.<\/span><\/p>\n<\/div>\n\t\t<div class=\"grid md:grid-cols-2 gap-12 md:gap-24 mt-12 md:mt-20\">\n\t\t\t\t\t\t\t<div class=\"border-t pt-12 border-tertiary\"><p><span style=\"color: #f7f8fa;\"><strong>Intelligent revenue management systems <\/strong><\/span><\/p>\n<p><span style=\"color: #f7f8fa;\">We are constantly analysing millions of pieces of data in order to determine the best possible rental price for an apartment. We take into account the location, seasonality, standard of equipage and weather forecasts.<\/span><\/p>\n<\/div>\n\t\t\t\t\t\t\t<div class=\"border-t pt-12 border-tertiary\"><p><span style=\"color: #f7f8fa;\"><strong>RentPlanet web application <\/strong><\/span><\/p>\n<p><span style=\"color: #f7f8fa;\">Through a dedicated web application, we enable apartment owners to access real-time monitoring of billing and bookings.<\/span><\/p>\n<\/div>\n\t\t\t\t\t\t\t<div class=\"border-t pt-12 border-tertiary\"><p><span style=\"color: #f7f8fa;\"><strong>Smart locks <\/strong><\/span><\/p>\n<p><span style=\"color: #f7f8fa;\">We implement RentingLock electronic lock systems that generate unique codes for the duration of stay. As a result, we manage access to the flat efficiently and remotely.<\/span><\/p>\n<\/div>\n\t\t\t\t\t\t\t<div class=\"border-t pt-12 border-tertiary\"><p><span style=\"color: #f7f8fa;\"><strong>Electronic check-in cards <\/strong><\/span><\/p>\n<p><span style=\"color: #f7f8fa;\">We provide maximum secure online check-in so that your guests do not have to contact the reception desk.<\/span><\/p>\n<\/div>\n\t\t\t\t\t<\/div>\n\t<\/div>\n<\/section>\n\n\n<div class=\"section__background\"  style=\"background-image:url('https:\/\/www.rentplanet.pl\/wp-content\/uploads\/2022\/10\/home-01.png'); background-position:left; background-repeat:no-repeat; background-size: 45% auto;\"  class=\"\">\n\t<section class=\"Container section flex flex-col gap-y-8 gap-x-4 lg:flex-row justify-between items-center py-8 lg:py-16  \">\n\t\t<div class=\"relative\">\n\t\t\t\t\t\t\t<img decoding=\"async\" class=\"relative z-[2] xxxl:hidden\" src=\"https:\/\/www.rentplanet.pl\/wp-content\/uploads\/2022\/10\/home-01.png\" alt=\"\">\n\t\t\t\t\t\t\t\t<\/div>\n\t\t<div class=\"xl:max-w-[552px]\">\n\t\t\t<h2><strong>On what terms do we rent apartments in Mielno?<\/strong><\/h2>\n<p><strong>Transparency above all<\/strong><\/p>\n<p>At RentPlanet, cooperation with apartment owners is based on a revenue-sharing system. All the responsibilities that come with managing apartments for rent in Mielno are on our side. This means that our partners do not deal with managing the booking calendar or servicing guests. As part of the agreement with our company, we offer:<\/p>\n<ul>\n<li>reliable handling of rental payments<\/li>\n<li>monthly expert revenue analysis<\/li>\n<li>clear accounts and remuneration always on time.<\/li>\n<\/ul>\n\n\t\t<\/div>\n\t<\/section>\n<\/div>\n\n\n<div class=\"section__background\"  style=\"background-image:url('https:\/\/www.rentplanet.pl\/wp-content\/uploads\/2022\/10\/about-01.png'); background-position:right; background-repeat:no-repeat; background-size: 45% auto;\"  class=\"\">\n\t<section class=\"Container section flex flex-col gap-y-8 gap-x-4 lg:flex-row justify-between items-center py-8 lg:py-16  lg:flex-row-reverse\">\n\t\t<div class=\"relative\">\n\t\t\t\t\t\t\t<img decoding=\"async\" class=\"relative z-[2] xxxl:hidden\" src=\"https:\/\/www.rentplanet.pl\/wp-content\/uploads\/2022\/10\/about-01.png\" alt=\"\">\n\t\t\t\t\t\t\t\t<\/div>\n\t\t<div class=\"xl:max-w-[552px]\">\n\t\t\t<h2><strong>Why use our apartment management company in Mielno?<\/strong><\/h2>\n<p><strong>Get ready to make a profit!<\/strong><\/p>\n<p>At RentPlanet, we have been managing short-term and long-term apartment rentals in Mielno for many years. Thanks to our vast knowledge and extensive experience in the tourism industry, we maximise profits for investors, developers and private owners of apartments and flats for rent.<\/p>\n<p><strong>Choose to partner with RentPlanet:<\/strong><\/p>\n<ul>\n<li>More than 350 000 visitors served<\/li>\n<li>More than PLN 130 million bookings handled<\/li>\n<li>Over 1,200 apartments and flats in Poland&#8217;s most popular cities and resorts<\/li>\n<li>Several locations served in Poland<\/li>\n<li>15 years of experience in the property rental industry!<\/li>\n<\/ul>\n\n\t\t<\/div>\n\t<\/section>\n<\/div>\n","protected":false},"excerpt":{"rendered":"","protected":false},"author":1,"featured_media":0,"parent":0,"menu_order":0,"comment_status":"closed","ping_status":"closed","template":"","meta":{"_acf_changed":false,"inline_featured_image":false,"_kad_blocks_custom_css":"","_kad_blocks_head_custom_js":"","_kad_blocks_body_custom_js":"","_kad_blocks_footer_custom_js":"","footnotes":""},"class_list":["post-1824","page","type-page","status-publish","hentry"],"acf":[],"yoast_head":"<!-- This site is optimized with the Yoast SEO plugin v27.3 - https:\/\/yoast.com\/product\/yoast-seo-wordpress\/ -->\n<title>Apartment management Mielno - Management of apartments for rent in Mielno<\/title>\n<meta name=\"description\" content=\"Rental management in Mielno \u2705 Comprehensive apartment management \u2705 We prepare and offer apartments for rent \u1409 Start cooperation with Rentplanet\" \/>\n<meta name=\"robots\" content=\"index, follow, max-snippet:-1, max-image-preview:large, max-video-preview:-1\" \/>\n<link rel=\"canonical\" href=\"https:\/\/www.rentplanet.pl\/en\/apartment-management-mielno\/\" \/>\n<meta property=\"og:locale\" content=\"en_US\" \/>\n<meta property=\"og:type\" content=\"article\" \/>\n<meta property=\"og:title\" content=\"Apartment management Mielno - Management of apartments for rent in Mielno\" \/>\n<meta property=\"og:description\" content=\"Rental management in Mielno \u2705 Comprehensive apartment management \u2705 We prepare and offer apartments for rent \u1409 Start cooperation with Rentplanet\" \/>\n<meta property=\"og:url\" content=\"https:\/\/www.rentplanet.pl\/en\/apartment-management-mielno\/\" \/>\n<meta property=\"og:site_name\" content=\"RentPlanet\" \/>\n<meta property=\"article:modified_time\" content=\"2024-07-02T10:13:30+00:00\" \/>\n<meta name=\"twitter:card\" content=\"summary_large_image\" \/>\n<script type=\"application\/ld+json\" class=\"yoast-schema-graph\">{\"@context\":\"https:\\\/\\\/schema.org\",\"@graph\":[{\"@type\":\"WebPage\",\"@id\":\"https:\\\/\\\/www.rentplanet.pl\\\/en\\\/apartment-management-mielno\\\/\",\"url\":\"https:\\\/\\\/www.rentplanet.pl\\\/en\\\/apartment-management-mielno\\\/\",\"name\":\"Apartment management Mielno - Management of apartments for rent in Mielno\",\"isPartOf\":{\"@id\":\"https:\\\/\\\/www.rentplanet.pl\\\/#website\"},\"datePublished\":\"2024-07-02T09:37:57+00:00\",\"dateModified\":\"2024-07-02T10:13:30+00:00\",\"description\":\"Rental management in Mielno \u2705 Comprehensive apartment management \u2705 We prepare and offer apartments for rent \u1409 Start cooperation with Rentplanet\",\"breadcrumb\":{\"@id\":\"https:\\\/\\\/www.rentplanet.pl\\\/en\\\/apartment-management-mielno\\\/#breadcrumb\"},\"inLanguage\":\"en-US\",\"potentialAction\":[{\"@type\":\"ReadAction\",\"target\":[\"https:\\\/\\\/www.rentplanet.pl\\\/en\\\/apartment-management-mielno\\\/\"]}]},{\"@type\":\"BreadcrumbList\",\"@id\":\"https:\\\/\\\/www.rentplanet.pl\\\/en\\\/apartment-management-mielno\\\/#breadcrumb\",\"itemListElement\":[{\"@type\":\"ListItem\",\"position\":1,\"name\":\"Strona g\u0142\u00f3wna\",\"item\":\"https:\\\/\\\/www.rentplanet.pl\\\/en\\\/\"},{\"@type\":\"ListItem\",\"position\":2,\"name\":\"Apartment management &#8211; Mielno\"}]},{\"@type\":\"WebSite\",\"@id\":\"https:\\\/\\\/www.rentplanet.pl\\\/#website\",\"url\":\"https:\\\/\\\/www.rentplanet.pl\\\/\",\"name\":\"RentPlanet\",\"description\":\"Profesjonalne zarz\u0105dzanie apartamentami z RentPlanet. Maksymalizujemy zysk i precyzyjnie zarz\u0105dzamy Twoj\u0105 inwestycj\u0105.\",\"potentialAction\":[{\"@type\":\"SearchAction\",\"target\":{\"@type\":\"EntryPoint\",\"urlTemplate\":\"https:\\\/\\\/www.rentplanet.pl\\\/?s={search_term_string}\"},\"query-input\":{\"@type\":\"PropertyValueSpecification\",\"valueRequired\":true,\"valueName\":\"search_term_string\"}}],\"inLanguage\":\"en-US\"}]}<\/script>\n<!-- \/ Yoast SEO plugin. -->","yoast_head_json":{"title":"Apartment management Mielno - Management of apartments for rent in Mielno","description":"Rental management in Mielno \u2705 Comprehensive apartment management \u2705 We prepare and offer apartments for rent \u1409 Start cooperation with Rentplanet","robots":{"index":"index","follow":"follow","max-snippet":"max-snippet:-1","max-image-preview":"max-image-preview:large","max-video-preview":"max-video-preview:-1"},"canonical":"https:\/\/www.rentplanet.pl\/en\/apartment-management-mielno\/","og_locale":"en_US","og_type":"article","og_title":"Apartment management Mielno - Management of apartments for rent in Mielno","og_description":"Rental management in Mielno \u2705 Comprehensive apartment management \u2705 We prepare and offer apartments for rent \u1409 Start cooperation with Rentplanet","og_url":"https:\/\/www.rentplanet.pl\/en\/apartment-management-mielno\/","og_site_name":"RentPlanet","article_modified_time":"2024-07-02T10:13:30+00:00","twitter_card":"summary_large_image","schema":{"@context":"https:\/\/schema.org","@graph":[{"@type":"WebPage","@id":"https:\/\/www.rentplanet.pl\/en\/apartment-management-mielno\/","url":"https:\/\/www.rentplanet.pl\/en\/apartment-management-mielno\/","name":"Apartment management Mielno - Management of apartments for rent in Mielno","isPartOf":{"@id":"https:\/\/www.rentplanet.pl\/#website"},"datePublished":"2024-07-02T09:37:57+00:00","dateModified":"2024-07-02T10:13:30+00:00","description":"Rental management in Mielno \u2705 Comprehensive apartment management \u2705 We prepare and offer apartments for rent \u1409 Start cooperation with Rentplanet","breadcrumb":{"@id":"https:\/\/www.rentplanet.pl\/en\/apartment-management-mielno\/#breadcrumb"},"inLanguage":"en-US","potentialAction":[{"@type":"ReadAction","target":["https:\/\/www.rentplanet.pl\/en\/apartment-management-mielno\/"]}]},{"@type":"BreadcrumbList","@id":"https:\/\/www.rentplanet.pl\/en\/apartment-management-mielno\/#breadcrumb","itemListElement":[{"@type":"ListItem","position":1,"name":"Strona g\u0142\u00f3wna","item":"https:\/\/www.rentplanet.pl\/en\/"},{"@type":"ListItem","position":2,"name":"Apartment management &#8211; Mielno"}]},{"@type":"WebSite","@id":"https:\/\/www.rentplanet.pl\/#website","url":"https:\/\/www.rentplanet.pl\/","name":"RentPlanet","description":"Profesjonalne zarz\u0105dzanie apartamentami z RentPlanet. Maksymalizujemy zysk i precyzyjnie zarz\u0105dzamy Twoj\u0105 inwestycj\u0105.","potentialAction":[{"@type":"SearchAction","target":{"@type":"EntryPoint","urlTemplate":"https:\/\/www.rentplanet.pl\/?s={search_term_string}"},"query-input":{"@type":"PropertyValueSpecification","valueRequired":true,"valueName":"search_term_string"}}],"inLanguage":"en-US"}]}},"taxonomy_info":[],"featured_image_src_large":false,"author_info":{"display_name":"kreacja","author_link":"https:\/\/www.rentplanet.pl\/en\/author\/kreacja\/"},"comment_info":0,"_links":{"self":[{"href":"https:\/\/www.rentplanet.pl\/en\/wp-json\/wp\/v2\/pages\/1824","targetHints":{"allow":["GET"]}}],"collection":[{"href":"https:\/\/www.rentplanet.pl\/en\/wp-json\/wp\/v2\/pages"}],"about":[{"href":"https:\/\/www.rentplanet.pl\/en\/wp-json\/wp\/v2\/types\/page"}],"author":[{"embeddable":true,"href":"https:\/\/www.rentplanet.pl\/en\/wp-json\/wp\/v2\/users\/1"}],"replies":[{"embeddable":true,"href":"https:\/\/www.rentplanet.pl\/en\/wp-json\/wp\/v2\/comments?post=1824"}],"version-history":[{"count":4,"href":"https:\/\/www.rentplanet.pl\/en\/wp-json\/wp\/v2\/pages\/1824\/revisions"}],"predecessor-version":[{"id":1885,"href":"https:\/\/www.rentplanet.pl\/en\/wp-json\/wp\/v2\/pages\/1824\/revisions\/1885"}],"wp:attachment":[{"href":"https:\/\/www.rentplanet.pl\/en\/wp-json\/wp\/v2\/media?parent=1824"}],"curies":[{"name":"wp","href":"https:\/\/api.w.org\/{rel}","templated":true}]}}